{"id":11,"date":"2012-07-05T05:12:20","date_gmt":"2012-07-05T05:12:20","guid":{"rendered":"http:\/\/www.ealc.info\/?page_id=11&#038;lang=de"},"modified":"2021-06-14T05:58:50","modified_gmt":"2021-06-14T05:58:50","slug":"zuchtercheck","status":"publish","type":"page","link":"https:\/\/www.ealc.info\/cs\/vyber-chovatele\/","title":{"rendered":"V\u00fdb\u011br chovatele"},"content":{"rendered":"<p><\/p>\n<h1><span class=\"Y2IQFc\" lang=\"cs\">Spr\u00e1vn\u00fd chovatel pro \u201emou\u201c Catahoulu!<\/span><\/h1>\n<div id=\"attachment_581\" style=\"width: 310px\" class=\"wp-caption aligncenter\"><a href=\"https:\/\/www.ealc.info\/wp-content\/uploads\/2012\/07\/catahoulawelpen1.jpg\"><img aria-describedby=\"caption-attachment-581\" loading=\"lazy\" class=\"size-medium wp-image-581\" title=\"catahoulawelpen1\" src=\"https:\/\/www.ealc.info\/wp-content\/uploads\/2012\/07\/catahoulawelpen1-300x225.jpg\" alt=\"\" width=\"300\" height=\"225\" srcset=\"https:\/\/www.ealc.info\/wp-content\/uploads\/2012\/07\/catahoulawelpen1-300x225.jpg 300w, https:\/\/www.ealc.info\/wp-content\/uploads\/2012\/07\/catahoulawelpen1.jpg 1024w\" sizes=\"(max-width: 300px) 100vw, 300px\" \/><\/a><p id=\"caption-attachment-581\" class=\"wp-caption-text\">Catahoulapuppies<\/p><\/div>\n<p style=\"text-align: center;\"><strong>Informace pro budouc\u00ed majitele catahouly, kte\u0159\u00ed hledaj\u00ed vhodn\u00e9ho chovatele<\/strong><\/p>\n<p>Seznam d\u016fle\u017eit\u00fdch informac\u00ed k tomu, jak si vybrat chovatele:<\/p>\n<ul>\n<li>Informace o rodi\u010d\u00edch \u2013 barva srsti, zdrav\u00ed, ky\u010dle (HD), povaha, atd.<\/li>\n<li>One of parents is preferred being of solid color to avoid a risk of excessive white-colored offsprings with a negative impact on their health.<\/li>\n<li>Jeden z rodi\u010d\u016f by m\u011bl b\u00fdt rad\u0161i jednobarevn\u00fd, aby se nenarodila p\u0159\u00edli\u0161 b\u00edl\u00e1 \u0161t\u011b\u0148ata a zmen\u0161ilo se riziko zdravotn\u00edch probl\u00e9m\u016f.<\/li>\n<li>Matka by m\u011bla b\u00fdt alespo\u0148 dvoulet\u00e1, kdy\u017e m\u00e1 prvn\u00ed vrh.<\/li>\n<li>\u0160t\u011b\u0148ata by nem\u011bla b\u00fdt p\u0159eprod\u00e1na od jin\u00e9ho chovatele!<\/li>\n<li>Fena by m\u011bla m\u00edt p\u0159ed porodem klid.<\/li>\n<li>Klid by m\u011bla m\u00edt i \u0161t\u011b\u0148ata prvn\u00ed 3\u20134 t\u00fddny \u017eivota.<\/li>\n<li>Ran\u00e1 socializace v prost\u0159ed\u00ed, mezi psy, lidmi a dal\u0161\u00edmi zv\u00ed\u0159aty \u2013 m\u00e1 b\u00fdt dostate\u010dn\u00e1, ale ne p\u0159ehnan\u00e1.<\/li>\n<li>BAER test pro \u0161t\u011b\u0148ata, kde je v\u011bt\u0161\u00ed riziko hluchoty.<\/li>\n<li>Chovatel m\u00e1 v dan\u00e9 chv\u00edli jeden vrh a m\u00e1 zku\u0161enosti s t\u00edmto plemenem.<\/li>\n<li>Chovatel zn\u00e1 sv\u00e1 \u0161t\u011b\u0148ata a m\u016f\u017ee poskytnout dobr\u00e9 rady i pro v\u00fdb\u011br spr\u00e1vn\u00e9ho \u0161t\u011bn\u011bte.<\/li>\n<li>Chovatel odm\u00edt\u00e1 prodej po internetu a chce se s v\u00e1mi setkat a poznat v\u00e1s.<\/li>\n<\/ul>\n<p>Abyste si byli jist\u00ed, \u017ee jste na\u0161li dobr\u00e9ho a spolehliv\u00e9ho chovatele pro va\u0161eho budouc\u00edho leoparda, mus\u00edte tak\u00e9 zv\u00e1\u017eit n\u00e1sleduj\u00edc\u00ed fakta:<\/p>\n<p>Nejd\u0159\u00edve ze v\u0161eho byste m\u011bli od chovatele z\u00edskat informace o rodi\u010d\u00edch.<\/p>\n<p>Louisiana catahoula je siln\u00e9 a st\u00e1le je\u0161t\u011b zdrav\u00e9 plemeno. Nicm\u00e9n\u011b, n\u011bkter\u00e9 skute\u010dnosti je t\u0159eba zv\u00e1\u017eit.<\/p>\n<p>Za prv\u00e9, oba rodi\u010de by m\u011bli b\u00fdt zdrav\u00ed. M\u011bli byste si vy\u017e\u00e1dat hodnocen\u00ed ky\u010dl\u00ed (dyspl\u00e1zie) a ostatn\u00ed testy, v\u010detn\u011b BAER\u00a0 testu, pokud je t\u0159eba.<\/p>\n<p>V\u011bt\u0161ina LC jsou nosi\u010di <a href=\"https:\/\/www.ealc.info\/cs\/die-sache-mit-dem-merle-gen\/\">merle genu<\/a>. Pokud p\u0159eva\u017euje b\u00edl\u00e1 barva srsti, m\u016f\u017ee to b\u00fdt p\u0159\u00ed\u010dinou jednostrann\u00e9 nebo oboustrann\u00e9 hluchoty.<\/p>\n<p>Breeder should be informed well on problems concerning merle x merle breeding and its consequences.<\/p>\n<p>Chovatel by m\u011bl b\u00fdt dob\u0159e informov\u00e1n o problematice a d\u016fsledc\u00edch merle x merle kombinac\u00ed.<\/p>\n<p>Jak dnes v\u00edme, mohou i celobarevn\u00ed psi n\u00e9st merle gen. BAER test by m\u011bl b\u00fdt proveden u ka\u017ed\u00e9ho \u0161t\u011bn\u011bte, kter\u00e9 m\u00e1 rizikov\u011bj\u0161\u00ed zbarven\u00ed, aby se vylou\u010dila hluchota. Kombinace viditeln\u00fdch merle rodi\u010d\u016f nese v\u011bt\u0161\u00ed riziko pro zdrav\u00ed \u0161t\u011b\u0148at.<\/p>\n<p>Bohu\u017eel se \u010das od \u010dasu stane, \u017ee jsou \u0161t\u011b\u0148ata zakoupena tzv. \u201echovateli\u201c a potom v\u00fdhodn\u011b prod\u00e1na d\u00e1le. P\u016fvodn\u00ed chovatel o tom v\u011bt\u0161inou nen\u00ed informov\u00e1n. Pokud m\u00e1te pochybnosti, ujist\u011bte se, \u017ee se \u0161t\u011b\u0148ata narodila a byla odchov\u00e1na dan\u00fdm chovatelem.<\/p>\n<p>V\u011bk feny hraje d\u016fle\u017eitou roli. Fena by nem\u011bla b\u00fdt mlad\u0161\u00ed ne\u017e dva roky, kdy\u017e m\u00e1 sv\u016fj prvn\u00ed vrh. Feny, kter\u00e9 jsou p\u0159\u00edli\u0161 mlad\u00e9, jsou \u010dasto p\u0159et\u00ed\u017een\u00e9 a to m\u016f\u017ee m\u00edt negativn\u00ed vliv na \u0161t\u011b\u0148ata a jejich v\u00fdvoj. Psi z takov\u00fdch odchov\u016f jsou \u010dasto nerv\u00f3zn\u00ed a neklidn\u00ed, proto\u017ee jejich prvn\u00edm p\u0159\u00edkladem v \u017eivot\u011b je jejich matka.<\/p>\n<p>Doba p\u0159ed porodem je tak\u00e9 velmi d\u016fle\u017eit\u00e1. Jestli\u017ee je fena vystavena p\u0159\u00edli\u0161n\u00e9mu stresu d\u00edky nevhodn\u00fdm \u017eivotn\u00edm podm\u00ednk\u00e1m, stresov\u00e9 hormony v jej\u00edm krevn\u00edm ob\u011bhu maj\u00ed negativn\u00ed vliv na nenarozen\u00e1 \u0161t\u011b\u0148ata. Pokud je fena p\u0159\u00edli\u0161 stresovan\u00e1, nem\u016f\u017ee v klidu odchovat sv\u00e1 \u0161t\u011b\u0148ata.<\/p>\n<p>To siln\u011b ovliv\u0148uje tak\u00e9 stresov\u00e9 hormony \u0161t\u011b\u0148at a m\u016f\u017ee to v\u00e9st k probl\u00e9m\u016fm p\u0159i jejich dal\u0161\u00edm v\u00fdvoji. Siln\u00e1 nervozita a nejistota m\u016f\u017ee b\u00fdt typick\u00fdm symptomem.<\/p>\n<p>Zku\u0161en\u00fd a dobr\u00fd chovatel m\u016f\u017ee zajistit klidn\u00e9 prost\u0159ed\u00ed, kde m\u016f\u017ee fena pe\u010dovat o \u0161t\u011b\u0148ata v prvn\u00edch t\u00fddnech.<\/p>\n<p>Je tak\u00e9 velmi d\u016fle\u017eit\u00e9, aby se fena mohla o sv\u00e1 \u0161t\u011b\u0148ata starat bez zbyte\u010dn\u00fdch vn\u011bj\u0161\u00edch rozruch\u016f v prvn\u00edch 3\u20134 t\u00fddnech.<\/p>\n<p>Po t\u00e9to dob\u011b by m\u011bla nastat ran\u00e1 socializace v prost\u0159ed\u00ed, zvuk\u016fm, lidem, ostatn\u00edm zv\u00ed\u0159at\u016fm (pokud jsou v dom\u011b) a ostatn\u00edm ps\u016fm.<\/p>\n<p>Dobr\u00e9ho chovatele bude tak\u00e9 zaj\u00edmat, co m\u00e1te v \u00famyslu se sv\u00fdm leopardem d\u011blat.<\/p>\n<p>Chce se s v\u00e1mi sezn\u00e1mit, zn\u00e1 plemeno a zn\u00e1 sv\u00e1 \u0161t\u011b\u0148ata a jejich osobnosti tak dob\u0159e, \u017ee v\u00e1m m\u016f\u017ee poradit p\u0159i v\u00fdb\u011bru spr\u00e1vn\u00e9ho jedince. M\u016f\u017ee v\u00e1m tak\u00e9 prozradit detaily o povah\u00e1ch jeho rodi\u010d\u016f.<\/p>\n<p>Siln\u011b nedoporu\u010dujeme internetov\u00fd prodej!<\/p>\n<p>&nbsp;<\/p>\n<p>&nbsp;<\/p>\n<p>&nbsp;<\/p>","protected":false},"excerpt":{"rendered":"<p>Spr\u00e1vn\u00fd chovatel pro \u201emou\u201c Catahoulu! Informace pro budouc\u00ed majitele catahouly, kte\u0159\u00ed hledaj\u00ed vhodn\u00e9ho chovatele Seznam d\u016fle\u017eit\u00fdch informac\u00ed k tomu, jak si vybrat chovatele: Informace o rodi\u010d\u00edch \u2013 barva srsti, zdrav\u00ed, ky\u010dle (HD), povaha, atd. One of parents is preferred being &hellip; <a href=\"https:\/\/www.ealc.info\/cs\/vyber-chovatele\/\">Cel\u00fd p\u0159\u00edsp\u011bvek <span class=\"meta-nav\">&rarr;<\/span><\/a><\/p>\n","protected":false},"author":1,"featured_media":0,"parent":0,"menu_order":30,"comment_status":"closed","ping_status":"closed","template":"","meta":[],"_links":{"self":[{"href":"https:\/\/www.ealc.info\/cs\/wp-json\/wp\/v2\/pages\/11"}],"collection":[{"href":"https:\/\/www.ealc.info\/cs\/wp-json\/wp\/v2\/pages"}],"about":[{"href":"https:\/\/www.ealc.info\/cs\/wp-json\/wp\/v2\/types\/page"}],"author":[{"embeddable":true,"href":"https:\/\/www.ealc.info\/cs\/wp-json\/wp\/v2\/users\/1"}],"replies":[{"embeddable":true,"href":"https:\/\/www.ealc.info\/cs\/wp-json\/wp\/v2\/comments?post=11"}],"version-history":[{"count":102,"href":"https:\/\/www.ealc.info\/cs\/wp-json\/wp\/v2\/pages\/11\/revisions"}],"predecessor-version":[{"id":4219,"href":"https:\/\/www.ealc.info\/cs\/wp-json\/wp\/v2\/pages\/11\/revisions\/4219"}],"wp:attachment":[{"href":"https:\/\/www.ealc.info\/cs\/wp-json\/wp\/v2\/media?parent=11"}],"curies":[{"name":"wp","href":"https:\/\/api.w.org\/{rel}","templated":true}]}}