{"id":16,"date":"2012-07-05T05:13:36","date_gmt":"2012-07-05T05:13:36","guid":{"rendered":"http:\/\/www.ealc.info\/?page_id=16&#038;lang=de"},"modified":"2021-06-14T05:59:31","modified_gmt":"2021-06-14T05:59:31","slug":"team","status":"publish","type":"page","link":"https:\/\/www.ealc.info\/cs\/tym\/","title":{"rendered":"T\u00fdm"},"content":{"rendered":"<p><\/p>\n<h1><span style=\"color: #5b1e00;\">Anke Boysen<\/span><\/h1>\n<h1><a href=\"https:\/\/www.ealc.info\/wp-content\/uploads\/2021\/03\/118319652_3445785525461056_1926372744896144103_o.jpg\"><img loading=\"lazy\" class=\"alignleft size-medium wp-image-3691\" src=\"https:\/\/www.ealc.info\/wp-content\/uploads\/2021\/03\/118319652_3445785525461056_1926372744896144103_o-225x300.jpg\" alt=\"\" width=\"225\" height=\"300\" srcset=\"https:\/\/www.ealc.info\/wp-content\/uploads\/2021\/03\/118319652_3445785525461056_1926372744896144103_o-225x300.jpg 225w, https:\/\/www.ealc.info\/wp-content\/uploads\/2021\/03\/118319652_3445785525461056_1926372744896144103_o-768x1023.jpg 768w, https:\/\/www.ealc.info\/wp-content\/uploads\/2021\/03\/118319652_3445785525461056_1926372744896144103_o-769x1024.jpg 769w, https:\/\/www.ealc.info\/wp-content\/uploads\/2021\/03\/118319652_3445785525461056_1926372744896144103_o.jpg 1537w\" sizes=\"(max-width: 225px) 100vw, 225px\" \/><\/a><\/h1>\n<p>&nbsp;<\/p>\n<p>&nbsp;<\/p>\n<p>&nbsp;<\/p>\n<p>&nbsp;<\/p>\n<p>&nbsp;<\/p>\n<p>&nbsp;<\/p>\n<p>&nbsp;<\/p>\n<ul>\n<li>spoluzakladatel EALC<\/li>\n<li>organizace<\/li>\n<li>Poradenstv\u00ed<\/li>\n<li><span style=\"color: #ff9900;\"><a href=\"https:\/\/www.ealc.info\/wp-content\/uploads\/2017\/01\/Vita-Boysen_eng.pdf\" target=\"_blank\" rel=\"noopener\">kvalifikace a zivotopis (klikn\u011bte zde)<\/a><\/span><\/li>\n<li>Kontakt: <a href=\"mailto:catahoula@ealc.info\">catahoula@ealc.info<\/a>\u00a0 Tel. +49 151-1410 1907<\/li>\n<\/ul>\n<hr \/>\n<h1><span style=\"color: #5b1e00;\">Stephanie Lang von Langen<\/span><\/h1>\n<p><a href=\"https:\/\/www.ealc.info\/wp-content\/uploads\/2021\/03\/161218719_4013413798698223_2953102673009470525_n.jpg\"><img loading=\"lazy\" class=\"alignleft size-medium wp-image-3725\" src=\"https:\/\/www.ealc.info\/wp-content\/uploads\/2021\/03\/161218719_4013413798698223_2953102673009470525_n-300x266.jpg\" alt=\"\" width=\"300\" height=\"266\" srcset=\"https:\/\/www.ealc.info\/wp-content\/uploads\/2021\/03\/161218719_4013413798698223_2953102673009470525_n-300x266.jpg 300w, https:\/\/www.ealc.info\/wp-content\/uploads\/2021\/03\/161218719_4013413798698223_2953102673009470525_n-768x680.jpg 768w, https:\/\/www.ealc.info\/wp-content\/uploads\/2021\/03\/161218719_4013413798698223_2953102673009470525_n.jpg 786w\" sizes=\"(max-width: 300px) 100vw, 300px\" \/><\/a><\/p>\n<p>&nbsp;<\/p>\n<p>&nbsp;<\/p>\n<p>&nbsp;<\/p>\n<p>&nbsp;<\/p>\n<p>&nbsp;<\/p>\n<p>&nbsp;<\/p>\n<ul>\n<li>spoluzakladatel EALC<\/li>\n<li>organizace<\/li>\n<li>Poradenstv\u00ed<\/li>\n<li><a href=\"https:\/\/www.ealc.info\/wp-content\/uploads\/2012\/08\/Stephanie-Lang-von-Langen-CV.pdf\" target=\"_blank\" rel=\"noopener\"><span style=\"color: #ff9900;\">kvalifikace a\u00a0zivotopis (klikn\u011bte zde)<\/span><\/a><\/li>\n<li>Kontakt: <a href=\"mailto:catahoula@ealc.info\">catahoula@ealc.info<\/a>\u00a0 Tel. +49 157 394 57 102<\/li>\n<\/ul>\n<hr \/>\n<h1><span style=\"color: #5b1e00;\">Janine Kretschmann<\/span><\/h1>\n<p style=\"text-align: left;\"><a href=\"https:\/\/www.ealc.info\/wp-content\/uploads\/2021\/03\/WhatsApp-Image-2021-03-11-at-07.23.18.jpeg\"><img loading=\"lazy\" class=\"alignleft size-medium wp-image-3690\" src=\"https:\/\/www.ealc.info\/wp-content\/uploads\/2021\/03\/WhatsApp-Image-2021-03-11-at-07.23.18-199x300.jpeg\" alt=\"\" width=\"199\" height=\"300\" srcset=\"https:\/\/www.ealc.info\/wp-content\/uploads\/2021\/03\/WhatsApp-Image-2021-03-11-at-07.23.18-199x300.jpeg 199w, https:\/\/www.ealc.info\/wp-content\/uploads\/2021\/03\/WhatsApp-Image-2021-03-11-at-07.23.18.jpeg 509w\" sizes=\"(max-width: 199px) 100vw, 199px\" \/><\/a><\/p>\n<p>&nbsp;<\/p>\n<p>&nbsp;<\/p>\n<p>&nbsp;<\/p>\n<p>&nbsp;<\/p>\n<p>&nbsp;<\/p>\n<p>&nbsp;<\/p>\n<p>&nbsp;<\/p>\n<ul>\n<li>organizace<\/li>\n<li>Poradenstv\u00ed<\/li>\n<li>Kontakt:\u00a0<a href=\"mailto:catahoula@ealc.info\">catahoula@ealc.info<\/a>\u00a0Tel. +49 178 458 7014<br \/>\n<hr \/>\n<\/li>\n<\/ul>\n<p>Na v\u011bt\u0161\u00edch akc\u00edch je aktivn\u00ed n\u00e1\u0161 <strong>organiza\u010dn\u00ed t\u00fdm<\/strong>, st\u00e1l\u00fd zam\u011bstnanec \u010dlen\u016f EALC z r\u016fzn\u00fdch evropsk\u00fdch zem\u00ed. T\u00fdm podporuje realizaci workshop\u016f, organizaci akce na m\u00edst\u011b, hodnocen\u00ed sout\u011b\u017e\u00ed atd.<\/p>\n<h1><\/h1>\n<h1><\/h1>\n<h1><\/h1>\n<h1><\/h1>\n<p><\/p>","protected":false},"excerpt":{"rendered":"<p>Anke Boysen &nbsp; &nbsp; &nbsp; &nbsp; &nbsp; &nbsp; &nbsp; spoluzakladatel EALC organizace Poradenstv\u00ed kvalifikace a zivotopis (klikn\u011bte zde) Kontakt: catahoula@ealc.info\u00a0 Tel. +49 151-1410 1907 Stephanie Lang von Langen &nbsp; &nbsp; &nbsp; &nbsp; &nbsp; &nbsp; spoluzakladatel EALC organizace Poradenstv\u00ed kvalifikace a\u00a0zivotopis &hellip; <a href=\"https:\/\/www.ealc.info\/cs\/tym\/\">Cel\u00fd p\u0159\u00edsp\u011bvek <span class=\"meta-nav\">&rarr;<\/span><\/a><\/p>\n","protected":false},"author":1,"featured_media":0,"parent":0,"menu_order":50,"comment_status":"closed","ping_status":"closed","template":"","meta":[],"_links":{"self":[{"href":"https:\/\/www.ealc.info\/cs\/wp-json\/wp\/v2\/pages\/16"}],"collection":[{"href":"https:\/\/www.ealc.info\/cs\/wp-json\/wp\/v2\/pages"}],"about":[{"href":"https:\/\/www.ealc.info\/cs\/wp-json\/wp\/v2\/types\/page"}],"author":[{"embeddable":true,"href":"https:\/\/www.ealc.info\/cs\/wp-json\/wp\/v2\/users\/1"}],"replies":[{"embeddable":true,"href":"https:\/\/www.ealc.info\/cs\/wp-json\/wp\/v2\/comments?post=16"}],"version-history":[{"count":140,"href":"https:\/\/www.ealc.info\/cs\/wp-json\/wp\/v2\/pages\/16\/revisions"}],"predecessor-version":[{"id":4334,"href":"https:\/\/www.ealc.info\/cs\/wp-json\/wp\/v2\/pages\/16\/revisions\/4334"}],"wp:attachment":[{"href":"https:\/\/www.ealc.info\/cs\/wp-json\/wp\/v2\/media?parent=16"}],"curies":[{"name":"wp","href":"https:\/\/api.w.org\/{rel}","templated":true}]}}