{"id":19,"date":"2012-07-05T05:14:04","date_gmt":"2012-07-05T05:14:04","guid":{"rendered":"http:\/\/www.ealc.info\/?page_id=19&#038;lang=de"},"modified":"2025-05-03T09:06:49","modified_gmt":"2025-05-03T09:06:49","slug":"catahoula-rescue","status":"publish","type":"page","link":"https:\/\/www.ealc.info\/cs\/catahoula-zachranu\/","title":{"rendered":"Zachra\u0148te Catahoulu"},"content":{"rendered":"<p><\/p>\n<h3 style=\"text-align: justify;\"><span style=\"color: #491800;\">Na t\u00e9to str\u00e1nce chceme uve\u0159ej\u0148ovat LC, kter\u00e9 hledaj\u00ed nov\u00e9ho p\u00e1na a pot\u0159ebuj\u00ed pomoc!\u00a0\u00a0 <\/span><\/h3>\n<p style=\"text-align: justify;\">Pos\u00edlejte to na <a href=\"mailto:anke.boysen@catahoula-leopard-dog.de\">anke.boysen@catahoula-leopard-dog.de<\/a> (pros\u00edm v\u010detn\u011b v\u0161ech nezbytb\u00fdch informac\u00ed a fotek).<\/p>\n<p style=\"text-align: justify;\">\u017d\u00e1dn\u00e1 inzerce vrh\u016f od chovatel\u016f!<\/p>\n<p><strong>28.03.2018<\/strong><\/p>\n<p>CATAHOULA BOY z BRATISLAVA hled\u00e1 nov\u00fd domov<\/p>\n<p><a href=\"https:\/\/www.ealc.info\/wp-content\/uploads\/2018\/03\/29541474_10208662589800430_8580424808865754971_n.jpg\"><img loading=\"lazy\" class=\"aligncenter wp-image-3038\" src=\"https:\/\/www.ealc.info\/wp-content\/uploads\/2018\/03\/29541474_10208662589800430_8580424808865754971_n.jpg\" alt=\"\" width=\"249\" height=\"444\" srcset=\"https:\/\/www.ealc.info\/wp-content\/uploads\/2018\/03\/29541474_10208662589800430_8580424808865754971_n.jpg 539w, https:\/\/www.ealc.info\/wp-content\/uploads\/2018\/03\/29541474_10208662589800430_8580424808865754971_n-168x300.jpg 168w\" sizes=\"(max-width: 249px) 100vw, 249px\" \/><\/a><\/p>\n<p>Zpr\u00e1va majitele rebel\u016f:<\/p>\n<p>&#8222;S\u00farne sa h\u013ead\u00e1 miluj\u00faci domov pre psa REBELA, naroden\u00fd 11.11.2011, rasa luisiansk\u00fd leopard\u00ed pes.<br \/>\nDomov h\u013ead\u00e1 z rodinn\u00fdch d\u00f4vodov, nie je vhodn\u00fd k m<span class=\"text_exposed_show\">al\u00fdm de\u0165om. Potrebuje sk\u00fasen\u00e9ho majite\u013ea, dostatok pohybu.<br \/>\nRebel je vet.o\u0161etren\u00fd, kastrovan\u00fd. Na adopciu cez adop\u010dn\u00fa zmluvu. Len do dobr\u00fdch r\u00fak.&#8220;<\/span><\/p>\n<p>Kontakt a dal\u0161\u00ed informace:<\/p>\n<p>E-Mail:\u00a0darko089@gmail.com<\/p>\n<p>my number + 421 944 397 132\u00a0 (Bratislava)<\/p>\n<p>&nbsp;<\/p>\n<h3 style=\"text-align: justify;\"><strong><span style=\"color: #800000;\">Bones found a new home!<\/span><\/strong><\/h3>\n<h3 style=\"text-align: justify;\"><strong>The young Catahoula Boy Bones ist looking for a dog experienced, loving\u00a0 family who wants to give him a task!<\/strong><\/h3>\n<div>\n<div>\n<p style=\"text-align: justify;\"><a href=\"https:\/\/www.ealc.info\/wp-content\/uploads\/2012\/07\/40_-1075913667.jpg\"><img loading=\"lazy\" src=\"https:\/\/www.ealc.info\/wp-content\/uploads\/2012\/07\/40_-1075913667-300x264.jpg\" alt=\"40_-1075913667\" width=\"300\" height=\"264\" \/><\/a><\/p>\n<p style=\"text-align: justify;\">Bones is 1 year old.\u00a0At his first home they have\u00a0no more time for him.\u00a0 Bones is very lovely, but also very agile &#8211; a Catahoula!<\/p>\n<p style=\"text-align: justify;\"><a href=\"https:\/\/www.ealc.info\/wp-content\/uploads\/2012\/07\/40_-438377778.jpg\"><img loading=\"lazy\" class=\"alignleft size-medium wp-image-1727\" src=\"https:\/\/www.ealc.info\/wp-content\/uploads\/2012\/07\/40_-438377778-224x300.jpg\" alt=\"40_-438377778\" width=\"224\" height=\"300\" srcset=\"https:\/\/www.ealc.info\/wp-content\/uploads\/2012\/07\/40_-438377778-224x300.jpg 224w, https:\/\/www.ealc.info\/wp-content\/uploads\/2012\/07\/40_-438377778.jpg 431w\" sizes=\"(max-width: 224px) 100vw, 224px\" \/><\/a>Living in a pack is no problem for him. He is very compliant with other dogs.<\/p>\n<p style=\"text-align: justify;\">At the moment he don\u00b4t wants to stay alone at home. But we are sure he can learn it. Also he needs of course further\u00a0training &#8211; going on leash, basic commands etc.<\/p>\n<p style=\"text-align: justify;\">Bones loves children.<\/p>\n<p style=\"text-align: justify;\"><a href=\"https:\/\/www.ealc.info\/wp-content\/uploads\/2012\/07\/40_688514351.jpg\"><img loading=\"lazy\" src=\"https:\/\/www.ealc.info\/wp-content\/uploads\/2012\/07\/40_688514351-300x255.jpg\" alt=\"40_688514351\" width=\"300\" height=\"255\" \/><\/a><\/p>\n<p style=\"text-align: justify;\">He is vaccinated, with microchip and dewormed.Currently he is at a\u00a0shelter in Austria.<\/p>\n<p style=\"text-align: left;\"><strong>More pictures:<\/strong> <a href=\"http:\/\/www.facebook.com\/l.php?u=http%3A%2F%2Fwww.willhaben.at%2Fiad%2Fkaufen-und-verkaufen%2Ftiere-zubehoer%2Fcatahoula-leoparden-dog-bones-80991640%3FadId%3D80991640&amp;h=CAQF2zhGo\" target=\"_blank\" rel=\"nofollow noopener\">http:\/\/www.willhaben.at\/iad\/kaufen-und-verkaufen\/tiere-zubehoer\/catahoula-leoparden-dog-bones-80991640?adId=80991640<\/a><\/p>\n<table>\n<tbody>\n<tr>\n<th><\/th>\n<td><\/td>\n<\/tr>\n<tr>\n<th><\/th>\n<td><\/td>\n<\/tr>\n<tr>\n<th><\/th>\n<td><\/td>\n<\/tr>\n<\/tbody>\n<\/table>\n<\/div>\n<\/div>\n<h2><\/h2>\n<h2><span style=\"color: #800000;\">Baja m\u00e1 dobr\u00e9 m\u00edsto na\u0161el!<\/span><\/h2>\n<p><a href=\"https:\/\/www.ealc.info\/wp-content\/uploads\/2012\/07\/Baja-004.jpg\"><img loading=\"lazy\" class=\"aligncenter size-medium wp-image-1308\" title=\"Baja 004\" src=\"https:\/\/www.ealc.info\/wp-content\/uploads\/2012\/07\/Baja-004-300x225.jpg\" alt=\"\" width=\"300\" height=\"225\" srcset=\"https:\/\/www.ealc.info\/wp-content\/uploads\/2012\/07\/Baja-004-300x225.jpg 300w, https:\/\/www.ealc.info\/wp-content\/uploads\/2012\/07\/Baja-004.jpg 640w\" sizes=\"(max-width: 300px) 100vw, 300px\" \/><\/a><\/p>\n<p><a href=\"https:\/\/www.ealc.info\/wp-content\/uploads\/2012\/07\/Baja-003.jpg\"><img loading=\"lazy\" class=\"aligncenter size-medium wp-image-1309\" title=\"Baja 003\" src=\"https:\/\/www.ealc.info\/wp-content\/uploads\/2012\/07\/Baja-003-300x225.jpg\" alt=\"\" width=\"300\" height=\"225\" srcset=\"https:\/\/www.ealc.info\/wp-content\/uploads\/2012\/07\/Baja-003-300x225.jpg 300w, https:\/\/www.ealc.info\/wp-content\/uploads\/2012\/07\/Baja-003.jpg 640w\" sizes=\"(max-width: 300px) 100vw, 300px\" \/><\/a><a href=\"https:\/\/www.ealc.info\/wp-content\/uploads\/2012\/07\/Baja-001.jpg\"><img loading=\"lazy\" class=\"aligncenter size-medium wp-image-1310\" title=\"Baja 001\" src=\"https:\/\/www.ealc.info\/wp-content\/uploads\/2012\/07\/Baja-001-300x225.jpg\" alt=\"\" width=\"300\" height=\"225\" srcset=\"https:\/\/www.ealc.info\/wp-content\/uploads\/2012\/07\/Baja-001-300x225.jpg 300w, https:\/\/www.ealc.info\/wp-content\/uploads\/2012\/07\/Baja-001.jpg 640w\" sizes=\"(max-width: 300px) 100vw, 300px\" \/><\/a><\/p>\n<p style=\"text-align: center;\">\n<p><\/p>","protected":false},"excerpt":{"rendered":"<p>Leider ist der Eintrag nur auf Angli\u010dtina (Usa) und N\u011bm\u010dina verf\u00fcgbar.<\/p>\n","protected":false},"author":1,"featured_media":0,"parent":0,"menu_order":70,"comment_status":"closed","ping_status":"closed","template":"","meta":[],"_links":{"self":[{"href":"https:\/\/www.ealc.info\/cs\/wp-json\/wp\/v2\/pages\/19"}],"collection":[{"href":"https:\/\/www.ealc.info\/cs\/wp-json\/wp\/v2\/pages"}],"about":[{"href":"https:\/\/www.ealc.info\/cs\/wp-json\/wp\/v2\/types\/page"}],"author":[{"embeddable":true,"href":"https:\/\/www.ealc.info\/cs\/wp-json\/wp\/v2\/users\/1"}],"replies":[{"embeddable":true,"href":"https:\/\/www.ealc.info\/cs\/wp-json\/wp\/v2\/comments?post=19"}],"version-history":[{"count":371,"href":"https:\/\/www.ealc.info\/cs\/wp-json\/wp\/v2\/pages\/19\/revisions"}],"predecessor-version":[{"id":4637,"href":"https:\/\/www.ealc.info\/cs\/wp-json\/wp\/v2\/pages\/19\/revisions\/4637"}],"wp:attachment":[{"href":"https:\/\/www.ealc.info\/cs\/wp-json\/wp\/v2\/media?parent=19"}],"curies":[{"name":"wp","href":"https:\/\/api.w.org\/{rel}","templated":true}]}}