{"id":2965,"date":"2018-03-05T19:34:39","date_gmt":"2018-03-05T19:34:39","guid":{"rendered":"http:\/\/www.ealc.info\/de\/?page_id=2965"},"modified":"2024-12-29T08:46:36","modified_gmt":"2024-12-29T08:46:36","slug":"zuechter-und-notfelle","status":"publish","type":"page","link":"https:\/\/www.ealc.info\/cs\/breeder-within-the-ealc-2\/","title":{"rendered":"Chovatele a Zachr\u00e1nit"},"content":{"rendered":"<p>Existuj\u00ed samoz\u0159ejm\u011b zodpov\u011bdn\u00ed chovatel\u00e9 catahoul i mimo EALC. Ale bu\u010fte pros\u00edm dostate\u010dn\u011b kriti\u010dt\u00ed! Nekupujte \u0161t\u011b\u0148ata od mno\u017eitel\u016f.<\/p>\n<p>Pokud chcete n\u011bco dodat, kontaktujte n\u00e1s pros\u00edm na \u2013 <a href=\"mailto:catahoula@ealc.info\">catahoula@ealc.info<\/a><\/p>\n<p>Polo\u017ete spr\u00e1vn\u00e9 ot\u00e1zky! Na t\u00e9to str\u00e1nce najdete n\u011bkolik d\u016fle\u017eit\u00fdch <a href=\"https:\/\/www.ealc.info\/cs\/vyber-chovatele\/\">tip\u016f<\/a><\/p>\n<p>Click her for <a href=\"https:\/\/www.ealc.info\/de\/deckrueden\/\">Stud dogs within EALC<\/a><\/p>\n<hr \/>\n<h2><strong><span style=\"color: #333399;\">Chovatele v EALC:<\/span><\/strong><\/h2>\n<h3><strong><span style=\"color: #333399;\">Belgie<\/span><\/strong><\/h3>\n<p style=\"padding-left: 30px;\"><strong>Diversity\u00b4s Catahoulas <\/strong>(viz tak\u00e9 Ma\u010farsko)<\/p>\n<p style=\"padding-left: 30px;\">Chovatel: Danielle van Praag<\/p>\n<p style=\"padding-left: 30px;\">NALC registrovan\u00e9 odchovy<\/p>\n<p style=\"padding-left: 30px;\"><a href=\"https:\/\/www.facebook.com\/diversitysleopard\/\">Facebook<\/a><\/p>\n<p>\u00a0 \u00a0 \u00a0 \u00a0Website:\u00a0<a href=\"http:\/\/www.leoparddog.hu\/\" target=\"_blank\" rel=\"noopener noreferrer\">www.leoparddog.hu<\/a><\/p>\n<p style=\"padding-left: 30px;\">E-Mail: <a href=\"mailto:daniellevanpraag@hotmail.com\">daniellevanpraag@hotmail.com\u00a0<\/a>(Belgick\u00fd, English)<\/p>\n<hr \/>\n<h3><strong><span style=\"color: #333399;\">Rakousko<\/span><\/strong><\/h3>\n<p style=\"padding-left: 30px;\">\n<hr \/>\n<h3><strong><span style=\"color: #333399;\">\u010cesk\u00e1 republika<\/span><\/strong><\/h3>\n<p style=\"padding-left: 30px;\"><strong>Besavej Catahoulas<\/strong><\/p>\n<p style=\"padding-left: 30px;\">Chovatel: Helena Synkova<\/p>\n<p style=\"padding-left: 30px;\">NALC registrovan\u00e9 odchovy<\/p>\n<p style=\"padding-left: 30px;\"><a href=\"https:\/\/www.facebook.com\/Catahoula.Besavej.cz\/\">Facebook<\/a><\/p>\n<p style=\"padding-left: 30px;\">Website: <a href=\"https:\/\/besavej.webnode.cz\/\">https:\/\/besavej.webnode.cz\/<\/a><\/p>\n<p style=\"padding-left: 30px;\">E-Mail: <a href=\"mailto:hkoutkova@volny.cz\">hkoutkova@volny.cz<\/a> (Czech, English)<\/p>\n<hr \/>\n<h3><strong><span style=\"color: #000080;\">Loty\u0161sko<\/span><\/strong><\/h3>\n<p style=\"padding-left: 40px;\"><strong>Sun Apalachee\u00b4s Catahoulas<\/strong><\/p>\n<p style=\"padding-left: 40px;\">Chovatel: Marta Necka<\/p>\n<p style=\"padding-left: 40px;\">NALC registrovan\u00e9 odchovy<\/p>\n<p style=\"padding-left: 40px;\"><a href=\"https:\/\/www.facebook.com\/apalacheecatahoulas\">Facebook<\/a><\/p>\n<p style=\"padding-left: 40px;\">E-Mail:<a href=\"mailto:necmarga@gmail.com\">\u00a0necmarga@gmail.com\u00a0<\/a>(loty\u0161sk\u00fd, English)<\/p>\n<p style=\"padding-left: 40px;\">Telefon: +371 29 87 8846 (prost\u011b WhatsApp \u2013 loty\u0161sk\u00fd Angli\u010dtina)<\/p>\n<hr \/>\n<h3><strong><span style=\"color: #333399;\">Ma\u010farsko<\/span><\/strong><\/h3>\n<p style=\"padding-left: 30px;\"><strong>Delight Catahoulas<\/strong><\/p>\n<p style=\"padding-left: 30px;\">Chovatel: Petra P\u00e1sztor<\/p>\n<p style=\"padding-left: 30px;\">NALC registrovan\u00e1 chovatelsk\u00e1 stanice<\/p>\n<p style=\"padding-left: 30px;\"><a href=\"https:\/\/www.facebook.com\/delightleopard\/\">Facebook<\/a><\/p>\n<p>\u00a0 \u00a0 \u00a0 \u00a0 Website:\u00a0<a href=\"http:\/\/leopard.dog\/\">http:\/\/leopard.dog\/<\/a><\/p>\n<p style=\"padding-left: 30px;\">E-Mail:\u00a0<a href=\"mailto:pasztor.petra85@gmail.com\">pasztor.petra85@gmail.com<\/a>\u00a0(M<span lang=\"cs\">a\u010farsk\u00fd,\u00a0<\/span>\u00a0English)<\/p>\n<p>&nbsp;<\/p>\n<p style=\"padding-left: 30px;\"><strong>Diversity\u00b4s Catahoulas<\/strong><\/p>\n<p style=\"padding-left: 30px;\">Chovatel:\u00a0Zs\u00f3fia T\u00f3bi\u00e1s<\/p>\n<p style=\"padding-left: 30px;\">NALC registrovan\u00e9 odchovy<\/p>\n<p style=\"padding-left: 30px;\">Facebook:\u00a0https:\/\/www.<a href=\"http:\/\/facebook.com\/diversitysleopard\/\" target=\"_blank\" rel=\"noopener noreferrer\">facebook.com\/diversitysleopard<wbr \/>\/<\/a><\/p>\n<p>\u00a0 \u00a0 \u00a0 \u00a0Website:\u00a0<a href=\"http:\/\/www.leoparddog.hu\/\" target=\"_blank\" rel=\"noopener noreferrer\">www.leoparddog.hu<\/a><\/p>\n<p style=\"padding-left: 30px;\">E-Mail: <a href=\"mailto:zsofi.tobias@gmail.com\">zsofi.tobias@gmail.com\u00a0<\/a>(M<span lang=\"cs\">a\u010farsk\u00fd<\/span>, English)<\/p>\n<hr \/>\n<h3><strong><span style=\"color: #333399;\">N\u011bmecko<\/span><\/strong><\/h3>\n<p style=\"text-align: left; padding-left: 30px;\"><strong>Phoenix Rising Catahoulas<\/strong><\/p>\n<p style=\"text-align: left; padding-left: 30px;\">Chovatel: Tina Profitt<\/p>\n<p style=\"text-align: left; padding-left: 30px;\">NALC registrovan\u00e1 chovatelsk\u00e1 stanice<\/p>\n<p style=\"text-align: left; padding-left: 30px;\"><a href=\"https:\/\/www.facebook.com\/PhoenixRisingCatahoulas\">Facebook<\/a><\/p>\n<p style=\"text-align: left; padding-left: 30px;\">Website:\u00a0<a href=\"https:\/\/phoenixrisingcatahoulas.de\">https:\/\/phoenixrisingcatahoulas.de<\/a><\/p>\n<p style=\"text-align: left; padding-left: 30px;\">E-Mail: catahoula@gmx.de (N\u011bm\u010dina, angli\u010dtina, \u010de\u0161tina, afrik\u00e1n\u0161tina)<\/p>\n<p style=\"text-align: left; padding-left: 30px;\">Phone:\u00a0+49\u00a0 176 304 98 516 (N\u011bm\u010dina, angli\u010dtina, \u010de\u0161tina, afrik\u00e1n\u0161tina)<\/p>\n<p>&nbsp;<\/p>\n<p style=\"padding-left: 30px;\"><strong>Wakan Tanka Catahoulas<\/strong><\/p>\n<p style=\"padding-left: 30px;\">Chovatel: Dr. Frauke K\u00f6hler<\/p>\n<p style=\"padding-left: 30px;\">NALC registrovan\u00e1 chovatelsk\u00e1 stanice<\/p>\n<p style=\"padding-left: 30px;\"><a href=\"https:\/\/www.facebook.com\/Wakan-Tanka-Catahoulas-374320042973682\/\">Facebook<\/a><\/p>\n<p style=\"padding-left: 30px;\">E-Mail: \u00a0<span lang=\"EN-US\"><a href=\"mailto:frauke.koehler@gmx.de\"><span lang=\"DE\">frauke.koehler@gmx.de<\/span><\/a><\/span> (N\u011bm\u010dina, angli\u010dtina)<\/p>\n<p>\u00a0 \u00a0 \u00a0 \u00a0Telefon:\u00a0 +49 177 6634960 (N\u011bm\u010dina, angli\u010dtina)<\/p>\n<p>&nbsp;<\/p>\n<p style=\"padding-left: 30px;\"><strong>Catahoulas aus dem Ulstertal<\/strong><\/p>\n<p style=\"padding-left: 30px;\">Chovatel: Yvonne Molter<\/p>\n<p style=\"padding-left: 30px;\">NALC registrovan\u00e1 chovatelsk\u00e1 stanice<\/p>\n<p style=\"padding-left: 30px;\"><a href=\"https:\/\/www.facebook.com\/Yvomol\/\">Facebook<\/a><\/p>\n<p style=\"padding-left: 30px;\">E-Mail: <a href=\"mailto:yvonnemolter@me.com\">yvonnemolter@me.com<\/a> (N\u011bm\u010dina, angli\u010dtina)<\/p>\n<p>&nbsp;<\/p>\n<p style=\"padding-left: 30px;\"><strong>Elchschaufel\u00b4s Catahoulas<\/strong><\/p>\n<p style=\"padding-left: 30px;\">Chovatel: Gerlind Roericht<\/p>\n<p style=\"padding-left: 30px;\">NALC registrovan\u00e1 chovatelsk\u00e1 stanice<\/p>\n<p style=\"padding-left: 30px;\">E-Mail: <a href=\"mailto:elchschaufelgr@aol.com\">elchschaufelgr@aol.com<\/a> (N\u011bm\u010dina, angli\u010dtina)<\/p>\n<p>\u00a0 \u00a0 \u00a0 \u00a0Tel. +49 35363 240<\/p>\n<hr \/>\n<h3><strong><span style=\"color: #333399;\">Nizozem\u00ed<\/span><\/strong><\/h3>\n<h3 dir=\"auto\" style=\"padding-left: 40px;\"><strong>Clan Catahoulas<\/strong><\/h3>\n<h3 dir=\"auto\" style=\"padding-left: 40px;\">Chovatel: Faye Meddeler<\/h3>\n<h3 dir=\"auto\" style=\"padding-left: 40px;\">NALC registered kennel<\/h3>\n<h3 dir=\"auto\" style=\"padding-left: 40px;\">Facebook &amp; Instagram : Clancatahoula<\/h3>\n<h3 dir=\"auto\" style=\"padding-left: 40px;\">Website:\u00a0<a href=\"http:\/\/www.clancatahoula.com\/\" target=\"_blank\" rel=\"noopener\">www.clancatahoula.com<\/a><\/h3>\n<h3 dir=\"auto\" style=\"padding-left: 40px;\">E-mail: <a class=\"mailto-link\" href=\"mailto:Clancatahoula@gmail.com\" target=\"_blank\" rel=\"noopener\">Clancatahoula@gmail.com<\/a><\/h3>\n<h3 dir=\"auto\" style=\"padding-left: 40px;\">(Dutch, English, German)<\/h3>\n<h3 dir=\"auto\" style=\"padding-left: 40px;\">Phone: +31624327278<\/h3>\n<p>&nbsp;<\/p>\n<p style=\"padding-left: 30px;\"><strong>Cold Track Catahoulas<\/strong><\/p>\n<p style=\"padding-left: 30px;\">Chovatel: Johanna Holleman<\/p>\n<p style=\"padding-left: 30px;\">NALC registrovan\u00e1 chovatelsk\u00e1 stanice<\/p>\n<p style=\"padding-left: 30px;\"><a href=\"https:\/\/www.facebook.com\/coldtrackcatahoulas\/\">Facebook<\/a><\/p>\n<p style=\"padding-left: 30px;\">E-Mail: <a href=\"mailto:johannaholleman@hotmail.com\">johannaholleman@hotmail.com\u00a0<\/a>(angli\u010dtina, holandsk\u00fd)<\/p>\n<p>&nbsp;<\/p>\n<p style=\"padding-left: 30px;\"><strong>Dutch Dynasty Catahoulas<\/strong><\/p>\n<p style=\"padding-left: 30px;\">Chovatel: Marlon Boogaard<\/p>\n<p style=\"padding-left: 30px;\">NALC registrovan\u00e1 chovatelsk\u00e1 stanice<\/p>\n<p style=\"padding-left: 30px;\"><a href=\"https:\/\/m.facebook.com\/people\/Dutch-Dynasty-Catahoulas\/100069550477903\/\">Facebook<\/a><\/p>\n<p>\u00a0 \u00a0 \u00a0 \u00a0 Instagram: <a href=\"https:\/\/www.instagram.com\/dutch_dynasty_catahoulas\/\">https:\/\/www.instagram.com\/dutch_dynasty_catahoulas\/<\/a><\/p>\n<p style=\"padding-left: 30px;\">E-Mail: <a href=\"mailto:info@dutchdynastycatahoula.nl\">info@dutchdynastycatahoula.nl\u00a0<\/a> (angli\u010dtina, holandsk\u00fd)<\/p>\n<p>\u00a0 \u00a0 \u00a0 \u00a0 Website: <a class=\"xogfrqt x1slwz57 x1bvjpef\" href=\"http:\/\/www.dutchdynastycatahoula.nl\" target=\"_blank\" rel=\"nofollow noopener\" data-lynx-mode=\"hover\">www.dutchdynastycatahoula.nl<\/a><\/p>\n<p>Phone: +31658910115<\/p>\n<p>&nbsp;<\/p>\n<hr \/>\n<h3><strong><span style=\"color: #333399;\">Polsko<\/span><\/strong><\/h3>\n<p style=\"padding-left: 30px;\"><strong>Dijdog Catahoulas<\/strong><\/p>\n<p style=\"padding-left: 30px;\">Chovatel: Agnieszka Pieleszek<\/p>\n<p style=\"padding-left: 30px;\">NALC registrovan\u00e1 chovatelsk\u00e1 stanice<\/p>\n<p style=\"padding-left: 30px;\"><a href=\"https:\/\/www.facebook.com\/DijdogKennel\/\">Facebook<\/a><\/p>\n<p style=\"padding-left: 30px;\">E-Mail: <a href=\"mailto:aga.pieleszek@gmail.com\">aga.pieleszek@gmail.com<\/a> (Polish, English)<\/p>\n<p style=\"padding-left: 30px;\">Phone: +48 508 319 398<\/p>\n<hr \/>\n<h3><strong><span style=\"color: #333399;\">Rumania<\/span><\/strong><\/h3>\n<p style=\"padding-left: 30px;\"><strong>Count Dracula Kennel<\/strong><\/p>\n<p style=\"padding-left: 30px;\">Chovatel: Szilard Gnandt<\/p>\n<p style=\"padding-left: 30px;\">NALC registrovan\u00e1 chovatelsk\u00e1 stanice<\/p>\n<p style=\"padding-left: 30px;\"><a href=\"https:\/\/www.facebook.com\/leoparddogromania\/\">Facebook<\/a><\/p>\n<p style=\"padding-left: 30px;\">E-Mail: gnandt.szilard@yahoo.com (Rumun\u0161tina, Angli\u010dtina, Ma\u010farsk\u00fd)<\/p>\n<p style=\"padding-left: 30px;\">Phone:\u00a0+40 745 475 921 (Rumun\u0161tina, Angli\u010dtina, Ma\u010farsk\u00fd)<\/p>\n<hr \/>\n<h3><strong><span style=\"color: #333399;\">Slovensko<\/span><\/strong><\/h3>\n<p style=\"padding-left: 30px;\"><strong>Ayra Aranel\u00b4s Catahouas<\/strong><\/p>\n<p style=\"padding-left: 30px;\">Chovatel: Jarmila Englichova<\/p>\n<p style=\"padding-left: 30px;\">NALC registrovan\u00e9 odchovy<\/p>\n<p style=\"padding-left: 30px;\"><a href=\"https:\/\/www.facebook.com\/profile.php?id=100006915316071\">Facebook<\/a><\/p>\n<p style=\"padding-left: 30px;\">Website: <a href=\"http:\/\/louisianskyleopardipes.sk\/\">http:\/\/louisianskyleopardipes.sk\/<\/a><\/p>\n<p style=\"padding-left: 30px;\">E-Mail: <a href=\"mailto:jarmila.englichova@gmail.com\">jarmila.englichova@gmail.com<\/a> (English, Slovak, Czech)<\/p>\n<hr \/>\n<h3><strong><span style=\"color: #333399;\">Slovinsko<\/span><\/strong><\/h3>\n<p><strong>\u00a0 \u00a0 \u00a0 \u00a0DAM\u00b4s Catahoulas<\/strong><\/p>\n<p style=\"padding-left: 30px;\">Chovatel: Ur\u0161a Stare<\/p>\n<p style=\"padding-left: 30px;\">NALC registrovan\u00e9 odchovy<\/p>\n<p style=\"padding-left: 30px;\"><a href=\"https:\/\/www.facebook.com\/catahoula.si\">Facebook<\/a><\/p>\n<p style=\"padding-left: 30px;\">Website: <a href=\"http:\/\/www.catahoula-slovenia.si\/index.php\/en\/\">http:\/\/www.catahoula-slovenia.si\/index.php\/en\/<\/a><\/p>\n<p style=\"padding-left: 30px;\">E-Mail: <a href=\"mailto:catahoula.si@gmail.com\">catahoula.si@gmail.com<\/a> (English also)<\/p>\n<p><\/p>","protected":false},"excerpt":{"rendered":"<p>Existuj\u00ed samoz\u0159ejm\u011b zodpov\u011bdn\u00ed chovatel\u00e9 catahoul i mimo EALC. Ale bu\u010fte pros\u00edm dostate\u010dn\u011b kriti\u010dt\u00ed! Nekupujte \u0161t\u011b\u0148ata od mno\u017eitel\u016f. Pokud chcete n\u011bco dodat, kontaktujte n\u00e1s pros\u00edm na \u2013 catahoula@ealc.info Polo\u017ete spr\u00e1vn\u00e9 ot\u00e1zky! Na t\u00e9to str\u00e1nce najdete n\u011bkolik d\u016fle\u017eit\u00fdch tip\u016f Click her for &hellip; <a href=\"https:\/\/www.ealc.info\/cs\/breeder-within-the-ealc-2\/\">Cel\u00fd p\u0159\u00edsp\u011bvek <span class=\"meta-nav\">&rarr;<\/span><\/a><\/p>\n","protected":false},"author":1,"featured_media":0,"parent":0,"menu_order":0,"comment_status":"closed","ping_status":"closed","template":"","meta":[],"_links":{"self":[{"href":"https:\/\/www.ealc.info\/cs\/wp-json\/wp\/v2\/pages\/2965"}],"collection":[{"href":"https:\/\/www.ealc.info\/cs\/wp-json\/wp\/v2\/pages"}],"about":[{"href":"https:\/\/www.ealc.info\/cs\/wp-json\/wp\/v2\/types\/page"}],"author":[{"embeddable":true,"href":"https:\/\/www.ealc.info\/cs\/wp-json\/wp\/v2\/users\/1"}],"replies":[{"embeddable":true,"href":"https:\/\/www.ealc.info\/cs\/wp-json\/wp\/v2\/comments?post=2965"}],"version-history":[{"count":199,"href":"https:\/\/www.ealc.info\/cs\/wp-json\/wp\/v2\/pages\/2965\/revisions"}],"predecessor-version":[{"id":4593,"href":"https:\/\/www.ealc.info\/cs\/wp-json\/wp\/v2\/pages\/2965\/revisions\/4593"}],"wp:attachment":[{"href":"https:\/\/www.ealc.info\/cs\/wp-json\/wp\/v2\/media?parent=2965"}],"curies":[{"name":"wp","href":"https:\/\/api.w.org\/{rel}","templated":true}]}}