{"id":3464,"date":"2021-03-10T18:12:48","date_gmt":"2021-03-10T18:12:48","guid":{"rendered":"http:\/\/www.ealc.info\/de\/?page_id=3464"},"modified":"2025-03-21T07:14:48","modified_gmt":"2025-03-21T07:14:48","slug":"nalc-ealc-show-2015-2","status":"publish","type":"page","link":"https:\/\/www.ealc.info\/cs\/ealc-nalc-show-2017-2\/","title":{"rendered":"EALC &#038; NALC Show 2025"},"content":{"rendered":"<p><img loading=\"lazy\" class=\"alignleft size-full wp-image-4596\" src=\"https:\/\/www.ealc.info\/wp-content\/uploads\/2025\/03\/WhatsApp-Bild-2025-02-28-um-17.06.16_c0c67db6.jpg\" alt=\"\" width=\"2048\" height=\"1019\" srcset=\"https:\/\/www.ealc.info\/wp-content\/uploads\/2025\/03\/WhatsApp-Bild-2025-02-28-um-17.06.16_c0c67db6.jpg 2048w, https:\/\/www.ealc.info\/wp-content\/uploads\/2025\/03\/WhatsApp-Bild-2025-02-28-um-17.06.16_c0c67db6-300x149.jpg 300w, https:\/\/www.ealc.info\/wp-content\/uploads\/2025\/03\/WhatsApp-Bild-2025-02-28-um-17.06.16_c0c67db6-1024x510.jpg 1024w, https:\/\/www.ealc.info\/wp-content\/uploads\/2025\/03\/WhatsApp-Bild-2025-02-28-um-17.06.16_c0c67db6-768x382.jpg 768w, https:\/\/www.ealc.info\/wp-content\/uploads\/2025\/03\/WhatsApp-Bild-2025-02-28-um-17.06.16_c0c67db6-1536x764.jpg 1536w\" sizes=\"(max-width: 2048px) 100vw, 2048px\" \/><\/p>\n<h1 align=\"center\"><em>Here we go again!<\/em><\/h1>\n<p style=\"text-align: center;\">The European Association of Louisiana Catahoulas (EALC)<\/p>\n<p style=\"text-align: center;\">s\u00a0laskavou podporou\u00a0National Association of Louisiana Catahoulas (NALC)<\/p>\n<p style=\"text-align: center;\" align=\"center\">a zveme v\u0161echny majitele Louisiansk\u00fdch leopard\u00edch ps\u016f a p\u0159\u00e1tele toho plemene k \u00fa\u010dasti na velk\u00e9 <strong>EALC &amp; NALC Show, kter\u00e1 se kon\u00e1 11. &#8211; 14,09.2025 v Mitrov\u011b (\u010cR).<\/strong><\/p>\n<p style=\"text-align: justify;\">M\u00edsto kon\u00e1n\u00ed je <a href=\"https:\/\/mitrovsky.com\/\" target=\"_blank\" rel=\"noopener\">farma Mitrov<\/a> v \u010cesk\u00e9 republice. Pracovn\u00ed schopnosti Louisiansk\u00e9ho leopard\u00edho psa prov\u011b\u0159\u00edme v r\u016fzn\u00fdch sout\u011b\u017e\u00edch jako je pr\u00e1ce s dobytkem, mantrailing, z\u00e1chran\u00e1\u0159sk\u00e1 pr\u00e1ce, barv\u011b, bike j\u00f6ring nebo kolob\u011b\u017eka a obedience. Prob\u011bhne tak\u00e9 zkou\u0161ka pracovn\u00edch schopnost\u00ed Catahoul\u016f na dobytku.<\/p>\n<p style=\"text-align: justify;\">Bude se konat tak\u00e9 v\u00fdstava pro toto plemeno. V\u00fdstavy v\u0161ak mohou z\u00fa\u010dastnit jen NALC registrovan\u00ed jedinci. V\u0161ech ostatn\u00edch sout\u011b\u017e\u00ed se v\u0161ak mohou z\u00fa\u010dastnit v\u0161ichni, kte\u0159\u00ed maj\u00ed registraci. Sout\u011b\u017ee se budou konat podle pravidel EALC a NALC. S radost\u00ed v\u00edt\u00e1me rozhod\u010d\u00edho z NALC, kter\u00fd p\u0159ijede jako host z USA.<\/p>\n<p>Pozor: nen\u00ed mo\u017en\u00e1 registrace na akce jen na str\u00e1nk\u00e1ch! P\u0159ihla\u0161te se pros\u00edm p\u0159edem.<\/p>\n<p>&nbsp;<\/p>\n<h2 style=\"text-align: center;\"><strong>program<\/strong><\/h2>\n<p style=\"text-align: center;\">(n\u00e1sleduje)<\/p>\n<h2 style=\"text-align: center;\"><a href=\"https:\/\/form.jotform.com\/dogsontournrw\/CZ-EALC-NALC-Catahoula-Show\"><span style=\"color: #0000ff;\"><strong>Registrace\u00a0<\/strong><\/span><\/a><\/h2>\n<hr \/>\n<h1 style=\"text-align: center;\"><span style=\"color: #333333;\">S<\/span><span style=\"color: #333333;\">out\u011b\u017e:<\/span><\/h1>\n<h3><\/h3>\n<h3>Hon\u00e1ck\u00e9 vlohy\u00a0\u00a0\u00a0\u00a0\u00a0\u00a0\u00a0<img loading=\"lazy\" src=\"https:\/\/www.ealc.info\/wp-content\/uploads\/2012\/07\/NALC.gif\" alt=\"NALC\" width=\"68\" height=\"70\" \/>\u00a0<a href=\"https:\/\/www.ealc.info\/wp-content\/uploads\/2012\/07\/Logo-e1422306999484.jpg\"><img loading=\"lazy\" src=\"https:\/\/www.ealc.info\/wp-content\/uploads\/2012\/07\/Logo-150x150.jpg\" alt=\"Logo\" width=\"72\" height=\"72\" \/><\/a><\/h3>\n<p>Letos prob\u011bhne zkou\u0161ka schopnost\u00ed Catahoul\u016f na dobytku. Nebude to sout\u011b\u017e!<\/p>\n<p>&nbsp;<\/p>\n<h3 style=\"text-align: left;\"><a href=\"https:\/\/www.ealc.info\/wp-content\/uploads\/2015\/01\/NALC-obedience_cz.pdf\" target=\"_blank\" rel=\"noopener\">Obedience<\/a>\u00a0\u00a0\u00a0\u00a0<a href=\"https:\/\/www.ealc.info\/wp-content\/uploads\/2012\/07\/Logo-e1422306999484.jpg\"><img loading=\"lazy\" src=\"https:\/\/www.ealc.info\/wp-content\/uploads\/2012\/07\/Logo-300x185.jpg\" alt=\"Logo\" width=\"104\" height=\"64\" \/><\/a> <img loading=\"lazy\" src=\"https:\/\/www.ealc.info\/wp-content\/uploads\/2012\/07\/NALC.gif\" alt=\"NALC\" width=\"68\" height=\"70\" \/><\/h3>\n<p>&nbsp;<\/p>\n<h3 style=\"text-align: left;\"><\/h3>\n<h3><a href=\"https:\/\/www.ealc.info\/wp-content\/uploads\/2015\/01\/CZ_EALC-SAR.pdf\" target=\"_blank\" rel=\"noopener\">Z\u00e1chrana\u0159ina<\/a>\u00a0\u00a0\u00a0 <a href=\"https:\/\/www.ealc.info\/wp-content\/uploads\/2012\/07\/Logo-e1422306999484.jpg\"><img loading=\"lazy\" src=\"https:\/\/www.ealc.info\/wp-content\/uploads\/2012\/07\/Logo-150x150.jpg\" alt=\"Logo\" width=\"72\" height=\"72\" \/><\/a><\/h3>\n<p>&nbsp;<\/p>\n<h3><\/h3>\n<h3><a href=\"https:\/\/www.ealc.info\/wp-content\/uploads\/2015\/01\/CZ_EALC-MT.pdf\" target=\"_blank\" rel=\"noopener\">Mantrailing<\/a>\u00a0\u00a0 <a href=\"https:\/\/www.ealc.info\/wp-content\/uploads\/2012\/07\/Logo-e1422306999484.jpg\"><img loading=\"lazy\" src=\"https:\/\/www.ealc.info\/wp-content\/uploads\/2012\/07\/Logo-150x150.jpg\" alt=\"Logo\" width=\"72\" height=\"72\" \/><\/a><\/h3>\n<p>&nbsp;<\/p>\n<h3><\/h3>\n<h3><a href=\"https:\/\/www.ealc.info\/wp-content\/uploads\/2015\/01\/CZ_EALC-Scooter_Bike-J\u00f6ring-cz.pdf\" target=\"_blank\" rel=\"noopener\">Bike J\u00f6ring + kolob\u011b\u017eka<\/a>\u00a0\u00a0 <a href=\"https:\/\/www.ealc.info\/wp-content\/uploads\/2012\/07\/Logo-e1422306999484.jpg\"><img loading=\"lazy\" src=\"https:\/\/www.ealc.info\/wp-content\/uploads\/2012\/07\/Logo-150x150.jpg\" alt=\"Logo\" width=\"72\" height=\"72\" \/><\/a><\/h3>\n<p>&nbsp;<\/p>\n<h3><a href=\"https:\/\/www.ealc.info\/wp-content\/uploads\/2017\/02\/EALC-Tracking-CZ-hs.pdf\" target=\"_blank\" rel=\"noopener\">Barven\u00e1 stopa<\/a> \u00a0<a href=\"https:\/\/www.ealc.info\/wp-content\/uploads\/2012\/07\/Logo-e1422306999484.jpg\"><img loading=\"lazy\" src=\"https:\/\/www.ealc.info\/wp-content\/uploads\/2012\/07\/Logo-150x150.jpg\" alt=\"Logo\" width=\"72\" height=\"72\" \/><\/a><\/h3>\n<p>&nbsp;<\/p>\n<h3><\/h3>\n<h3><a href=\"https:\/\/www.ealc.info\/wp-content\/uploads\/2015\/01\/NALC-conformation_cz.pdf\" target=\"_blank\" rel=\"noopener\">V\u00fdstava<\/a> + <a href=\"https:\/\/www.ealc.info\/wp-content\/uploads\/2015\/01\/NALC-JR-show_cz.pdf\" target=\"_blank\" rel=\"noopener\">JR Show<\/a>\u00a0<img loading=\"lazy\" src=\"https:\/\/www.ealc.info\/wp-content\/uploads\/2012\/07\/NALC.gif\" alt=\"NALC\" width=\"68\" height=\"70\" \/><\/h3>\n<p>&nbsp;<\/p>\n<h2 style=\"text-align: center;\"><a href=\"https:\/\/www.ealc.info\/wp-content\/uploads\/2019\/02\/cz_Veranstaltungsordnung-EALC-NALC-Show-2019.pdf\">Pravidla pro akce<\/a><\/h2>\n<p><\/p>","protected":false},"excerpt":{"rendered":"<p>Here we go again! The European Association of Louisiana Catahoulas (EALC) s\u00a0laskavou podporou\u00a0National Association of Louisiana Catahoulas (NALC) a zveme v\u0161echny majitele Louisiansk\u00fdch leopard\u00edch ps\u016f a p\u0159\u00e1tele toho plemene k \u00fa\u010dasti na velk\u00e9 EALC &amp; NALC Show, kter\u00e1 se kon\u00e1 &hellip; <a href=\"https:\/\/www.ealc.info\/cs\/ealc-nalc-show-2017-2\/\">Cel\u00fd p\u0159\u00edsp\u011bvek <span class=\"meta-nav\">&rarr;<\/span><\/a><\/p>\n","protected":false},"author":1,"featured_media":0,"parent":0,"menu_order":0,"comment_status":"closed","ping_status":"closed","template":"","meta":[],"_links":{"self":[{"href":"https:\/\/www.ealc.info\/cs\/wp-json\/wp\/v2\/pages\/3464"}],"collection":[{"href":"https:\/\/www.ealc.info\/cs\/wp-json\/wp\/v2\/pages"}],"about":[{"href":"https:\/\/www.ealc.info\/cs\/wp-json\/wp\/v2\/types\/page"}],"author":[{"embeddable":true,"href":"https:\/\/www.ealc.info\/cs\/wp-json\/wp\/v2\/users\/1"}],"replies":[{"embeddable":true,"href":"https:\/\/www.ealc.info\/cs\/wp-json\/wp\/v2\/comments?post=3464"}],"version-history":[{"count":86,"href":"https:\/\/www.ealc.info\/cs\/wp-json\/wp\/v2\/pages\/3464\/revisions"}],"predecessor-version":[{"id":4624,"href":"https:\/\/www.ealc.info\/cs\/wp-json\/wp\/v2\/pages\/3464\/revisions\/4624"}],"wp:attachment":[{"href":"https:\/\/www.ealc.info\/cs\/wp-json\/wp\/v2\/media?parent=3464"}],"curies":[{"name":"wp","href":"https:\/\/api.w.org\/{rel}","templated":true}]}}