{"id":3489,"date":"2020-07-30T20:38:26","date_gmt":"2020-07-30T20:38:26","guid":{"rendered":"http:\/\/www.ealc.info\/de\/?page_id=3489"},"modified":"2021-06-14T05:56:34","modified_gmt":"2021-06-14T05:56:34","slug":"deckrueden","status":"publish","type":"page","link":"https:\/\/www.ealc.info\/cs\/chovny-pes\/","title":{"rendered":"chovn\u00fd pes"},"content":{"rendered":"<p>Here you can find stud dogs from EALC members:<\/p>\n<p>For additions, please contact us &#8211; <a href=\"mailto:catahoula@ealc.info\">catahoula@ealc.info<\/a><\/p>\n<p>&nbsp;<\/p>\n<hr \/>\n<h2><strong>Neo (Alfred aus dem Ulstertal)<\/strong><\/h2>\n<p><a href=\"https:\/\/www.ealc.info\/wp-content\/uploads\/2020\/09\/Neo.jpg\"><img loading=\"lazy\" class=\"alignleft size-large wp-image-3524\" src=\"https:\/\/www.ealc.info\/wp-content\/uploads\/2020\/09\/Neo-1024x683.jpg\" alt=\"\" width=\"640\" height=\"427\" srcset=\"https:\/\/www.ealc.info\/wp-content\/uploads\/2020\/09\/Neo-1024x683.jpg 1024w, https:\/\/www.ealc.info\/wp-content\/uploads\/2020\/09\/Neo-300x200.jpg 300w, https:\/\/www.ealc.info\/wp-content\/uploads\/2020\/09\/Neo-768x512.jpg 768w\" sizes=\"(max-width: 640px) 100vw, 640px\" \/><\/a><\/p>\n<p>&nbsp;<\/p>\n<h3>Kennel name:\u00a0 Alfred aus dem Ulstertal<\/h3>\n<h3>Name:\u00a0 Neo<\/h3>\n<h3>dob:\u00a0 20. April 2017<\/h3>\n<div>\n<h3>heigh:\u00a0 ca. 60 cm<\/h3>\n<h3>weight:\u00a0 ca. 33 kg<\/h3>\n<h3>teeth:\u00a0 full scissor bite<\/h3>\n<h3>Colour:\u00a0 \u00a0Solid Black, Tan Trim<\/h3>\n<h3>Eyes: (R) Brown\u00a0 \u00a0 (L) Brown<\/h3>\n<h3>Registration: NALC (BB-21059-311-17<\/h3>\n<h3>Merle:\u00a0 Mc\/m<\/h3>\n<h3>X-ray of elbow (normal) and hip (good) available.<\/h3>\n<h3>In training to become a mantrailer.<\/h3>\n<h3>Owner:\u00a0 Yasmin Walter,\u00a0\u00a066299 Friedrichsthal, Saarland, Germany (Nemecko)<\/h3>\n<h3>Contact:\u00a0 Tel.\u00a00049 157 80750416,\u00a0\u00a0<a href=\"mailto:yasmin.walter@web.de\">yasmin.walter@web.de<\/a><\/h3>\n<\/div>\n<hr \/>\n<h2><\/h2>\n<h2><strong>Bam-Bam (Ayra Aranel&#8217;s Briam)<\/strong><\/h2>\n<p><a href=\"https:\/\/www.ealc.info\/wp-content\/uploads\/2020\/09\/Bam.jpg\"><img loading=\"lazy\" class=\"alignleft size-large wp-image-3500\" src=\"https:\/\/www.ealc.info\/wp-content\/uploads\/2020\/09\/Bam-1024x683.jpg\" alt=\"\" width=\"640\" height=\"427\" srcset=\"https:\/\/www.ealc.info\/wp-content\/uploads\/2020\/09\/Bam-1024x683.jpg 1024w, https:\/\/www.ealc.info\/wp-content\/uploads\/2020\/09\/Bam-300x200.jpg 300w, https:\/\/www.ealc.info\/wp-content\/uploads\/2020\/09\/Bam-768x512.jpg 768w\" sizes=\"(max-width: 640px) 100vw, 640px\" \/><\/a><\/p>\n<h3>Kennel name: Ayra Aranel&#8217;s Briam<\/h3>\n<h3>Name : Bam-Bam<\/h3>\n<h3>dob: 20. April 2013<\/h3>\n<h3>heigh: 61 cm<\/h3>\n<h3>weight: 30 kg<\/h3>\n<h3>teeth: full scissor bite<\/h3>\n<h3>Merle: m\/Ma+<\/h3>\n<h3>Registration: NALC, SPKP, WCA<\/h3>\n<h3>health test: HD frei (OFA excellent), BAER +\/+, DOK oB<\/h3>\n<h3>Certifikations: BH\/VT (VDH), Brauchbarkeit\u00a0St\u00f6bern nach Th\u00fcrJHPR und Anerkennung f\u00fcr Sachsen-Anhalt<\/h3>\n<h3>previous matings: 2015 Stonecracker Catahoulas, 2020 Elchschaufel Catahoulas<\/h3>\n<p>Owner: Janine Kretschmann, Germany<\/p>\n<h3><strong>Conact:<\/strong> Janine Kretschmann, 06406 Bernburg (Saale), +49 178 4587014, <a href=\"mailto:ridgelessback@gmx.de\">ridgelessback@gmx.de<\/a><\/h3>\n<hr \/>\n<p>&nbsp;<\/p>","protected":false},"excerpt":{"rendered":"<p>Here you can find stud dogs from EALC members: For additions, please contact us &#8211; catahoula@ealc.info &nbsp; Neo (Alfred aus dem Ulstertal) &nbsp; Kennel name:\u00a0 Alfred aus dem Ulstertal Name:\u00a0 Neo dob:\u00a0 20. April 2017 heigh:\u00a0 ca. 60 cm weight:\u00a0 &hellip; <a href=\"https:\/\/www.ealc.info\/cs\/chovny-pes\/\">Cel\u00fd p\u0159\u00edsp\u011bvek <span class=\"meta-nav\">&rarr;<\/span><\/a><\/p>\n","protected":false},"author":1,"featured_media":0,"parent":0,"menu_order":0,"comment_status":"closed","ping_status":"closed","template":"","meta":[],"_links":{"self":[{"href":"https:\/\/www.ealc.info\/cs\/wp-json\/wp\/v2\/pages\/3489"}],"collection":[{"href":"https:\/\/www.ealc.info\/cs\/wp-json\/wp\/v2\/pages"}],"about":[{"href":"https:\/\/www.ealc.info\/cs\/wp-json\/wp\/v2\/types\/page"}],"author":[{"embeddable":true,"href":"https:\/\/www.ealc.info\/cs\/wp-json\/wp\/v2\/users\/1"}],"replies":[{"embeddable":true,"href":"https:\/\/www.ealc.info\/cs\/wp-json\/wp\/v2\/comments?post=3489"}],"version-history":[{"count":18,"href":"https:\/\/www.ealc.info\/cs\/wp-json\/wp\/v2\/pages\/3489\/revisions"}],"predecessor-version":[{"id":3529,"href":"https:\/\/www.ealc.info\/cs\/wp-json\/wp\/v2\/pages\/3489\/revisions\/3529"}],"wp:attachment":[{"href":"https:\/\/www.ealc.info\/cs\/wp-json\/wp\/v2\/media?parent=3489"}],"curies":[{"name":"wp","href":"https:\/\/api.w.org\/{rel}","templated":true}]}}