{"id":3636,"date":"2021-03-10T21:37:40","date_gmt":"2021-03-10T21:37:40","guid":{"rendered":"http:\/\/www.ealc.info\/de\/?page_id=3636"},"modified":"2023-05-17T18:59:09","modified_gmt":"2023-05-17T18:59:09","slug":"trainernetzwerk","status":"publish","type":"page","link":"https:\/\/www.ealc.info\/cs\/deutsch-trainernetzwerk\/","title":{"rendered":"S\u00ed\u0165 tren\u00e9r\u016f"},"content":{"rendered":"<p><a href=\"https:\/\/www.ealc.info\/wp-content\/uploads\/2020\/03\/EALC_Logo-Reinzeichnung_RGB-72dpi_121123.png\"><img loading=\"lazy\" class=\"size-medium wp-image-3431 alignnone\" src=\"https:\/\/www.ealc.info\/wp-content\/uploads\/2020\/03\/EALC_Logo-Reinzeichnung_RGB-72dpi_121123-300x215.png\" alt=\"\" width=\"300\" height=\"215\" srcset=\"https:\/\/www.ealc.info\/wp-content\/uploads\/2020\/03\/EALC_Logo-Reinzeichnung_RGB-72dpi_121123-300x215.png 300w, https:\/\/www.ealc.info\/wp-content\/uploads\/2020\/03\/EALC_Logo-Reinzeichnung_RGB-72dpi_121123.png 735w\" sizes=\"(max-width: 300px) 100vw, 300px\" \/><\/a><\/p>\n<p><a href=\"https:\/\/www.ealc.info\/wp-content\/uploads\/2021\/03\/Netzwerk.jpg\"><img loading=\"lazy\" class=\"size-medium wp-image-3644 aligncenter\" src=\"https:\/\/www.ealc.info\/wp-content\/uploads\/2021\/03\/Netzwerk-300x161.jpg\" alt=\"\" width=\"300\" height=\"161\" srcset=\"https:\/\/www.ealc.info\/wp-content\/uploads\/2021\/03\/Netzwerk-300x161.jpg 300w, https:\/\/www.ealc.info\/wp-content\/uploads\/2021\/03\/Netzwerk-768x412.jpg 768w, https:\/\/www.ealc.info\/wp-content\/uploads\/2021\/03\/Netzwerk.jpg 985w\" sizes=\"(max-width: 300px) 100vw, 300px\" \/><\/a><\/p>\n<p>Jak v\u0161ichni v\u00edme, catahoula pro n\u00e1s znamen\u00e1 velkou v\u00fdzvu, co se t\u00fd\u010de v\u00fdchovy i ka\u017edodenn\u00edho \u017eivota.<\/p>\n<p>R\u00e1di bychom\u00a0<u>zde<\/u>\u00a0nab\u00eddli s\u00ed\u0165 tren\u00e9r\u016f, kte\u0159\u00ed jsou \u010dleny EALC a maj\u00ed zku\u0161enosti s\u00a0v\u00fdcvikem tohoto speci\u00e1ln\u00edho plemene a jsou tak\u00e9 majiteli leopard\u016f, nejd\u0159\u00edve z N\u011bmecka a Rakouska.<\/p>\n<p>C\u00edlem je vybudovat s\u00ed\u0165 tren\u00e9r\u016f i v\u00a0ostatn\u00edch evropsk\u00fdch zem\u00edch a jako EALC pro to poskytnout platformu. N\u00ed\u017ee na t\u00e9to str\u00e1nce najdete tak\u00e9\u00a0<strong>EALC instruktory, kte\u0159\u00ed maj\u00ed zku\u0161enost s\u00a0v\u00fdcvikem leopard\u016f<\/strong>.\u00a0Mohou v\u00e1m d\u00e1t rady i v\u00a0r\u016fzn\u00fdch ot\u00e1zk\u00e1ch, t\u00fdkaj\u00edc\u00edch se v\u00fdcviku v\u00a0r\u016fzn\u00fdch pracovn\u00edch discipl\u00edn\u00e1ch.<\/p>","protected":false},"excerpt":{"rendered":"<p>Jak v\u0161ichni v\u00edme, catahoula pro n\u00e1s znamen\u00e1 velkou v\u00fdzvu, co se t\u00fd\u010de v\u00fdchovy i ka\u017edodenn\u00edho \u017eivota. R\u00e1di bychom\u00a0zde\u00a0nab\u00eddli s\u00ed\u0165 tren\u00e9r\u016f, kte\u0159\u00ed jsou \u010dleny EALC a maj\u00ed zku\u0161enosti s\u00a0v\u00fdcvikem tohoto speci\u00e1ln\u00edho plemene a jsou tak\u00e9 majiteli leopard\u016f, nejd\u0159\u00edve z N\u011bmecka a &hellip; <a href=\"https:\/\/www.ealc.info\/cs\/deutsch-trainernetzwerk\/\">Cel\u00fd p\u0159\u00edsp\u011bvek <span class=\"meta-nav\">&rarr;<\/span><\/a><\/p>\n","protected":false},"author":1,"featured_media":0,"parent":0,"menu_order":0,"comment_status":"closed","ping_status":"closed","template":"","meta":[],"_links":{"self":[{"href":"https:\/\/www.ealc.info\/cs\/wp-json\/wp\/v2\/pages\/3636"}],"collection":[{"href":"https:\/\/www.ealc.info\/cs\/wp-json\/wp\/v2\/pages"}],"about":[{"href":"https:\/\/www.ealc.info\/cs\/wp-json\/wp\/v2\/types\/page"}],"author":[{"embeddable":true,"href":"https:\/\/www.ealc.info\/cs\/wp-json\/wp\/v2\/users\/1"}],"replies":[{"embeddable":true,"href":"https:\/\/www.ealc.info\/cs\/wp-json\/wp\/v2\/comments?post=3636"}],"version-history":[{"count":84,"href":"https:\/\/www.ealc.info\/cs\/wp-json\/wp\/v2\/pages\/3636\/revisions"}],"predecessor-version":[{"id":4498,"href":"https:\/\/www.ealc.info\/cs\/wp-json\/wp\/v2\/pages\/3636\/revisions\/4498"}],"wp:attachment":[{"href":"https:\/\/www.ealc.info\/cs\/wp-json\/wp\/v2\/media?parent=3636"}],"curies":[{"name":"wp","href":"https:\/\/api.w.org\/{rel}","templated":true}]}}