{"id":44,"date":"2012-07-12T10:50:06","date_gmt":"2012-07-12T10:50:06","guid":{"rendered":"http:\/\/www.ealc.info\/?page_id=44&#038;lang=de"},"modified":"2021-06-14T05:57:54","modified_gmt":"2021-06-14T05:57:54","slug":"leitbild","status":"publish","type":"page","link":"https:\/\/www.ealc.info\/cs\/modelu\/","title":{"rendered":"Pojem"},"content":{"rendered":"<p><\/p>\n<p style=\"text-align: left;\">\u00a0<a href=\"https:\/\/www.ealc.info\/wp-content\/uploads\/2012\/08\/Mitgliedsantrag-EALC_eng-cz1.doc\" target=\"_blank\" rel=\"noopener\"><strong>\u010clensk\u00e1 p\u0159ihl\u00e1\u0161ka<\/strong><\/a><\/p>\n<h3 style=\"text-align: center;\"><span style=\"color: #4f1a00;\"><strong>Posl\u00e1ni <\/strong><\/span><\/h3>\n<h3 style=\"text-align: center;\"><span style=\"color: #4f1a00;\"><strong>European Association of Louisiana Catahoulas &#8211; EALC<\/strong><\/span><\/h3>\n<h3 style=\"text-align: center;\"><\/h3>\n<h1 style=\"text-align: left;\"><strong><span style=\"color: #800000;\"><a href=\"https:\/\/www.ealc.info\/wp-content\/uploads\/2012\/07\/Rettungshund-Indigo-mit-1-Jahr-bei-der-Ausbildung2.jpg\"><img loading=\"lazy\" class=\"alignright wp-image-127\" title=\"Indigo Louis Sumici kridla mit 1 Jahr bei der Ausbildung zum Rettungshund\" src=\"https:\/\/www.ealc.info\/wp-content\/uploads\/2012\/07\/Rettungshund-Indigo-mit-1-Jahr-bei-der-Ausbildung2-150x150.jpg\" alt=\"\" width=\"150\" height=\"150\" \/><\/a><a href=\"https:\/\/www.ealc.info\/wp-content\/uploads\/2012\/07\/Ambers-Dogs.jpg\"><img loading=\"lazy\" class=\"alignleft size-thumbnail wp-image-121\" title=\"Amber Middaugh\u00b4s and Ty Barton\u00b4s Catahoulas und Black-mouth cur cowdogs from Arizona working on cattle.\" src=\"https:\/\/www.ealc.info\/wp-content\/uploads\/2012\/07\/Ambers-Dogs-150x150.jpg\" alt=\"\" width=\"150\" height=\"150\" \/><\/a><a href=\"https:\/\/www.ealc.info\/wp-content\/uploads\/2012\/07\/Blue-Leopard-Catahoula.jpg\"><img loading=\"lazy\" class=\"aligncenter wp-image-130\" title=\"Blue Leopard Catahoula, Foto: Stephanie Lang von Langen\" src=\"https:\/\/www.ealc.info\/wp-content\/uploads\/2012\/07\/Blue-Leopard-Catahoula-150x150.jpg\" alt=\"\" width=\"150\" height=\"150\" \/><\/a><\/span><\/strong><\/h1>\n<h1 style=\"text-align: left;\"><\/h1>\n<p style=\"text-align: justify;\">Zalo\u017een\u00ed pracovn\u00ed skupiny pro louisiansk\u00e9ho leopard\u00edho psa v Evrop\u011b<\/p>\n<p style=\"text-align: justify;\"><strong><span style=\"color: #3d1400;\">\u201cEvropsk\u00e1 asociace louisiansk\u00e9ho leopard\u00edho psa \u2013 EALC\u201d<\/span><\/strong><\/p>\n<p style=\"text-align: justify;\">C\u00edle asociace:<\/p>\n<p style=\"text-align: justify;\">Chceme aktivn\u011b p\u0159isp\u011bt k zachov\u00e1n\u00ed louisiansk\u00e9ho leopard\u00edho psa (LC) \u2013 tj. zachovat jeho dobr\u00e9 zdrav\u00ed, pracovn\u00ed schopnosti, mimo\u0159\u00e1dn\u00fd charakter a standard plemene.<\/p>\n<p style=\"text-align: justify;\"><strong>Z tohoto d\u016fvodu jsme si dali n\u00e1sleduj\u00edc\u00ed \u00fakoly:<\/strong><\/p>\n<p style=\"text-align: justify;\">\u2022 Organizov\u00e1n\u00ed workshop\u016f a semin\u00e1\u0159\u016f zam\u011b\u0159enn\u00fdch na v\u00fdcvik a pr\u00e1ci s LC<\/p>\n<p style=\"text-align: justify;\">\u2022 Organizov\u00e1n\u00ed setk\u00e1n\u00ed LC<\/p>\n<p style=\"text-align: justify;\">\u2022 Testy pracovn\u00edch schopnost\u00ed<\/p>\n<p style=\"text-align: justify;\">\u2022 PR<\/p>\n<p style=\"text-align: justify;\">\u2022 V\u00fdm\u011bna zku\u0161enost\u00ed<\/p>\n<p style=\"text-align: justify;\">\u2022 Poradenstv\u00ed p\u0159i v\u00fdchov\u011b ps\u016f a dal\u0161\u00ed vzd\u011bl\u00e1v\u00e1n\u00ed majitel\u016f<\/p>\n<p style=\"text-align: justify;\">\u2022 Zpravodajstv\u00ed o pracovn\u00edch v\u00fdsledc\u00edch LC na blogu<\/p>\n<p style=\"text-align: justify;\">Chceme z\u00edskat zku\u0161en\u00e9 majitele LC, chovatele, tren\u00e9ry a ostatn\u00ed experty, aby n\u00e1m pomohli sv\u00fdmi zku\u0161enostmi pomoc\u00ed workshop\u016f a semin\u00e1\u0159\u016f sezn\u00e1mit s danou problematikou majitele a v\u0161echny, kte\u0159\u00ed se o plemeno zaj\u00edmaj\u00ed. P\u0159\u00e1tel\u00e9 tohoto plemene i budouc\u00ed nov\u00ed majitel\u00e9 LC jsou v\u00edt\u00e1ni.<\/p>\n<p style=\"text-align: justify;\">Nejsme chovatelsk\u00fd klub. V\u00fdstavy budeme po\u0159\u00e1dat pouze p\u0159\u00edle\u017eitostn\u011b.<b> <\/b>V\u00fdstavy by m\u011bly slou\u017eit pouze k posouzen\u00ed exteri\u00e9ru a vhodnosti k chovu z hlediska zachov\u00e1n\u00ed standardu plemene. Louisi\u00e1nsk\u00fd leopard\u00ed pes je p\u0159edev\u0161\u00edm pracovn\u00ed plemeno a nem\u00e1 smysl tr\u00e1vit s n\u00edm v\u00edkendy ve v\u00fdstavn\u00edch hal\u00e1ch<b>. <\/b><\/p>\n<p style=\"text-align: justify;\">Jsme ochotni poskytovat i chovatelsk\u00e9 rady v jednotliv\u00fdch p\u0159\u00edpadech a tam, kde si je majitel\u00e9 vy\u017e\u00e1daj\u00ed, a budeme se v\u011bnovat i problematice a osv\u011bt\u011b t\u00fdkaj\u00edc\u00ed se d\u016fle\u017eit\u00fdch zdravotn\u00edch test\u016f, vhodnosti p\u0159\u00edpadn\u00fdch spojen\u00ed, mo\u017enosti registrace, odchovu a socializace \u0161t\u011b\u0148at, v\u00fdcviku atd.<\/p>\n<p style=\"text-align: justify;\">Chceme z\u016fstat v \u00fazk\u00e9m kontaktu s NALC a americk\u00fdmi ko\u0159eny tohoto plemene.<\/p>\n<p style=\"text-align: justify;\"><a href=\"https:\/\/www.ealc.info\/wp-content\/uploads\/2012\/08\/Mitgliedsantrag-EALC_eng-cz1.doc\" target=\"_blank\" rel=\"noopener\">\u010clensk\u00e1 p\u0159ihl\u00e1\u0161ka<\/a><\/p>\n<p style=\"text-align: justify;\">\u010clensk\u00fd poplatek 480.- CZK (19.- \u20ac)<\/p>\n<p style=\"text-align: justify;\">Nejsme chovatelsk\u00fd klub, proto nejsou existuj\u00edc\u00ed \u010dlenstv\u00ed v jin\u00fdch chovatelsk\u00fdch klubech na z\u00e1vadu.<\/p>\n<p style=\"text-align: justify;\">EALC je nez\u00e1visl\u00e1, demokratick\u00e1 organizace, kter\u00e1 nesleduje \u017e\u00e1dn\u00e9 ekonomick\u00e9 c\u00edle. V\u00fdt\u011b\u017eek z\u016fst\u00e1v\u00e1 v EALC a bude pou\u017eit na n\u00e1klady spojen\u00e9 s chodem a c\u00edli t\u00e9to organizace.<\/p>\n<p style=\"text-align: justify;\">\n<p><\/p>","protected":false},"excerpt":{"rendered":"<p>\u00a0\u010clensk\u00e1 p\u0159ihl\u00e1\u0161ka Posl\u00e1ni European Association of Louisiana Catahoulas &#8211; EALC Zalo\u017een\u00ed pracovn\u00ed skupiny pro louisiansk\u00e9ho leopard\u00edho psa v Evrop\u011b \u201cEvropsk\u00e1 asociace louisiansk\u00e9ho leopard\u00edho psa \u2013 EALC\u201d C\u00edle asociace: Chceme aktivn\u011b p\u0159isp\u011bt k zachov\u00e1n\u00ed louisiansk\u00e9ho leopard\u00edho psa (LC) \u2013 tj. zachovat &hellip; <a href=\"https:\/\/www.ealc.info\/cs\/modelu\/\">Cel\u00fd p\u0159\u00edsp\u011bvek <span class=\"meta-nav\">&rarr;<\/span><\/a><\/p>\n","protected":false},"author":1,"featured_media":0,"parent":0,"menu_order":5,"comment_status":"closed","ping_status":"closed","template":"","meta":[],"_links":{"self":[{"href":"https:\/\/www.ealc.info\/cs\/wp-json\/wp\/v2\/pages\/44"}],"collection":[{"href":"https:\/\/www.ealc.info\/cs\/wp-json\/wp\/v2\/pages"}],"about":[{"href":"https:\/\/www.ealc.info\/cs\/wp-json\/wp\/v2\/types\/page"}],"author":[{"embeddable":true,"href":"https:\/\/www.ealc.info\/cs\/wp-json\/wp\/v2\/users\/1"}],"replies":[{"embeddable":true,"href":"https:\/\/www.ealc.info\/cs\/wp-json\/wp\/v2\/comments?post=44"}],"version-history":[{"count":117,"href":"https:\/\/www.ealc.info\/cs\/wp-json\/wp\/v2\/pages\/44\/revisions"}],"predecessor-version":[{"id":4347,"href":"https:\/\/www.ealc.info\/cs\/wp-json\/wp\/v2\/pages\/44\/revisions\/4347"}],"wp:attachment":[{"href":"https:\/\/www.ealc.info\/cs\/wp-json\/wp\/v2\/media?parent=44"}],"curies":[{"name":"wp","href":"https:\/\/api.w.org\/{rel}","templated":true}]}}