{"id":681,"date":"2012-07-26T19:40:35","date_gmt":"2012-07-26T19:40:35","guid":{"rendered":"http:\/\/www.ealc.info\/de\/?page_id=681"},"modified":"2021-06-01T09:33:47","modified_gmt":"2021-06-01T09:33:47","slug":"http-seo-ealc-info-de-louisiana-catahoula-leopard-dog","status":"publish","type":"page","link":"https:\/\/www.ealc.info\/cs\/","title":{"rendered":"V\u00edtejte v EALC"},"content":{"rendered":"<p><a href=\"https:\/\/www.ealc.info\/wp-content\/uploads\/2020\/03\/EALC_Logo-Reinzeichnung_RGB-72dpi_121123.png\"><img loading=\"lazy\" class=\"aligncenter wp-image-3431 size-medium\" src=\"https:\/\/www.ealc.info\/wp-content\/uploads\/2020\/03\/EALC_Logo-Reinzeichnung_RGB-72dpi_121123-300x215.png\" alt=\"\" width=\"300\" height=\"215\" srcset=\"https:\/\/www.ealc.info\/wp-content\/uploads\/2020\/03\/EALC_Logo-Reinzeichnung_RGB-72dpi_121123-300x215.png 300w, https:\/\/www.ealc.info\/wp-content\/uploads\/2020\/03\/EALC_Logo-Reinzeichnung_RGB-72dpi_121123.png 735w\" sizes=\"(max-width: 300px) 100vw, 300px\" \/><\/a><\/p>\n<p>&nbsp;<\/p>\n<p>&nbsp;<\/p>\n<h1><span class=\"VIiyi\" lang=\"cs\"><span class=\"JLqJ4b ChMk0b\" data-language-for-alternatives=\"cs\" data-language-to-translate-into=\"de\" data-phrase-index=\"0\">Zde najdete d\u016fle\u017eit\u00e9 informace o <a href=\"https:\/\/www.ealc.info\/cs\/rasa\/\">Catahoule<\/a>, chovu <a href=\"https:\/\/www.ealc.info\/cs\/3611-2\/\">pracovn\u00edho plemene<\/a> ps\u016f a o tom, co byste m\u011bli zv\u00e1\u017eit a v\u011bd\u011bt <a href=\"https:\/\/www.ealc.info\/cs\/chteli-byste-mit-catahoulu-5\/\">p\u0159ed n\u00e1kupem<\/a>!<\/span><\/span><\/h1>\n<h1><a href=\"https:\/\/www.ealc.info\/cs\/3895-2\/\">Louisiansk\u00fd leopard\u00ed pes je pes stvo\u0159en\u00fd pro pr\u00e1ci!<\/a><\/h1>\n<p><\/p>","protected":false},"excerpt":{"rendered":"<p>&nbsp; &nbsp; Zde najdete d\u016fle\u017eit\u00e9 informace o Catahoule, chovu pracovn\u00edho plemene ps\u016f a o tom, co byste m\u011bli zv\u00e1\u017eit a v\u011bd\u011bt p\u0159ed n\u00e1kupem! Louisiansk\u00fd leopard\u00ed pes je pes stvo\u0159en\u00fd pro pr\u00e1ci!<\/p>\n","protected":false},"author":1,"featured_media":0,"parent":0,"menu_order":0,"comment_status":"closed","ping_status":"closed","template":"","meta":[],"_links":{"self":[{"href":"https:\/\/www.ealc.info\/cs\/wp-json\/wp\/v2\/pages\/681"}],"collection":[{"href":"https:\/\/www.ealc.info\/cs\/wp-json\/wp\/v2\/pages"}],"about":[{"href":"https:\/\/www.ealc.info\/cs\/wp-json\/wp\/v2\/types\/page"}],"author":[{"embeddable":true,"href":"https:\/\/www.ealc.info\/cs\/wp-json\/wp\/v2\/users\/1"}],"replies":[{"embeddable":true,"href":"https:\/\/www.ealc.info\/cs\/wp-json\/wp\/v2\/comments?post=681"}],"version-history":[{"count":199,"href":"https:\/\/www.ealc.info\/cs\/wp-json\/wp\/v2\/pages\/681\/revisions"}],"predecessor-version":[{"id":4345,"href":"https:\/\/www.ealc.info\/cs\/wp-json\/wp\/v2\/pages\/681\/revisions\/4345"}],"wp:attachment":[{"href":"https:\/\/www.ealc.info\/cs\/wp-json\/wp\/v2\/media?parent=681"}],"curies":[{"name":"wp","href":"https:\/\/api.w.org\/{rel}","templated":true}]}}