{"id":964,"date":"2012-08-02T20:32:41","date_gmt":"2012-08-02T20:32:41","guid":{"rendered":"http:\/\/www.ealc.info\/de\/?page_id=964"},"modified":"2021-06-14T06:01:26","modified_gmt":"2021-06-14T06:01:26","slug":"links","status":"publish","type":"page","link":"https:\/\/www.ealc.info\/cs\/odkazy\/","title":{"rendered":"Odkazy"},"content":{"rendered":"<p><\/p>\n<h3><strong><span style=\"color: #ff9900;\">LC &#8211; Zdrav\u00ed<\/span><\/strong><\/h3>\n<p><span style=\"color: #333333;\"><a href=\"http:\/\/www.biofocus.de\/de\/tier\/hund\/farbvererbung\/\" target=\"_blank\" rel=\"noopener\"><span style=\"color: #333333;\">Testov\u00e1n\u00ed merle genu <\/span><\/a><\/span><span style=\"color: #333333;\">\u2013 tak\u00e9 v angli\u010dtin\u011b. Pokud m\u00e1te n\u011bjak\u00e9 dotazy na toto t\u00e9ma, nev\u00e1hejte n\u00e1s kontaktovat.<\/span><\/p>\n<p><span style=\"color: #333333;\"><a href=\"https:\/\/www.ealc.info\/wp-content\/uploads\/2012\/08\/Audiometrie.pdf\" target=\"_blank\" rel=\"noopener\"><span style=\"color: #333333;\">Audiometrie<\/span><\/a> <\/span><span style=\"color: #333333;\">\u2013 adresy evropsk\u00fdch veterin\u00e1\u0159\u016f, kte\u0159\u00ed prov\u00e1d\u011bj\u00ed testy na hluchotu. Iinformujte n\u00e1s pros\u00edm, pokud m\u016f\u017ee p\u0159idat dal\u0161\u00ed adresu. Je to hlavn\u011b pro chovatele.<\/span><\/p>\n<p><a href=\"http:\/\/www.offa.org\/hd_procedures.html\" target=\"_blank\" rel=\"noopener\">OFA syst\u00e9m<\/a> hodnocen\u00ed ky\u010dl\u00ed<\/p>\n<p>&nbsp;<\/p>\n<h3><strong><span style=\"color: #ff9900;\">Odkazy na \u010dleny EALC<\/span><\/strong><\/h3>\n<p><span style=\"color: #333333;\"><a href=\"http:\/\/www.langvonlangen.com\/\" target=\"_blank\" rel=\"noopener\"><span style=\"color: #333333;\">Stephanie Lang von Langen<\/span><\/a><\/span><\/p>\n<p><span style=\"color: #333333;\"><a href=\"http:\/\/www.catahoula-leopard-dog.de\/\"><span style=\"color: #333333;\">Country Strong Catahoulas\u00a0<\/span><\/a><\/span><\/p>\n<p><span style=\"color: #333333;\"><a href=\"http:\/\/besavej.webnode.cz\/\" target=\"_blank\" rel=\"noopener\"><span style=\"color: #333333;\">Besavej Catahoulas<\/span><\/a><\/span><\/p>\n<p><a href=\"http:\/\/www.fairmatecatahoulas.com\/\" target=\"_blank\" rel=\"noopener\"><span style=\"color: #333333;\"><span style=\"color: #333333;\">Fair Mate Catahoulas<\/span><\/span><\/a><\/p>\n<p><a href=\"http:\/\/www.zulu-nandi.de\/\" target=\"_blank\" rel=\"noopener\"><span style=\"color: #333333;\">Zulu-Nandi<\/span><\/a><\/p>\n<p><span style=\"color: #333333;\"><a href=\"http:\/\/www.maskacatahoulas.com\/\" target=\"_blank\" rel=\"noopener\"><span style=\"color: #333333;\">Maska Catahoulas<\/span><\/a><\/span><\/p>\n<h3>\u00a0<\/h3>\n<h3>\u00a0<\/h3>\n<p><\/p>","protected":false},"excerpt":{"rendered":"<p>LC &#8211; Zdrav\u00ed Testov\u00e1n\u00ed merle genu \u2013 tak\u00e9 v angli\u010dtin\u011b. Pokud m\u00e1te n\u011bjak\u00e9 dotazy na toto t\u00e9ma, nev\u00e1hejte n\u00e1s kontaktovat. Audiometrie \u2013 adresy evropsk\u00fdch veterin\u00e1\u0159\u016f, kte\u0159\u00ed prov\u00e1d\u011bj\u00ed testy na hluchotu. Iinformujte n\u00e1s pros\u00edm, pokud m\u016f\u017ee p\u0159idat dal\u0161\u00ed adresu. Je to &hellip; <a href=\"https:\/\/www.ealc.info\/cs\/odkazy\/\">Cel\u00fd p\u0159\u00edsp\u011bvek <span class=\"meta-nav\">&rarr;<\/span><\/a><\/p>\n","protected":false},"author":1,"featured_media":0,"parent":0,"menu_order":90,"comment_status":"closed","ping_status":"closed","template":"","meta":[],"_links":{"self":[{"href":"https:\/\/www.ealc.info\/cs\/wp-json\/wp\/v2\/pages\/964"}],"collection":[{"href":"https:\/\/www.ealc.info\/cs\/wp-json\/wp\/v2\/pages"}],"about":[{"href":"https:\/\/www.ealc.info\/cs\/wp-json\/wp\/v2\/types\/page"}],"author":[{"embeddable":true,"href":"https:\/\/www.ealc.info\/cs\/wp-json\/wp\/v2\/users\/1"}],"replies":[{"embeddable":true,"href":"https:\/\/www.ealc.info\/cs\/wp-json\/wp\/v2\/comments?post=964"}],"version-history":[{"count":86,"href":"https:\/\/www.ealc.info\/cs\/wp-json\/wp\/v2\/pages\/964\/revisions"}],"predecessor-version":[{"id":4349,"href":"https:\/\/www.ealc.info\/cs\/wp-json\/wp\/v2\/pages\/964\/revisions\/4349"}],"wp:attachment":[{"href":"https:\/\/www.ealc.info\/cs\/wp-json\/wp\/v2\/media?parent=964"}],"curies":[{"name":"wp","href":"https:\/\/api.w.org\/{rel}","templated":true}]}}