{"id":11,"date":"2012-07-05T05:12:20","date_gmt":"2012-07-05T05:12:20","guid":{"rendered":"http:\/\/www.ealc.info\/?page_id=11&#038;lang=de"},"modified":"2021-06-14T05:58:50","modified_gmt":"2021-06-14T05:58:50","slug":"zuchtercheck","status":"publish","type":"page","link":"https:\/\/www.ealc.info\/de\/zuechtercheck\/","title":{"rendered":"Z\u00fcchtercheck"},"content":{"rendered":"<p><\/p>\n<h1>Der geeignete Z\u00fcchter f\u00fcr &#8222;meinen&#8220; Catahoula!<\/h1>\n<div id=\"attachment_581\" style=\"width: 310px\" class=\"wp-caption aligncenter\"><a href=\"https:\/\/www.ealc.info\/wp-content\/uploads\/2012\/07\/catahoulawelpen1.jpg\"><img aria-describedby=\"caption-attachment-581\" loading=\"lazy\" class=\"size-medium wp-image-581\" title=\"catahoulawelpen1\" src=\"https:\/\/www.ealc.info\/wp-content\/uploads\/2012\/07\/catahoulawelpen1-300x225.jpg\" alt=\"\" width=\"300\" height=\"225\" srcset=\"https:\/\/www.ealc.info\/wp-content\/uploads\/2012\/07\/catahoulawelpen1-300x225.jpg 300w, https:\/\/www.ealc.info\/wp-content\/uploads\/2012\/07\/catahoulawelpen1.jpg 1024w\" sizes=\"(max-width: 300px) 100vw, 300px\" \/><\/a><p id=\"caption-attachment-581\" class=\"wp-caption-text\">Catahoulawelpen<\/p><\/div>\n<h3 style=\"text-align: left;\">Informationen f\u00fcr Catahoula Interessierte, die nach einem geeigneten Z\u00fcchter suchen:<\/h3>\n<p style=\"text-align: center;\">Checkliste Auswahl Catahoulaz\u00fcchter:<\/p>\n<p>\u2022 Informationen \u00fcber die Elterntiere \u2013 Gesundheitstests, H\u00fcften (HD), Charakter, Arbeitseigenschaften, passende Fellfarbe, <a href=\"https:\/\/www.ealc.info\/de\/die-sache-mit-dem-merle-gen\/\">Merle gen Test<\/a><\/p>\n<p>\u2022 Der Z\u00fcchter wei\u00df um die Probleme bei der Zucht mit <a href=\"https:\/\/www.ealc.info\/de\/die-sache-mit-dem-merle-gen\/\">Merle<\/a>-Rassen, zu denen der Catahoula geh\u00f6rt. Er kennt das Gesundheitsrisisko, zu denen zum Beispiel die einseitige oder beidseitige Taubheit geh\u00f6rt. Er w\u00e4hlt deshalb den Ph\u00e4notypus der Elterntiere entsprechend aus und hat bei den Hunden einen Merle Gen Test durchf\u00fchren lassen, um das Risiko zu minimieren.<\/p>\n<p>\u2022 Die Mutterh\u00fcndin ist mindestens 2 Jahre alt bei ihrem ersten Wurf<\/p>\n<p>\u2022 Die Welpen sind nicht von einem anderen Z\u00fcchter aufgekauft<\/p>\n<p>\u2022 Stressfreie Zeit der Mutterh\u00fcndin vor der Geburt<\/p>\n<p>\u2022 Viel Ruhe f\u00fcr Mutterh\u00fcndin und Welpen in den ersten drei bis vier Wochen nach Geburt<\/p>\n<p>\u2022 Fr\u00fche Sozialisierung mit Umwelt, Mensch, Hund usw. &#8211; ausreichend, aber nicht zuviel!<\/p>\n<p>\u2022 BAER Test bei Welpen mit h\u00f6herem Risiko<\/p>\n<p>\u2022 Der Z\u00fcchter hat derzeit nur einen, maximal 2 W\u00fcrfe und hat Erfahrung mit dieser Rasse!<\/p>\n<p>\u2022 Der Z\u00fcchter kennt seine Welpen sehr gut und kann Sie bei der Auswahl beraten.<\/p>\n<p>\u2022 Der Z\u00fcchter lehnt Verkauf \u00fcber Internet ab und m\u00f6chte Sie kennen lernen!<\/p>\n<hr \/>\n<p style=\"text-align: justify;\">Um sicher zu gehen, ob Sie einen guten und verantwortungsvollen Z\u00fcchter f\u00fcr Ihren zuk\u00fcnftigen Catahoula gefunden haben, sollten Sie einiges bei der Auswahl beachten.<\/p>\n<p style=\"text-align: justify;\">Als erstes sollten Sie sich beim Z\u00fcchter \u00fcber die Elterntiere informieren.<\/p>\n<p style=\"text-align: justify;\">Der Louisiana Catahoula Leopard Dog ist eine robuste und eigentlich noch gesunde Rasse. Trotzdem gibt es einiges zu bedenken.<\/p>\n<p style=\"text-align: justify;\">Erst einmal sollten beide Elterntiere gesund sein. Nachweise \u00fcber H\u00fcftuntersuchungen und andere Gesundheitsuntersuchungen, z.B. BAER Test, sind zu erfragen.<\/p>\n<p style=\"text-align: justify;\">Die meisten Catahoulas sind sogenannte Merle Gen Tr\u00e4ger. Dieses Gen f\u00fchrt, h\u00e4ufig in Verbindung mit einem hohen Wei\u00dfanteil im Fell, nicht selten zu Taubheit.<\/p>\n<p style=\"text-align: justify;\">Der Z\u00fcchter sollte \u00fcber Probleme bei der Merle-x-merle-Zucht und deren Folgen gut informiert sein!<\/p>\n<p style=\"text-align: justify;\">Da wir heute wissen, dass auch Solids, also optisch einfarbige Catahoulas, Merle Gen Tr\u00e4ger sein k\u00f6nnen,\u00a0sollte bei jedem\u00a0Welpen mit h\u00f6herem Risiko\u00a0ein sogennanter BAER Test vorliegen um einseitige oder komplette Taubheit auszuschlie\u00dfen.<\/p>\n<p style=\"text-align: justify;\">Leider kam es immer wieder vor, dass von einem sogenannten \u201eZ\u00fcchter\u201c Welpen im Ausland eingekauft wurden und dann im Inland Gewinn bringend weiter verkauft worden sind. Der urspr\u00fcngliche Z\u00fcchter ist dar\u00fcber meist nicht informiert. Wenn Sie Zweifel haben, versichern Sie sich, dass die Welpen bei diesem Z\u00fcchter geboren und aufgezogen worden sind.<\/p>\n<p style=\"text-align: justify;\">Das Alter der Mutterh\u00fcndin spielt bei der Aufzucht eine gro\u00dfe Rolle. Die H\u00fcndin sollte bei Ihrem ersten Wurf nicht j\u00fcnger als zwei Jahre sein. Zu junge H\u00fcndinnen sind oft mit dieser Aufgabe \u00fcberfordert. Das wirkt sich dann auch auf die Welpen und ihre Entwicklung aus. Oft sind die Tiere aus solchen W\u00fcrfen nerv\u00f6s und finden wenig Ruhe, da ihr erstes Vorbild die Mutter ist.<\/p>\n<p style=\"text-align: justify;\">Nicht zu untersch\u00e4tzen ist die Zeit vor der Geburt. Hat die H\u00fcndin zu viel Stress durch ung\u00fcnstige Lebensbedingungen, so wirken die Stresshormone der H\u00fcndin durch den Blutkreislauf auf die ungeborenen Welpen. Durch zu viel Stresserleben kann sie die Welpen nicht entspannt und souver\u00e4n aufziehen.<\/p>\n<p style=\"text-align: justify;\">Dies beeinflusst stark das Stresssystem der Welpen und kann im Verlauf der Entwicklung Probleme schaffen. Starke Unruhe und Unsicherheit k\u00f6nnen typische Symptome hierf\u00fcr sein.<\/p>\n<p style=\"text-align: justify;\">Ein guter Z\u00fcchter hat seiner tr\u00e4chtigen H\u00fcndin einen ruhigen R\u00fcckzugsort geschaffen in der sie die Welpen in den ersten Lebenswochen aufzieht.<\/p>\n<p style=\"text-align: justify;\">Wichtig ist, dass die H\u00fcndin sich in den ersten 4 Wochen nach Geburt der Welpen ohne unn\u00f6tige St\u00f6rungen von au\u00dfen um ihren Nachwuchs k\u00fcmmern kann.<\/p>\n<p style=\"text-align: justify;\">Anschlie\u00dfend sollte eine fr\u00fche Sozialisierung mit Umwelt, Ger\u00e4uschen, Menschen, anderen Tieren (wenn im Haus) und anderen Hunden stattfinden. Ausreichend, aber nicht zuviel!<\/p>\n<p style=\"text-align: justify;\">Hat ein Z\u00fcchter mehrere W\u00fcrfe gleichzeitig, vielleicht auch von verschiedenen Rassen, so muss man m\u00f6glicherweise davon aus gehen, dass hier Welpen produziert werden und eine verantwortungsvolle Aufzucht nicht m\u00f6glich ist. Auch k\u00f6nnen Sie einen guten Z\u00fcchter daran erkennen, dass er sich sehr daf\u00fcr interessiert, was Sie mit \u201eseinem\u201c Catahoulawelpen vorhaben.<\/p>\n<p style=\"text-align: justify;\">Er m\u00f6chte Sie kennenlernen und ist so erfahren mit der Rasse, dass er seine Welpen und deren Pers\u00f6nlichkeit gut kennt und\u00a0Sie bei der Auswahl des passenden Tieres beraten kann. Er kann Ihnen auch ausf\u00fchrlich \u00fcber die Charaktere der Elterntiere berichten.<\/p>\n<p style=\"text-align: justify;\">Von Internetk\u00e4ufen ist dringend abzuraten!!<\/p>\n<h2><a href=\"https:\/\/www.ealc.info\/de\/zuechter-im-ealc\/\">Z\u00fcchter im EALC<\/a><\/h2>\n<p style=\"text-align: center;\">\n<p><\/p>","protected":false},"excerpt":{"rendered":"<p>Der geeignete Z\u00fcchter f\u00fcr &#8222;meinen&#8220; Catahoula! Informationen f\u00fcr Catahoula Interessierte, die nach einem geeigneten Z\u00fcchter suchen: Checkliste Auswahl Catahoulaz\u00fcchter: \u2022 Informationen \u00fcber die Elterntiere \u2013 Gesundheitstests, H\u00fcften (HD), Charakter, Arbeitseigenschaften, passende Fellfarbe, Merle gen Test \u2022 Der Z\u00fcchter wei\u00df um &hellip; <a href=\"https:\/\/www.ealc.info\/de\/zuechtercheck\/\">Weiterlesen <span class=\"meta-nav\">&rarr;<\/span><\/a><\/p>\n","protected":false},"author":1,"featured_media":0,"parent":0,"menu_order":30,"comment_status":"closed","ping_status":"closed","template":"","meta":[],"_links":{"self":[{"href":"https:\/\/www.ealc.info\/de\/wp-json\/wp\/v2\/pages\/11"}],"collection":[{"href":"https:\/\/www.ealc.info\/de\/wp-json\/wp\/v2\/pages"}],"about":[{"href":"https:\/\/www.ealc.info\/de\/wp-json\/wp\/v2\/types\/page"}],"author":[{"embeddable":true,"href":"https:\/\/www.ealc.info\/de\/wp-json\/wp\/v2\/users\/1"}],"replies":[{"embeddable":true,"href":"https:\/\/www.ealc.info\/de\/wp-json\/wp\/v2\/comments?post=11"}],"version-history":[{"count":102,"href":"https:\/\/www.ealc.info\/de\/wp-json\/wp\/v2\/pages\/11\/revisions"}],"predecessor-version":[{"id":4219,"href":"https:\/\/www.ealc.info\/de\/wp-json\/wp\/v2\/pages\/11\/revisions\/4219"}],"wp:attachment":[{"href":"https:\/\/www.ealc.info\/de\/wp-json\/wp\/v2\/media?parent=11"}],"curies":[{"name":"wp","href":"https:\/\/api.w.org\/{rel}","templated":true}]}}