{"id":2965,"date":"2018-03-05T19:34:39","date_gmt":"2018-03-05T19:34:39","guid":{"rendered":"http:\/\/www.ealc.info\/de\/?page_id=2965"},"modified":"2024-12-29T08:46:36","modified_gmt":"2024-12-29T08:46:36","slug":"zuechter-und-notfelle","status":"publish","type":"page","link":"https:\/\/www.ealc.info\/de\/zuechter-und-notfelle\/","title":{"rendered":"Z\u00fcchter und NotFelle"},"content":{"rendered":"<p>Hier finden Sie Catahoula Z\u00fcchter aus Europa die Mitglied im EALC sind. Nat\u00fcrlich gibt es auch au\u00dferhalb des EALC verantwortungsvolle Catahoula Z\u00fcchter. Bitte seien Sie jedoch kritisch &#8211; Kaufen Sie nicht von \u201eVermehrern\u201c. Stellen Sie die richtigen Fragen, sehen Sie sich verschiedene <a href=\"https:\/\/www.ealc.info\/de\/rasse\/\">Louisiana Catahoula Leopard Dog<\/a> Z\u00fcchter an. Ein paar wichtige Tipps finden Sie unter <a href=\"https:\/\/www.ealc.info\/de\/zuechtercheck\/\">Z\u00fcchtercheck<\/a>!<\/p>\n<p>Hier geht\u00b4s zu Catahoula <strong><a href=\"https:\/\/www.ealc.info\/de\/deckrueden\/\">&#8222;Deckr\u00fcden im EALC&#8220;<\/a>\u00a0<\/strong><\/p>\n<p>Wir helfen auch bei der Vermittlung von <a href=\"https:\/\/www.ealc.info\/de\/catahoula-in-not\/\">Not-Catahoulas<\/a><\/p>\n<p>F\u00fcr Erg\u00e4nzungen kontaktieren Sie uns gerne \u2013 <a href=\"mailto:catahoula@ealc.info\">catahoula@ealc.info<\/a><\/p>\n<hr \/>\n<h2><strong><span style=\"color: #333399;\">Derzeitige Z\u00fcchter im EALC:<\/span><\/strong><\/h2>\n<h3><strong><span style=\"color: #333399;\">Belgien<\/span><\/strong><\/h3>\n<p style=\"padding-left: 30px;\"><strong>Diversity\u00b4s Catahoulas <\/strong>(siehe auch unter Ungarn)<\/p>\n<p style=\"padding-left: 30px;\">Z\u00fcchterin: Danielle van Praag<\/p>\n<p style=\"padding-left: 30px;\">NALC-registrierter Kennel<\/p>\n<p style=\"padding-left: 30px;\"><a href=\"https:\/\/www.facebook.com\/diversitysleopard\/\">Facebook<\/a><\/p>\n<p>\u00a0 \u00a0 \u00a0 \u00a0Website:\u00a0<a href=\"http:\/\/www.leoparddog.hu\/\" target=\"_blank\" rel=\"noopener noreferrer\">www.leoparddog.hu<\/a><\/p>\n<p style=\"padding-left: 30px;\">E-Mail: <a href=\"mailto:daniellevanpraag@hotmail.com\">daniellevanpraag@hotmail.com\u00a0<\/a>(Belgisch, Englisch)<\/p>\n<hr \/>\n<h3><strong><span style=\"color: #333399;\">Deutschland<\/span><\/strong><\/h3>\n<p style=\"text-align: left; padding-left: 30px;\"><strong>Phoenix Rising Catahoulas<\/strong><\/p>\n<p style=\"text-align: left; padding-left: 30px;\">Z\u00fcchterin: Tina Profitt<\/p>\n<p style=\"text-align: left; padding-left: 30px;\">NALC-registrierter Kennel<\/p>\n<p style=\"text-align: left; padding-left: 30px;\"><a href=\"https:\/\/www.facebook.com\/PhoenixRisingCatahoulas\">Facebook<\/a><\/p>\n<p style=\"text-align: left; padding-left: 30px;\">Website:\u00a0<a href=\"https:\/\/phoenixrisingcatahoulas.de\">https:\/\/phoenixrisingcatahoulas.de<\/a><\/p>\n<p style=\"text-align: left; padding-left: 30px;\">E-Mail: <a href=\"mailto:catahoula@gmx.de\">catahoula@gmx.de<\/a> (Deutsch, English, Tschechisch, Afrikaans)<\/p>\n<p style=\"text-align: left; padding-left: 30px;\">Telefon:\u00a0+49\u00a0 176 304 98 516 (Deutsch, English, Tschechisch, Afrikaans)<\/p>\n<p>&nbsp;<\/p>\n<p style=\"padding-left: 30px;\"><strong>Wakan Tanka Catahoulas<\/strong><\/p>\n<p style=\"padding-left: 30px;\">Z\u00fcchterin: Dr. Frauke K\u00f6hler<\/p>\n<p style=\"padding-left: 30px;\">NALC-registrierter Kennel<\/p>\n<p style=\"padding-left: 30px;\"><a href=\"https:\/\/www.facebook.com\/Wakan-Tanka-Catahoulas-374320042973682\/\">Facebook<\/a><\/p>\n<p style=\"padding-left: 30px;\">E-Mail: \u00a0<span lang=\"EN-US\"><a href=\"mailto:frauke.koehler@gmx.de\"><span lang=\"DE\">frauke.koehler@gmx.de<\/span><\/a><\/span> (Deutsch, English)<\/p>\n<p>\u00a0 \u00a0 \u00a0 \u00a0Telefon:\u00a0 +49 177 6634960 (Deutsch, English)<\/p>\n<p>&nbsp;<\/p>\n<p style=\"padding-left: 30px;\"><strong>Catahoulas aus dem Ulstertal<\/strong><\/p>\n<p style=\"padding-left: 30px;\">Z\u00fcchterin: Yvonne Molter<\/p>\n<p style=\"padding-left: 30px;\">NALC-registrierter Kennel<\/p>\n<p style=\"padding-left: 30px;\"><a href=\"https:\/\/www.facebook.com\/Yvomol\/\">Facebook<\/a><\/p>\n<p style=\"padding-left: 30px;\">E-Mail: <a href=\"mailto:yvonnemolter@me.com\">yvonnemolter@me.com<\/a> (Deutsch, Englisch)<\/p>\n<p>&nbsp;<\/p>\n<p style=\"padding-left: 30px;\"><strong>Elchschaufel\u00b4s Catahoulas<\/strong><\/p>\n<p style=\"padding-left: 30px;\">Z\u00fcchterin: Gerlind Roericht<\/p>\n<p style=\"padding-left: 30px;\">NALC-registrierter Kennel<\/p>\n<p style=\"padding-left: 30px;\">E-Mail: <a href=\"mailto:elchschaufelgr@aol.com\">elchschaufelgr@aol.com<\/a> (Deutsch, English)<\/p>\n<p>\u00a0 \u00a0 \u00a0 \u00a0Tel. +49 35363 240<\/p>\n<hr \/>\n<h3><strong><span style=\"color: #333399;\">Niederlande<\/span><\/strong><\/h3>\n<h3 dir=\"auto\" style=\"padding-left: 40px;\"><strong>Clan Catahoulas<\/strong><\/h3>\n<h3 dir=\"auto\" style=\"padding-left: 40px;\">Z\u00fcchterin: Faye Meddeler<\/h3>\n<h3 dir=\"auto\" style=\"padding-left: 40px;\">NALC registered kennel<\/h3>\n<h3 dir=\"auto\" style=\"padding-left: 40px;\">Facebook &amp; Instagram : Clancatahoula<\/h3>\n<h3 dir=\"auto\" style=\"padding-left: 40px;\">Website:\u00a0<a href=\"http:\/\/www.clancatahoula.com\/\" target=\"_blank\" rel=\"noopener\">www.clancatahoula.com<\/a><\/h3>\n<h3 dir=\"auto\" style=\"padding-left: 40px;\">E-mail: <a class=\"mailto-link\" href=\"mailto:Clancatahoula@gmail.com\" target=\"_blank\" rel=\"noopener\">Clancatahoula@gmail.com<\/a><\/h3>\n<h3 dir=\"auto\" style=\"padding-left: 40px;\">(Dutch, English, German)<\/h3>\n<h3 dir=\"auto\" style=\"padding-left: 40px;\">Phone: +31624327278<\/h3>\n<p>&nbsp;<\/p>\n<p style=\"padding-left: 30px;\"><strong>Cold Track Catahoulas<\/strong><\/p>\n<p style=\"padding-left: 30px;\">Z\u00fcchterin: Johanna Holleman<\/p>\n<p style=\"padding-left: 30px;\">NALC-registrierter Kennel<\/p>\n<p style=\"padding-left: 30px;\"><a href=\"https:\/\/www.facebook.com\/coldtrackcatahoulas\/\">Facebook<\/a><\/p>\n<p style=\"padding-left: 30px;\">E-Mail: <a href=\"mailto:johannaholleman@hotmail.com\">johannaholleman@hotmail.com (Niederl\u00e4ndisch, Englisch)<\/a><\/p>\n<p>&nbsp;<\/p>\n<p style=\"padding-left: 30px;\"><strong>Dutch Dynasty Catahoulas<\/strong><\/p>\n<p style=\"padding-left: 30px;\">Z\u00fcchterin: Marlon Boogaard<\/p>\n<p style=\"padding-left: 30px;\">NALC registrierter Kennel<\/p>\n<p style=\"padding-left: 30px;\"><a href=\"https:\/\/m.facebook.com\/people\/Dutch-Dynasty-Catahoulas\/100069550477903\/\">Facebook<\/a><\/p>\n<p>\u00a0 \u00a0 \u00a0 \u00a0 <a href=\"https:\/\/www.instagram.com\/dutch_dynasty_catahoulas\/\">Instagram<\/a><\/p>\n<p style=\"padding-left: 30px;\">E-Mail: <a href=\"mailto:info@dutchdynastycatahoula.nl\">info@dutchdynastycatahoula.nl\u00a0<\/a> (Englisch, Niederl\u00e4ndisch)<\/p>\n<p>\u00a0 \u00a0 \u00a0 \u00a0Website: <a class=\"xogfrqt x1slwz57 x1bvjpef\" href=\"http:\/\/www.dutchdynastycatahoula.nl\" target=\"_blank\" rel=\"nofollow noopener\" data-lynx-mode=\"hover\">www.dutchdynastycatahoula.nl<\/a><\/p>\n<p>Telefon\u00a0 +31658910115<\/p>\n<hr \/>\n<h3><strong><span style=\"color: #000080;\">Lettland<\/span><\/strong><\/h3>\n<p style=\"padding-left: 40px;\"><strong>Sun Apalachee\u00b4s Catahoulas<\/strong><\/p>\n<p style=\"padding-left: 40px;\">Z\u00fcchterin: Marta Necka<\/p>\n<p style=\"padding-left: 40px;\">NALC-registrierter Kennel<\/p>\n<p style=\"padding-left: 40px;\"><a href=\"https:\/\/www.facebook.com\/apalacheecatahoulas\">Facebook<\/a><\/p>\n<p style=\"padding-left: 40px;\">E-Mail:<a href=\"mailto:necmarga@gmail.com\">\u00a0necmarga@gmail.com\u00a0<\/a>(Lettl\u00e4ndisch, Englisch)<\/p>\n<p style=\"padding-left: 40px;\">Telefon: +371 29 87 8846 (nur WhatsApp \u2013 Lettl\u00e4ndisch, Englisch)<\/p>\n<hr \/>\n<h3><strong><span style=\"color: #333399;\">\u00d6sterreich<\/span><\/strong><\/h3>\n<hr \/>\n<h3><strong><span style=\"color: #333399;\">Polen<\/span><\/strong><\/h3>\n<p style=\"padding-left: 30px;\"><strong>Dijdog Catahoulas<\/strong><\/p>\n<p style=\"padding-left: 30px;\">Z\u00fcchter: Agnieszka Pieleszek<\/p>\n<p style=\"padding-left: 30px;\">NALC registrierter Kennel<\/p>\n<p style=\"padding-left: 30px;\"><a href=\"https:\/\/www.facebook.com\/DijdogKennel\/\">Facebook<\/a><\/p>\n<p style=\"padding-left: 30px;\">E-Mail: <a href=\"mailto:aga.pieleszek@gmail.com\">aga.pieleszek@gmail.com<\/a> (Polnisch, Englisch)<\/p>\n<p style=\"padding-left: 30px;\">Telefon: +48 508 319 398<\/p>\n<hr \/>\n<h3><strong><span style=\"color: #333399;\">Slovakei<\/span><\/strong><\/h3>\n<p style=\"padding-left: 30px;\"><strong>Ayra Aranel\u00b4s Catahoulas<\/strong><\/p>\n<p style=\"padding-left: 30px;\">Z\u00fcchter: Jarmila Englichova<\/p>\n<p style=\"padding-left: 30px;\">NALC-registrierter Kennel<\/p>\n<p style=\"padding-left: 30px;\"><a href=\"https:\/\/www.facebook.com\/profile.php?id=100006915316071\">Facebook<\/a><\/p>\n<p style=\"padding-left: 30px;\">Website: <a href=\"http:\/\/louisianskyleopardipes.sk\/\">http:\/\/louisianskyleopardipes.sk\/<\/a><\/p>\n<p style=\"padding-left: 30px;\">E-Mail: <a href=\"mailto:jarmila.englichova@gmail.com\">jarmila.englichova@gmail.com<\/a> (Englisch, Slovakisch, Tschechisch)<\/p>\n<hr \/>\n<h3><strong><span style=\"color: #333399;\">Slovenien<\/span><\/strong><\/h3>\n<p><strong>\u00a0 \u00a0 \u00a0 \u00a0DAM\u00b4s Catahoulas<\/strong><\/p>\n<p style=\"padding-left: 30px;\">Z\u00fcchter:\u00a0Ur\u0161a Stare<\/p>\n<p style=\"padding-left: 30px;\">NALC-registrierter Kennel<\/p>\n<p style=\"padding-left: 30px;\"><a href=\"https:\/\/www.facebook.com\/catahoula.si\">Facebook<\/a><\/p>\n<p style=\"padding-left: 30px;\">Website: <a href=\"http:\/\/www.catahoula-slovenia.si\/index.php\/en\/\">http:\/\/www.catahoula-slovenia.si\/index.php\/en\/<\/a><\/p>\n<p style=\"padding-left: 30px;\">E-Mail: <a href=\"mailto:catahoula.si@gmail.com\">catahoula.si@gmail.com<\/a> (Englisch, Slovenisch, Tschechisch)<\/p>\n<hr \/>\n<h3><strong><span style=\"color: #333399;\">Tschechische Republik<\/span><\/strong><\/h3>\n<p style=\"padding-left: 30px;\"><strong>Besavej Catahoulas<\/strong><\/p>\n<p style=\"padding-left: 30px;\">Z\u00fcchterin: Helena Synkova<\/p>\n<p style=\"padding-left: 30px;\">NALC-registrierter Kennel<\/p>\n<p style=\"padding-left: 30px;\"><a href=\"https:\/\/www.facebook.com\/Catahoula.Besavej.cz\/\">Facebook<\/a><\/p>\n<p style=\"padding-left: 30px;\">Website: <a href=\"https:\/\/besavej.webnode.cz\/\">https:\/\/besavej.webnode.cz\/<\/a><\/p>\n<p style=\"padding-left: 30px;\">E-Mail: <a href=\"mailto:hkoutkova@volny.cz\">hkoutkova@volny.cz<\/a> (Englisch, Tschechisch)<\/p>\n<hr \/>\n<p><strong><span style=\"color: #333399;\">Ungarn<\/span><\/strong><\/p>\n<p style=\"padding-left: 30px;\"><strong>Delight Catahoulas<\/strong><\/p>\n<p style=\"padding-left: 30px;\">Z\u00fcchterin: Petra P\u00e1sztor<\/p>\n<p style=\"padding-left: 30px;\">NALC-registrierter Kennel<\/p>\n<p style=\"padding-left: 30px;\"><a href=\"https:\/\/www.facebook.com\/delightleopard\/\">Facebook<\/a><\/p>\n<p>\u00a0 \u00a0 \u00a0 \u00a0Website:\u00a0<a href=\"http:\/\/leopard.dog\/\">http:\/\/leopard.dog\/<\/a><\/p>\n<p style=\"padding-left: 30px;\">E-Mail:\u00a0<a href=\"mailto:pasztor.petra85@gmail.com\">pasztor.petra85@gmail.com<\/a>\u00a0(Ungarisch, Englisch)<\/p>\n<p>&nbsp;<\/p>\n<p style=\"padding-left: 30px;\"><strong>Diversity\u00b4s Catahoulas<\/strong><\/p>\n<p style=\"padding-left: 30px;\">Z\u00fcchterin:\u00a0Zs\u00f3fia T\u00f3bi\u00e1s<\/p>\n<p style=\"padding-left: 30px;\">NALC-registrierter Kennel<\/p>\n<p style=\"padding-left: 30px;\"><a href=\"https:\/\/www.facebook.com\/diversitysleopard\/\">Facebook<\/a><\/p>\n<p>\u00a0 \u00a0 \u00a0 \u00a0Website:\u00a0<a href=\"http:\/\/www.leoparddog.hu\/\" target=\"_blank\" rel=\"noopener noreferrer\">www.leoparddog.hu<\/a><\/p>\n<p style=\"padding-left: 30px;\">E-Mail: <a href=\"mailto:zsofi.tobias@gmail.com\">zsofi.tobias@gmail.com\u00a0<\/a>(Ungarisch, Englisch)<\/p>\n<p style=\"padding-left: 30px;\">\n<p><\/p>","protected":false},"excerpt":{"rendered":"<p>Hier finden Sie Catahoula Z\u00fcchter aus Europa die Mitglied im EALC sind. Nat\u00fcrlich gibt es auch au\u00dferhalb des EALC verantwortungsvolle Catahoula Z\u00fcchter. Bitte seien Sie jedoch kritisch &#8211; Kaufen Sie nicht von \u201eVermehrern\u201c. Stellen Sie die richtigen Fragen, sehen Sie &hellip; <a href=\"https:\/\/www.ealc.info\/de\/zuechter-und-notfelle\/\">Weiterlesen <span class=\"meta-nav\">&rarr;<\/span><\/a><\/p>\n","protected":false},"author":1,"featured_media":0,"parent":0,"menu_order":0,"comment_status":"closed","ping_status":"closed","template":"","meta":[],"_links":{"self":[{"href":"https:\/\/www.ealc.info\/de\/wp-json\/wp\/v2\/pages\/2965"}],"collection":[{"href":"https:\/\/www.ealc.info\/de\/wp-json\/wp\/v2\/pages"}],"about":[{"href":"https:\/\/www.ealc.info\/de\/wp-json\/wp\/v2\/types\/page"}],"author":[{"embeddable":true,"href":"https:\/\/www.ealc.info\/de\/wp-json\/wp\/v2\/users\/1"}],"replies":[{"embeddable":true,"href":"https:\/\/www.ealc.info\/de\/wp-json\/wp\/v2\/comments?post=2965"}],"version-history":[{"count":199,"href":"https:\/\/www.ealc.info\/de\/wp-json\/wp\/v2\/pages\/2965\/revisions"}],"predecessor-version":[{"id":4593,"href":"https:\/\/www.ealc.info\/de\/wp-json\/wp\/v2\/pages\/2965\/revisions\/4593"}],"wp:attachment":[{"href":"https:\/\/www.ealc.info\/de\/wp-json\/wp\/v2\/media?parent=2965"}],"curies":[{"name":"wp","href":"https:\/\/api.w.org\/{rel}","templated":true}]}}