{"id":3464,"date":"2021-03-10T18:12:48","date_gmt":"2021-03-10T18:12:48","guid":{"rendered":"http:\/\/www.ealc.info\/de\/?page_id=3464"},"modified":"2025-03-21T07:14:48","modified_gmt":"2025-03-21T07:14:48","slug":"nalc-ealc-show-2015-2","status":"publish","type":"page","link":"https:\/\/www.ealc.info\/de\/ealc-nalc-show-2017-2\/","title":{"rendered":"EALC &#038; NALC Show 2025"},"content":{"rendered":"<p><img loading=\"lazy\" class=\"alignleft size-full wp-image-4596\" src=\"https:\/\/www.ealc.info\/wp-content\/uploads\/2025\/03\/WhatsApp-Bild-2025-02-28-um-17.06.16_c0c67db6.jpg\" alt=\"\" width=\"2048\" height=\"1019\" srcset=\"https:\/\/www.ealc.info\/wp-content\/uploads\/2025\/03\/WhatsApp-Bild-2025-02-28-um-17.06.16_c0c67db6.jpg 2048w, https:\/\/www.ealc.info\/wp-content\/uploads\/2025\/03\/WhatsApp-Bild-2025-02-28-um-17.06.16_c0c67db6-300x149.jpg 300w, https:\/\/www.ealc.info\/wp-content\/uploads\/2025\/03\/WhatsApp-Bild-2025-02-28-um-17.06.16_c0c67db6-1024x510.jpg 1024w, https:\/\/www.ealc.info\/wp-content\/uploads\/2025\/03\/WhatsApp-Bild-2025-02-28-um-17.06.16_c0c67db6-768x382.jpg 768w, https:\/\/www.ealc.info\/wp-content\/uploads\/2025\/03\/WhatsApp-Bild-2025-02-28-um-17.06.16_c0c67db6-1536x764.jpg 1536w\" sizes=\"(max-width: 2048px) 100vw, 2048px\" \/><\/p>\n<h1 align=\"center\"><\/h1>\n<h1 align=\"center\"><\/h1>\n<h1 align=\"center\"><span style=\"color: #333333;\"><em>Here we go again!<\/em><\/span><\/h1>\n<p style=\"text-align: center;\" align=\"center\">Die European Association of Louisiana Catahoulas (EALC)<\/p>\n<p style=\"text-align: center;\" align=\"center\">in Kooperation mit der National Association of Louisiana Catahoulas (NALC)<\/p>\n<p style=\"text-align: center;\" align=\"center\"><span style=\"color: #333333;\">l\u00e4dt alle Besitzer von Louisiana Catahoula Leopard Dogs\u00a0und Freunde der Rasse ein, <\/span><span style=\"color: #333333;\">zur <strong>EALC &amp; NALC Show von 11. \u2013 14. September\u00a0 2025<\/strong>\u00a0 n<strong>ach Mitrov,<span style=\"font-family: Times New Roman;\">\u00a0 <\/span>Tschechische Republik<\/strong> zu kommen.<\/span><\/p>\n<p style=\"text-align: justify;\"><span style=\"color: #333333;\">Veranstaltungsort ist die <a href=\"https:\/\/mitrovsky.com\/\" target=\"_blank\" rel=\"noopener\">Mitrov Farm<\/a>. Es werden verschiedene Wettbewerbe abgehalten, um die Arbeitseigenschaften der Catahoulas zu zeigen: Mantrailing, Rettungshundearbeit, F\u00e4hrtenarbeit, Bike J\u00f6ring und Scooter sowie Obedience sind offene Wettbewerbe. Au\u00dferdem wird es einen Test der Anlagen der Catahoulas an den Rindern geben. bei der F\u00fcr die Rassehundeausstellung sind nur die im NALC registrierten Catahoulas zugelassen. F\u00fcr alle anderen Wettbewerbe sind auch anderweitig registrierte Catahoulas zugelassen. Die Wettbewerbe werden nach den Regeln des EALC und NALC durchgef\u00fchrt.\u00a0 <\/span><\/p>\n<p style=\"text-align: justify;\"><span style=\"color: #333333;\">Wir freuen uns, einen NALC Richter aus den USA zu Gast zu haben.\u00a0<\/span><\/p>\n<p style=\"text-align: justify;\">Achtung: Eine Anmeldung zu den Wettbewerben erst vor Ort ist NICHT m\u00f6glich! Bitte melden Sie sich vorab an.<\/p>\n<h2 style=\"text-align: center;\"><strong>Programm<\/strong><\/h2>\n<p style=\"text-align: center;\">(folgt)<\/p>\n<h2 style=\"text-align: center;\"><a href=\"https:\/\/form.jotform.com\/dogsontournrw\/DE-EALC-NALC-Catahoula-SHOW\"><span style=\"color: #0000ff;\"><strong>Anmeldung <\/strong><\/span><\/a><\/h2>\n<hr \/>\n<h2 style=\"text-align: center;\">Regularien der Wettbewerbe:<\/h2>\n<p>&nbsp;<\/p>\n<h3 style=\"text-align: left;\">Working Cattles\u00a0<span style=\"color: #000080;\"><a href=\"https:\/\/www.ealc.info\/wp-content\/uploads\/2012\/07\/Logo-e1422306999484.jpg\"><img loading=\"lazy\" class=\"alignnone\" src=\"https:\/\/www.ealc.info\/wp-content\/uploads\/2012\/07\/Logo-300x185.jpg\" alt=\"Logo\" width=\"104\" height=\"64\" \/><\/a><img loading=\"lazy\" src=\"https:\/\/www.ealc.info\/wp-content\/uploads\/2012\/07\/NALC.gif\" alt=\"NALC\" width=\"68\" height=\"70\" \/>\u00a0<\/span><\/h3>\n<p>Hier wird es dieses Jahr einen Test der Anlagen der Catahoulas an den Rindern geben. Es wird kein Wettbewerb sein!<\/p>\n<h4 style=\"text-align: center;\"><\/h4>\n<h3 style=\"text-align: left;\"><span style=\"color: #000080;\"><a href=\"https:\/\/www.ealc.info\/wp-content\/uploads\/2015\/01\/DE_Obedience-rules_NALC.pdf\" target=\"_blank\" rel=\"noopener\">Gehorsamkeitspr\u00fcfung<\/a>\u00a0<a href=\"https:\/\/www.ealc.info\/wp-content\/uploads\/2012\/07\/Logo-e1422306999484.jpg\"><img loading=\"lazy\" src=\"https:\/\/www.ealc.info\/wp-content\/uploads\/2012\/07\/Logo-300x185.jpg\" alt=\"Logo\" width=\"104\" height=\"64\" \/><\/a> <img loading=\"lazy\" src=\"https:\/\/www.ealc.info\/wp-content\/uploads\/2012\/07\/NALC.gif\" alt=\"NALC\" width=\"68\" height=\"70\" \/><\/span><\/h3>\n<p>&nbsp;<\/p>\n<h3 style=\"text-align: center;\"><\/h3>\n<h3 style=\"text-align: left;\"><span style=\"color: #000080;\"><a href=\"https:\/\/www.ealc.info\/wp-content\/uploads\/2015\/01\/EALC-SAR-Ger-vers1.pdf\" target=\"_blank\" rel=\"noopener\">Rettungshundewettbewerb\u00a0Fl\u00e4chensuche <\/a><a href=\"https:\/\/www.ealc.info\/wp-content\/uploads\/2012\/07\/Logo-e1422306999484.jpg\"><img loading=\"lazy\" src=\"https:\/\/www.ealc.info\/wp-content\/uploads\/2012\/07\/Logo-300x185.jpg\" alt=\"Logo\" width=\"104\" height=\"64\" \/><\/a>\u00a0<\/span><\/h3>\n<h3 style=\"text-align: center;\"><\/h3>\n<p>&nbsp;<\/p>\n<h3 style=\"text-align: left;\"><a href=\"https:\/\/www.ealc.info\/wp-content\/uploads\/2015\/01\/EALC-MT-ger-version.pdf\" target=\"_blank\" rel=\"noopener\">Mantrailing<\/a>\u00a0<a href=\"https:\/\/www.ealc.info\/wp-content\/uploads\/2012\/07\/Logo-e1422306999484.jpg\"><img loading=\"lazy\" src=\"https:\/\/www.ealc.info\/wp-content\/uploads\/2012\/07\/Logo-300x185.jpg\" alt=\"Logo\" width=\"104\" height=\"64\" \/><\/a><\/h3>\n<p>&nbsp;<\/p>\n<h3 style=\"text-align: left;\"><span style=\"color: #000080;\"><a href=\"https:\/\/www.ealc.info\/wp-content\/uploads\/2015\/01\/DE_EALC_Scooter_Bike_J\u00f6ring_deutsch.pdf\" target=\"_blank\" rel=\"noopener\">Bike-J\u00f6ring\/Scooter \u00a0<\/a><a href=\"https:\/\/www.ealc.info\/wp-content\/uploads\/2012\/07\/Logo-e1422306999484.jpg\"><img loading=\"lazy\" src=\"https:\/\/www.ealc.info\/wp-content\/uploads\/2012\/07\/Logo-300x185.jpg\" alt=\"Logo\" width=\"104\" height=\"64\" \/><\/a><\/span><\/h3>\n<p>&nbsp;<\/p>\n<h3><a href=\"https:\/\/www.ealc.info\/wp-content\/uploads\/2017\/01\/EALC-F\u00e4hrte-Ger-vers.pdf\" target=\"_blank\" rel=\"noopener\">F\u00e4hrtenarbeit<\/a> <a href=\"https:\/\/www.ealc.info\/wp-content\/uploads\/2012\/07\/Logo-e1422306999484.jpg\"><img loading=\"lazy\" src=\"https:\/\/www.ealc.info\/wp-content\/uploads\/2012\/07\/Logo-300x185.jpg\" alt=\"Logo\" width=\"104\" height=\"64\" \/><\/a><\/h3>\n<p>&nbsp;<\/p>\n<h3 style=\"text-align: center;\"><\/h3>\n<h3 style=\"text-align: left;\"><span style=\"color: #000080;\"><a href=\"https:\/\/www.ealc.info\/wp-content\/uploads\/2015\/01\/conformation-rules_eng.pdf\" target=\"_blank\" rel=\"noopener\">Rassehundeausstellung<\/a> und\u00a0<a href=\"https:\/\/www.ealc.info\/wp-content\/uploads\/2015\/01\/DE_Junior-Showmanship.pdf\" target=\"_blank\" rel=\"noopener\">Junior\u00a0Showmanship<\/a><img loading=\"lazy\" src=\"https:\/\/www.ealc.info\/wp-content\/uploads\/2012\/07\/NALC.gif\" alt=\"NALC\" width=\"68\" height=\"70\" \/><\/span><\/h3>\n<p>&nbsp;<\/p>\n<h3 style=\"text-align: center;\"><span style=\"color: #000080;\"><a href=\"https:\/\/www.ealc.info\/wp-content\/uploads\/2019\/02\/DE_Veranstaltungsordnung-EALC-NALC-Show-2019.pdf\" target=\"_blank\" rel=\"noopener\"><span style=\"color: #000080;\"><strong>Veranstaltungsregeln<\/strong><\/span><\/a> <\/span><\/h3>\n<h4 style=\"margin: 0cm 0cm 8pt;\"><span style=\"color: #000000;\"><span lang=\"CS\" style=\"line-height: 107%; font-family: 'Arno Pro Caption',serif; font-size: 12pt; mso-bidi-font-size: 14.0pt; mso-ansi-language: CS;\">F\u00fcr die Rassehundeausstellung <\/span>sind nur die im NALC registrierte Catahoulas zugelassen. F\u00fcr alle anderen Wettbewerbe und den Test an den Rindern sind auch anderweitig registrierte Catahoula zugelassen.<\/span><\/h4>\n<p><\/p>","protected":false},"excerpt":{"rendered":"<p>Here we go again! Die European Association of Louisiana Catahoulas (EALC) in Kooperation mit der National Association of Louisiana Catahoulas (NALC) l\u00e4dt alle Besitzer von Louisiana Catahoula Leopard Dogs\u00a0und Freunde der Rasse ein, zur EALC &amp; NALC Show von 11. &hellip; <a href=\"https:\/\/www.ealc.info\/de\/ealc-nalc-show-2017-2\/\">Weiterlesen <span class=\"meta-nav\">&rarr;<\/span><\/a><\/p>\n","protected":false},"author":1,"featured_media":0,"parent":0,"menu_order":0,"comment_status":"closed","ping_status":"closed","template":"","meta":[],"_links":{"self":[{"href":"https:\/\/www.ealc.info\/de\/wp-json\/wp\/v2\/pages\/3464"}],"collection":[{"href":"https:\/\/www.ealc.info\/de\/wp-json\/wp\/v2\/pages"}],"about":[{"href":"https:\/\/www.ealc.info\/de\/wp-json\/wp\/v2\/types\/page"}],"author":[{"embeddable":true,"href":"https:\/\/www.ealc.info\/de\/wp-json\/wp\/v2\/users\/1"}],"replies":[{"embeddable":true,"href":"https:\/\/www.ealc.info\/de\/wp-json\/wp\/v2\/comments?post=3464"}],"version-history":[{"count":86,"href":"https:\/\/www.ealc.info\/de\/wp-json\/wp\/v2\/pages\/3464\/revisions"}],"predecessor-version":[{"id":4624,"href":"https:\/\/www.ealc.info\/de\/wp-json\/wp\/v2\/pages\/3464\/revisions\/4624"}],"wp:attachment":[{"href":"https:\/\/www.ealc.info\/de\/wp-json\/wp\/v2\/media?parent=3464"}],"curies":[{"name":"wp","href":"https:\/\/api.w.org\/{rel}","templated":true}]}}