{"id":3489,"date":"2020-07-30T20:38:26","date_gmt":"2020-07-30T20:38:26","guid":{"rendered":"http:\/\/www.ealc.info\/de\/?page_id=3489"},"modified":"2021-06-14T05:56:34","modified_gmt":"2021-06-14T05:56:34","slug":"deckrueden","status":"publish","type":"page","link":"https:\/\/www.ealc.info\/de\/deckrueden\/","title":{"rendered":"Deckr\u00fcden"},"content":{"rendered":"<p>Hier finden Sie Deckr\u00fcden von EALC Mitgliedern:<\/p>\n<p>F\u00fcr Erg\u00e4nzungen kontaktieren Sie uns gerne \u2013 <a href=\"mailto:catahoula@ealc.info\">catahoula@ealc.info<\/a><\/p>\n<hr \/>\n<h2><strong>Neo (Alfred aus dem Ulstertal)<\/strong><\/h2>\n<p><a href=\"https:\/\/www.ealc.info\/wp-content\/uploads\/2020\/09\/Neo.jpg\"><img loading=\"lazy\" class=\"alignleft size-large wp-image-3524\" src=\"https:\/\/www.ealc.info\/wp-content\/uploads\/2020\/09\/Neo-1024x683.jpg\" alt=\"\" width=\"640\" height=\"427\" srcset=\"https:\/\/www.ealc.info\/wp-content\/uploads\/2020\/09\/Neo-1024x683.jpg 1024w, https:\/\/www.ealc.info\/wp-content\/uploads\/2020\/09\/Neo-300x200.jpg 300w, https:\/\/www.ealc.info\/wp-content\/uploads\/2020\/09\/Neo-768x512.jpg 768w\" sizes=\"(max-width: 640px) 100vw, 640px\" \/><\/a><\/p>\n<p>&nbsp;<\/p>\n<h3>Zwingername : Alfred aus dem Ulstertal<\/h3>\n<h3>Rufname:\u00a0 Neo<\/h3>\n<h3>Wurfdatum:\u00a0 20. April 2017<\/h3>\n<div>\n<h3>Gr\u00f6\u00dfe:\u00a0 ca. 60 cm<\/h3>\n<h3>Gewicht:\u00a0 ca. 33 kg<\/h3>\n<h3>Gebiss: vollzahnige Schere<\/h3>\n<h3>Farbe:\u00a0 Solid Black, Tan Trim<\/h3>\n<h3>Augen: (R) Braun \u00a0\u00a0 (L) Braun<\/h3>\n<h3>Registriert bei: NALC (BB-21059-311-17<\/h3>\n<h3>Merle:\u00a0 Mc\/m<\/h3>\n<h3>R\u00f6ntgen von Ellenbogen (normal) und H\u00fcfte (gut) vorhanden.<\/h3>\n<h3>In Ausbildung zum Mantrailer.<\/h3>\n<p>Besitzer: Yasmin Walter,\u00a0\u00a066299 Friedrichsthal, Saarland<\/p>\n<p>Kontakt:\u00a0 Tel.\u00a00049 157 80750416,\u00a0\u00a0<a href=\"mailto:yasmin.walter@web.de\">yasmin.walter@web.de<\/a><\/p>\n<\/div>\n<hr \/>\n<h2><\/h2>\n<h2><strong>Bam-Bam (Ayra Aranel&#8217;s Briam)<\/strong><\/h2>\n<p><a href=\"https:\/\/www.ealc.info\/wp-content\/uploads\/2020\/09\/Bam.jpg\"><img loading=\"lazy\" class=\"alignleft size-large wp-image-3500\" src=\"https:\/\/www.ealc.info\/wp-content\/uploads\/2020\/09\/Bam-1024x683.jpg\" alt=\"\" width=\"640\" height=\"427\" srcset=\"https:\/\/www.ealc.info\/wp-content\/uploads\/2020\/09\/Bam-1024x683.jpg 1024w, https:\/\/www.ealc.info\/wp-content\/uploads\/2020\/09\/Bam-300x200.jpg 300w, https:\/\/www.ealc.info\/wp-content\/uploads\/2020\/09\/Bam-768x512.jpg 768w\" sizes=\"(max-width: 640px) 100vw, 640px\" \/><\/a><\/p>\n<h3>Zwingername: Ayra Aranel&#8217;s Briam<\/h3>\n<h3>Rufname: Bam-Bam<\/h3>\n<h3>Wurfdatum: 20.04.2013<\/h3>\n<h3>Gr\u00f6\u00dfe: 61 cm<\/h3>\n<h3>Gewicht: 30 kg<\/h3>\n<h3>Gebiss: vollzahnige Schere<\/h3>\n<h3>Merle: m\/Ma+<\/h3>\n<h3>Registrierungen: NALC, SPKP, WCA<\/h3>\n<h3>Gesundheit: HD frei (OFA excellent), BAER +\/+, DOK oB<\/h3>\n<h3>Pr\u00fcfungen: BH\/VT (VDH), Brauchbarkeit\u00a0St\u00f6bern nach Th\u00fcrJHPR und Anerkennung f\u00fcr Sachsen-Anhalt<\/h3>\n<h3>Bisherige W\u00fcrfe: 2015 Stonecracker Catahoulas, 2020 Elchschaufel Catahoulas<\/h3>\n<h3><strong>Kontakt:<\/strong> Janine Kretschmann, 06406 Bernburg (Saale), +49 178 4587014, <a href=\"mailto:ridgelessback@gmx.de\">ridgelessback@gmx.de<\/a><\/h3>\n<hr \/>\n<p>&nbsp;<\/p>","protected":false},"excerpt":{"rendered":"<p>Hier finden Sie Deckr\u00fcden von EALC Mitgliedern: F\u00fcr Erg\u00e4nzungen kontaktieren Sie uns gerne \u2013 catahoula@ealc.info Neo (Alfred aus dem Ulstertal) &nbsp; Zwingername : Alfred aus dem Ulstertal Rufname:\u00a0 Neo Wurfdatum:\u00a0 20. April 2017 Gr\u00f6\u00dfe:\u00a0 ca. 60 cm Gewicht:\u00a0 ca. 33 &hellip; <a href=\"https:\/\/www.ealc.info\/de\/deckrueden\/\">Weiterlesen <span class=\"meta-nav\">&rarr;<\/span><\/a><\/p>\n","protected":false},"author":1,"featured_media":0,"parent":0,"menu_order":0,"comment_status":"closed","ping_status":"closed","template":"","meta":[],"_links":{"self":[{"href":"https:\/\/www.ealc.info\/de\/wp-json\/wp\/v2\/pages\/3489"}],"collection":[{"href":"https:\/\/www.ealc.info\/de\/wp-json\/wp\/v2\/pages"}],"about":[{"href":"https:\/\/www.ealc.info\/de\/wp-json\/wp\/v2\/types\/page"}],"author":[{"embeddable":true,"href":"https:\/\/www.ealc.info\/de\/wp-json\/wp\/v2\/users\/1"}],"replies":[{"embeddable":true,"href":"https:\/\/www.ealc.info\/de\/wp-json\/wp\/v2\/comments?post=3489"}],"version-history":[{"count":18,"href":"https:\/\/www.ealc.info\/de\/wp-json\/wp\/v2\/pages\/3489\/revisions"}],"predecessor-version":[{"id":3529,"href":"https:\/\/www.ealc.info\/de\/wp-json\/wp\/v2\/pages\/3489\/revisions\/3529"}],"wp:attachment":[{"href":"https:\/\/www.ealc.info\/de\/wp-json\/wp\/v2\/media?parent=3489"}],"curies":[{"name":"wp","href":"https:\/\/api.w.org\/{rel}","templated":true}]}}