{"id":3636,"date":"2021-03-10T21:37:40","date_gmt":"2021-03-10T21:37:40","guid":{"rendered":"http:\/\/www.ealc.info\/de\/?page_id=3636"},"modified":"2023-05-17T18:59:09","modified_gmt":"2023-05-17T18:59:09","slug":"trainernetzwerk","status":"publish","type":"page","link":"https:\/\/www.ealc.info\/de\/trainernetzwerk\/","title":{"rendered":"Trainernetzwerk"},"content":{"rendered":"<p><a href=\"https:\/\/www.ealc.info\/wp-content\/uploads\/2020\/03\/EALC_Logo-Reinzeichnung_RGB-72dpi_121123.png\"><img loading=\"lazy\" class=\"size-medium wp-image-3431 alignnone\" src=\"https:\/\/www.ealc.info\/wp-content\/uploads\/2020\/03\/EALC_Logo-Reinzeichnung_RGB-72dpi_121123-300x215.png\" alt=\"\" width=\"300\" height=\"215\" srcset=\"https:\/\/www.ealc.info\/wp-content\/uploads\/2020\/03\/EALC_Logo-Reinzeichnung_RGB-72dpi_121123-300x215.png 300w, https:\/\/www.ealc.info\/wp-content\/uploads\/2020\/03\/EALC_Logo-Reinzeichnung_RGB-72dpi_121123.png 735w\" sizes=\"(max-width: 300px) 100vw, 300px\" \/><\/a><\/p>\n<p><a href=\"https:\/\/www.ealc.info\/wp-content\/uploads\/2021\/03\/Netzwerk.jpg\"><img loading=\"lazy\" class=\"size-medium wp-image-3644 aligncenter\" src=\"https:\/\/www.ealc.info\/wp-content\/uploads\/2021\/03\/Netzwerk-300x161.jpg\" alt=\"\" width=\"300\" height=\"161\" srcset=\"https:\/\/www.ealc.info\/wp-content\/uploads\/2021\/03\/Netzwerk-300x161.jpg 300w, https:\/\/www.ealc.info\/wp-content\/uploads\/2021\/03\/Netzwerk-768x412.jpg 768w, https:\/\/www.ealc.info\/wp-content\/uploads\/2021\/03\/Netzwerk.jpg 985w\" sizes=\"(max-width: 300px) 100vw, 300px\" \/><\/a><\/p>\n<p style=\"padding-left: 30px;\">Wie wir alle wissen, stellt uns der Catahoula manchmal vor sehr spezielle Herausforderungen in der Erziehung, im Alltag und in der Ausbildung.<\/p>\n<p style=\"padding-left: 30px;\">Wir m\u00f6chten auf dieser Seite, vorerst f\u00fcr den deutschsprachigen Raum, ein <strong>Netzwerk von Hundetrainern<\/strong>\u00a0anbieten, die Mitglieder im EALC sind und als Trainer, Ausbilder aber auch als Besitzer von Catahoulas mit den Spezialit\u00e4ten dieser Rasse Erfahrung haben.<\/p>\n<p style=\"padding-left: 30px;\">Ziel ist es, auch in anderen europ\u00e4ischen L\u00e4ndern ein Trainer-Netzwerk aufzubauen und mit dem EALC eine Plattform hierf\u00fcr zur Verf\u00fcgung zu stellen. Au\u00dferdem finden Sie ganz <strong>unten auf dieser Seite Ausbilder des EALC<\/strong>, <strong>die Erfahrung haben in den verschiedenen Ausbildungsrichtungen<\/strong> des Catahoulas. Sie k\u00f6nnen mit Rat und Tat zur Seite stehen, was die Ausbildungsspezialit\u00e4ten dieser Rasse betrifft.<\/p>\n<hr \/>\n<h1><span style=\"color: #003366;\"><strong>Hundetrainer<\/strong><\/span><\/h1>\n<hr \/>\n<h2>\u00a0<span style=\"color: #0000ff;\">Deutschland<\/span><\/h2>\n<hr \/>\n<p><a href=\"https:\/\/www.ealc.info\/wp-content\/uploads\/2021\/03\/Doris-etterer-.jpg\"><img loading=\"lazy\" class=\"size-medium wp-image-3646 alignleft\" src=\"https:\/\/www.ealc.info\/wp-content\/uploads\/2021\/03\/Doris-etterer--221x300.jpg\" alt=\"\" width=\"221\" height=\"300\" srcset=\"https:\/\/www.ealc.info\/wp-content\/uploads\/2021\/03\/Doris-etterer--221x300.jpg 221w, https:\/\/www.ealc.info\/wp-content\/uploads\/2021\/03\/Doris-etterer-.jpg 322w\" sizes=\"(max-width: 221px) 100vw, 221px\" \/><\/a>Doris Etterer\u00a0 &#8211; Augsburg\/Bayern<\/p>\n<p><a href=\"https:\/\/www.ealc.info\/wp-content\/uploads\/2021\/03\/Vita-Doris-Etterer.pdf\">VITA und Kontakt<\/a><\/p>\n<hr \/>\n<p><a href=\"https:\/\/www.ealc.info\/wp-content\/uploads\/2021\/03\/Romy-George.jpg\"><img loading=\"lazy\" class=\"alignleft size-medium wp-image-3647\" src=\"https:\/\/www.ealc.info\/wp-content\/uploads\/2021\/03\/Romy-George-300x225.jpg\" alt=\"\" width=\"300\" height=\"225\" srcset=\"https:\/\/www.ealc.info\/wp-content\/uploads\/2021\/03\/Romy-George-300x225.jpg 300w, https:\/\/www.ealc.info\/wp-content\/uploads\/2021\/03\/Romy-George-768x576.jpg 768w, https:\/\/www.ealc.info\/wp-content\/uploads\/2021\/03\/Romy-George-1024x768.jpg 1024w, https:\/\/www.ealc.info\/wp-content\/uploads\/2021\/03\/Romy-George.jpg 2048w\" sizes=\"(max-width: 300px) 100vw, 300px\" \/><\/a><\/p>\n<p>Romy George &#8211; Dresden\/Sachsen\/Deutschland<\/p>\n<p><a href=\"https:\/\/www.ealc.info\/wp-content\/uploads\/2021\/03\/Vita_Romy-George.pdf\">VITA und Kontakt<\/a><\/p>\n<hr \/>\n<p><a href=\"https:\/\/www.ealc.info\/wp-content\/uploads\/2021\/03\/corinna-lauke_1.jpeg\"><img loading=\"lazy\" class=\"alignleft size-medium wp-image-3648\" src=\"https:\/\/www.ealc.info\/wp-content\/uploads\/2021\/03\/corinna-lauke_1-300x199.jpeg\" alt=\"\" width=\"300\" height=\"199\" srcset=\"https:\/\/www.ealc.info\/wp-content\/uploads\/2021\/03\/corinna-lauke_1-300x199.jpeg 300w, https:\/\/www.ealc.info\/wp-content\/uploads\/2021\/03\/corinna-lauke_1-768x510.jpeg 768w, https:\/\/www.ealc.info\/wp-content\/uploads\/2021\/03\/corinna-lauke_1-1024x680.jpeg 1024w\" sizes=\"(max-width: 300px) 100vw, 300px\" \/><\/a><\/p>\n<p>Corinna Lauke &#8211; Dessau\/Sachsen-Anhalt<\/p>\n<p><a href=\"https:\/\/www.ealc.info\/wp-content\/uploads\/2021\/03\/Vita-Corinna-Lauke.pdf\">VITA und Kontakt<\/a><\/p>\n<hr \/>\n<p><a href=\"https:\/\/www.ealc.info\/wp-content\/uploads\/2021\/03\/161218719_4013413798698223_2953102673009470525_n.jpg\"><img loading=\"lazy\" class=\"alignleft size-medium wp-image-3725\" src=\"https:\/\/www.ealc.info\/wp-content\/uploads\/2021\/03\/161218719_4013413798698223_2953102673009470525_n-300x266.jpg\" alt=\"\" width=\"300\" height=\"266\" srcset=\"https:\/\/www.ealc.info\/wp-content\/uploads\/2021\/03\/161218719_4013413798698223_2953102673009470525_n-300x266.jpg 300w, https:\/\/www.ealc.info\/wp-content\/uploads\/2021\/03\/161218719_4013413798698223_2953102673009470525_n-768x680.jpg 768w, https:\/\/www.ealc.info\/wp-content\/uploads\/2021\/03\/161218719_4013413798698223_2953102673009470525_n.jpg 786w\" sizes=\"(max-width: 300px) 100vw, 300px\" \/><\/a>Stephanie Lang von Langen &#8211; Bayern<\/p>\n<p><a href=\"https:\/\/www.ealc.info\/wp-content\/uploads\/2021\/03\/Vita-Stephi-Lang-von-Langen.pdf\">VITA und Kontakt<\/a><\/p>\n<hr \/>\n<p><a href=\"https:\/\/www.ealc.info\/wp-content\/uploads\/2021\/03\/Sarah-Mikulla.jpg\"><br \/>\n<img loading=\"lazy\" class=\"alignleft size-medium wp-image-3718\" src=\"https:\/\/www.ealc.info\/wp-content\/uploads\/2021\/03\/Sarah-Mikulla-300x200.jpg\" alt=\"\" width=\"300\" height=\"200\" srcset=\"https:\/\/www.ealc.info\/wp-content\/uploads\/2021\/03\/Sarah-Mikulla-300x200.jpg 300w, https:\/\/www.ealc.info\/wp-content\/uploads\/2021\/03\/Sarah-Mikulla.jpg 748w\" sizes=\"(max-width: 300px) 100vw, 300px\" \/><\/a>Sarah Mikulla &#8211; Gelsenkirchen\/NRW<\/p>\n<p><a href=\"https:\/\/www.ealc.info\/wp-content\/uploads\/2021\/03\/Vita-Sarah-Mikulla.pdf\">VITA und Kontakt<\/a><\/p>\n<hr \/>\n<p><a href=\"https:\/\/www.ealc.info\/wp-content\/uploads\/2021\/03\/Tina-Profitt.jpeg\"><img loading=\"lazy\" class=\"alignleft size-medium wp-image-3651\" src=\"https:\/\/www.ealc.info\/wp-content\/uploads\/2021\/03\/Tina-Profitt-150x300.jpeg\" alt=\"\" width=\"150\" height=\"300\" srcset=\"https:\/\/www.ealc.info\/wp-content\/uploads\/2021\/03\/Tina-Profitt-150x300.jpeg 150w, https:\/\/www.ealc.info\/wp-content\/uploads\/2021\/03\/Tina-Profitt.jpeg 361w\" sizes=\"(max-width: 150px) 100vw, 150px\" \/><\/a><\/p>\n<p>Tina Profitt &amp; Sebastian Koller &#8211; Passau\/Deutschland &amp; \u00d6sterreich<\/p>\n<p><a href=\"https:\/\/www.ealc.info\/wp-content\/uploads\/2021\/03\/Vita_Tina-Profitt.pdf\">VITA und Kontakt<\/a><\/p>\n<hr \/>\n<p><a href=\"https:\/\/www.ealc.info\/wp-content\/uploads\/2021\/03\/5E309C8E-73F6-418B-AEEE-774F1B46DF89.jpeg\"><img loading=\"lazy\" class=\"alignleft size-medium wp-image-3735\" src=\"https:\/\/www.ealc.info\/wp-content\/uploads\/2021\/03\/5E309C8E-73F6-418B-AEEE-774F1B46DF89-300x200.jpeg\" alt=\"\" width=\"300\" height=\"200\" srcset=\"https:\/\/www.ealc.info\/wp-content\/uploads\/2021\/03\/5E309C8E-73F6-418B-AEEE-774F1B46DF89-300x200.jpeg 300w, https:\/\/www.ealc.info\/wp-content\/uploads\/2021\/03\/5E309C8E-73F6-418B-AEEE-774F1B46DF89-768x512.jpeg 768w, https:\/\/www.ealc.info\/wp-content\/uploads\/2021\/03\/5E309C8E-73F6-418B-AEEE-774F1B46DF89-1024x683.jpeg 1024w, https:\/\/www.ealc.info\/wp-content\/uploads\/2021\/03\/5E309C8E-73F6-418B-AEEE-774F1B46DF89.jpeg 1280w\" sizes=\"(max-width: 300px) 100vw, 300px\" \/><\/a>Christian Schricker &#8211; Freising\/Erding\/Landshut\/Bayern<\/p>\n<p><a href=\"https:\/\/www.ealc.info\/wp-content\/uploads\/2021\/03\/Vita-Christian-Schricker.pdf\">VITA und Kontakt<\/a><\/p>\n<hr \/>\n<h2><span style=\"color: #0000ff;\">\u00d6sterreich<\/span><\/h2>\n<hr \/>\n<p><a href=\"https:\/\/www.ealc.info\/wp-content\/uploads\/2021\/03\/Conny-Eckkrammer.jpg\"><img loading=\"lazy\" class=\"alignleft size-medium wp-image-3645\" src=\"https:\/\/www.ealc.info\/wp-content\/uploads\/2021\/03\/Conny-Eckkrammer-300x281.jpg\" alt=\"\" width=\"300\" height=\"281\" srcset=\"https:\/\/www.ealc.info\/wp-content\/uploads\/2021\/03\/Conny-Eckkrammer-300x281.jpg 300w, https:\/\/www.ealc.info\/wp-content\/uploads\/2021\/03\/Conny-Eckkrammer-768x719.jpg 768w, https:\/\/www.ealc.info\/wp-content\/uploads\/2021\/03\/Conny-Eckkrammer-1024x958.jpg 1024w\" sizes=\"(max-width: 300px) 100vw, 300px\" \/><\/a><\/p>\n<p>Cornelia Eckkrammer -Salzburg\/Ober\u00f6sterreich<\/p>\n<p><a href=\"https:\/\/www.ealc.info\/wp-content\/uploads\/2021\/03\/Vita-Conny-Eckkrammer_1.pdf\">VITA und Kontakt<\/a><\/p>\n<hr \/>\n<p><a href=\"https:\/\/www.ealc.info\/wp-content\/uploads\/2021\/03\/Mara-Frotschnig.jpg\"><img loading=\"lazy\" class=\"alignleft size-medium wp-image-3670\" src=\"https:\/\/www.ealc.info\/wp-content\/uploads\/2021\/03\/Mara-Frotschnig-300x225.jpg\" alt=\"\" width=\"300\" height=\"225\" srcset=\"https:\/\/www.ealc.info\/wp-content\/uploads\/2021\/03\/Mara-Frotschnig-300x225.jpg 300w, https:\/\/www.ealc.info\/wp-content\/uploads\/2021\/03\/Mara-Frotschnig-768x576.jpg 768w, https:\/\/www.ealc.info\/wp-content\/uploads\/2021\/03\/Mara-Frotschnig.jpg 828w\" sizes=\"(max-width: 300px) 100vw, 300px\" \/><\/a><\/p>\n<p>Mara Frotschnig &#8211; Lienz\/Osttirol<\/p>\n<p><a href=\"https:\/\/www.ealc.info\/wp-content\/uploads\/2021\/03\/Vita-Mara-Frotschnig.pdf\">VITA und Kontakt<\/a><\/p>\n<hr \/>\n<p><a href=\"https:\/\/www.ealc.info\/wp-content\/uploads\/2021\/03\/claudia-lackner.jpg\"><img loading=\"lazy\" class=\"alignleft size-medium wp-image-3656\" src=\"https:\/\/www.ealc.info\/wp-content\/uploads\/2021\/03\/claudia-lackner-198x300.jpg\" alt=\"\" width=\"198\" height=\"300\" srcset=\"https:\/\/www.ealc.info\/wp-content\/uploads\/2021\/03\/claudia-lackner-198x300.jpg 198w, https:\/\/www.ealc.info\/wp-content\/uploads\/2021\/03\/claudia-lackner-768x1163.jpg 768w, https:\/\/www.ealc.info\/wp-content\/uploads\/2021\/03\/claudia-lackner-676x1024.jpg 676w, https:\/\/www.ealc.info\/wp-content\/uploads\/2021\/03\/claudia-lackner.jpg 1212w\" sizes=\"(max-width: 198px) 100vw, 198px\" \/><\/a><\/p>\n<p>Claudia Lackner &#8211; Burgenland<\/p>\n<p><a href=\"https:\/\/www.ealc.info\/wp-content\/uploads\/2021\/03\/Vita_Claudia-Lackner.pdf\">VITA und Kontakt<\/a><\/p>\n<hr \/>\n<h1><span style=\"color: #008000;\"><strong>Ausbildung<\/strong><\/span><\/h1>\n<hr \/>\n<h2><span style=\"color: #0000ff;\">Jagdgebrauchshund<\/span><\/h2>\n<p><a href=\"https:\/\/www.ealc.info\/wp-content\/uploads\/2021\/03\/1074787_539591982755601_219358079_o.jpg\"><img loading=\"lazy\" class=\"size-medium wp-image-3745 alignnone\" src=\"https:\/\/www.ealc.info\/wp-content\/uploads\/2021\/03\/1074787_539591982755601_219358079_o-300x200.jpg\" alt=\"\" width=\"300\" height=\"200\" srcset=\"https:\/\/www.ealc.info\/wp-content\/uploads\/2021\/03\/1074787_539591982755601_219358079_o-300x200.jpg 300w, https:\/\/www.ealc.info\/wp-content\/uploads\/2021\/03\/1074787_539591982755601_219358079_o-768x512.jpg 768w, https:\/\/www.ealc.info\/wp-content\/uploads\/2021\/03\/1074787_539591982755601_219358079_o-1024x683.jpg 1024w, https:\/\/www.ealc.info\/wp-content\/uploads\/2021\/03\/1074787_539591982755601_219358079_o.jpg 2048w\" sizes=\"(max-width: 300px) 100vw, 300px\" \/><\/a><\/p>\n<p>Peter Janke<\/p>\n<p>Jagdschein seit 2005, f\u00fchrt seit 2008 Hunde in der Jagd<\/p>\n<p>2 Catahoulas zur Brauchbarkeitspr\u00fcfung St\u00f6bern und Schwei\u00dfarbeit gef\u00fchrt<\/p>\n<p>Jagdhundeausbilder 2010 in der Kreisj\u00e4gervereinigung G\u00f6ppingen<\/p>\n<p>Kontakt: 0176-5510 5894<\/p>\n<hr \/>\n<p><a href=\"https:\/\/www.ealc.info\/wp-content\/uploads\/2021\/03\/WhatsApp-Image-2021-03-11-at-07.23.18.jpeg\"><img loading=\"lazy\" class=\"size-medium wp-image-3690 alignnone\" src=\"https:\/\/www.ealc.info\/wp-content\/uploads\/2021\/03\/WhatsApp-Image-2021-03-11-at-07.23.18-199x300.jpeg\" alt=\"\" width=\"199\" height=\"300\" srcset=\"https:\/\/www.ealc.info\/wp-content\/uploads\/2021\/03\/WhatsApp-Image-2021-03-11-at-07.23.18-199x300.jpeg 199w, https:\/\/www.ealc.info\/wp-content\/uploads\/2021\/03\/WhatsApp-Image-2021-03-11-at-07.23.18.jpeg 509w\" sizes=\"(max-width: 199px) 100vw, 199px\" \/><\/a><\/p>\n<p>Janine Kretschmann<\/p>\n<p>Jagdschein seit 2017<\/p>\n<p>2 Catahoulas mit Brauchbarkeitspr\u00fcfung in St\u00f6bern und Schwei\u00dfarbeit\u00a0 \u00a0 \u00a0 \u00a0 \u00a0 \u00a0 \u00a0 \u00a0 \u00a0 \u00a0 \u00a0 \u00a0 \u00a0 \u00a0 nach Th\u00fcringer Jagdhundeverordnung (Th\u00fcrJHVO)<\/p>\n<p>Kontakt: 0178-458 7014<\/p>\n<hr \/>\n<h2><span style=\"color: #0000ff;\">Rettungshundearbeit Fl\u00e4chen- und Tr\u00fcmmersuche<\/span><\/h2>\n<p><img loading=\"lazy\" class=\"alignleft wp-image-3798 size-medium\" src=\"https:\/\/www.ealc.info\/wp-content\/uploads\/2021\/03\/161509618_3732144996871176_4322092052997170812_o-181x300.jpg\" alt=\"\" width=\"181\" height=\"300\" srcset=\"https:\/\/www.ealc.info\/wp-content\/uploads\/2021\/03\/161509618_3732144996871176_4322092052997170812_o-181x300.jpg 181w, https:\/\/www.ealc.info\/wp-content\/uploads\/2021\/03\/161509618_3732144996871176_4322092052997170812_o-618x1024.jpg 618w, https:\/\/www.ealc.info\/wp-content\/uploads\/2021\/03\/161509618_3732144996871176_4322092052997170812_o-768x1273.jpg 768w, https:\/\/www.ealc.info\/wp-content\/uploads\/2021\/03\/161509618_3732144996871176_4322092052997170812_o.jpg 801w\" sizes=\"(max-width: 181px) 100vw, 181px\" \/><\/p>\n<p>Anke Boysen<\/p>\n<p>Ausbilderin f\u00fcr Rettungshunde (ASB M\u00fcnchen) seit 2005<\/p>\n<p>Zertifizierte Pr\u00fcferin f\u00fcr Rettungshundeteams seit 2010 (ASB BV)<\/p>\n<p>seit 2007\u00a0 in der Fl\u00e4chen- und Tr\u00fcmmersuche bisher insgesamt 4 Catahoulas gef\u00fchrt.<\/p>\n<p>Kontakt: 0151 1410 1907<\/p>\n<h2><\/h2>\n<hr \/>\n<h2><span style=\"color: #0000ff;\">Mantrailing<\/span><\/h2>\n<p><strong>Stephanie Lang von Langen<\/strong>\u00a0 &#8211; siehe Hundetrainer oben<\/p>\n<p><strong>Tina Profitt<\/strong> &#8211; siehe Hundetrainer oben<\/p>\n<p><strong>Christian Schricker<\/strong> &#8211; siehe Hundetrainer oben<\/p>\n<hr \/>\n<h2><span style=\"color: #0000ff;\">Turnierhundesport<\/span><\/h2>\n<p>Janine Kretschmann (siehe oben)<\/p>\n<p>Sachkundenachweis des DVG (Deutscher Verband der Gebrauchshundesportvereine e.V.)<\/p>\n<p>Kontakt:\u00a00178-458 7014<\/p>\n<p>&nbsp;<\/p>\n<p><strong>Die Seite ist in der Entwicklung und wird laufend erg\u00e4nzt!<\/strong><\/p>","protected":false},"excerpt":{"rendered":"<p>Wie wir alle wissen, stellt uns der Catahoula manchmal vor sehr spezielle Herausforderungen in der Erziehung, im Alltag und in der Ausbildung. Wir m\u00f6chten auf dieser Seite, vorerst f\u00fcr den deutschsprachigen Raum, ein Netzwerk von Hundetrainern\u00a0anbieten, die Mitglieder im EALC &hellip; <a href=\"https:\/\/www.ealc.info\/de\/trainernetzwerk\/\">Weiterlesen <span class=\"meta-nav\">&rarr;<\/span><\/a><\/p>\n","protected":false},"author":1,"featured_media":0,"parent":0,"menu_order":0,"comment_status":"closed","ping_status":"closed","template":"","meta":[],"_links":{"self":[{"href":"https:\/\/www.ealc.info\/de\/wp-json\/wp\/v2\/pages\/3636"}],"collection":[{"href":"https:\/\/www.ealc.info\/de\/wp-json\/wp\/v2\/pages"}],"about":[{"href":"https:\/\/www.ealc.info\/de\/wp-json\/wp\/v2\/types\/page"}],"author":[{"embeddable":true,"href":"https:\/\/www.ealc.info\/de\/wp-json\/wp\/v2\/users\/1"}],"replies":[{"embeddable":true,"href":"https:\/\/www.ealc.info\/de\/wp-json\/wp\/v2\/comments?post=3636"}],"version-history":[{"count":84,"href":"https:\/\/www.ealc.info\/de\/wp-json\/wp\/v2\/pages\/3636\/revisions"}],"predecessor-version":[{"id":4498,"href":"https:\/\/www.ealc.info\/de\/wp-json\/wp\/v2\/pages\/3636\/revisions\/4498"}],"wp:attachment":[{"href":"https:\/\/www.ealc.info\/de\/wp-json\/wp\/v2\/media?parent=3636"}],"curies":[{"name":"wp","href":"https:\/\/api.w.org\/{rel}","templated":true}]}}