{"id":964,"date":"2012-08-02T20:32:41","date_gmt":"2012-08-02T20:32:41","guid":{"rendered":"http:\/\/www.ealc.info\/de\/?page_id=964"},"modified":"2021-06-14T06:01:26","modified_gmt":"2021-06-14T06:01:26","slug":"links","status":"publish","type":"page","link":"https:\/\/www.ealc.info\/de\/links\/","title":{"rendered":"Links"},"content":{"rendered":"<p><\/p>\n<h3><strong><span style=\"color: #ff9900;\">Catahoula-Gesundheit<\/span><\/strong><\/h3>\n<p><span style=\"color: #333333;\"><a href=\"http:\/\/www.biofocus.de\/de\/tier\/hund\/farbvererbung\/\" target=\"_blank\" rel=\"noopener\"><span style=\"color: #333333;\">Merle Gen Test<\/span><\/a>\u00a0 &#8211; Bei Fragen zum Test kontaktieren Sie uns gerne<\/span><\/p>\n<p><span style=\"color: #333333;\"><a href=\"https:\/\/www.ealc.info\/wp-content\/uploads\/2012\/08\/Audiometrie.pdf\" target=\"_blank\" rel=\"noopener\"><span style=\"color: #333333;\">Audiometrie Test\u00a0 <\/span><\/a><\/span><span style=\"color: #333333;\">&#8211; Europ\u00e4ische Adressen von Kliniken und Tier\u00e4rzten, die H\u00f6rtests durchf\u00fchren. Wichtig vor allem\u00a0f\u00fcr Z\u00fcchter.<\/span><\/p>\n<p><span style=\"color: #333333;\"><a href=\"http:\/\/www.offa.org\/hd_procedures.html\" target=\"_blank\" rel=\"noopener\"><span style=\"color: #333333;\">OFA<\/span><\/a><\/span><span style=\"color: #333333;\"><span style=\"color: #333333;\"> H\u00fcftbewertungssystem <\/span><\/span><span style=\"color: #333333;\">&#8211; HD\u00a0 &#8211; H\u00fcftdysplasiea<\/span><\/p>\n<p>&nbsp;<\/p>\n<h3><strong><span style=\"color: #ff9900;\">EALC Mitglieder<\/span><\/strong><\/h3>\n<p><span style=\"color: #3366ff;\"><span style=\"color: #333333;\"><a href=\"http:\/\/www.langvonlangen.com\/\" target=\"_blank\" rel=\"noopener\"><span style=\"color: #333333;\">Stephanie Lang von Langen<\/span><\/a><\/span><\/span><\/p>\n<p><span style=\"color: #333333;\"><a href=\"http:\/\/www.catahoula-leopard-dog.de\/\"><span style=\"color: #333333;\">Country Strong Catahoulas\u00a0<\/span><\/a><\/span><\/p>\n<p><span style=\"color: #333333;\"><a href=\"http:\/\/besavej.webnode.cz\/\" target=\"_blank\" rel=\"noopener\"><span style=\"color: #333333;\">Besavej Catahoulas<\/span><\/a><\/span><\/p>\n<p><a href=\"http:\/\/www.fairmatecatahoulas.com\/\" target=\"_blank\" rel=\"noopener\"><span style=\"color: #333333;\"><span style=\"color: #333333;\">Fair Mate Catahoulas<span style=\"color: #333333;\">\u00a0<\/span><\/span><\/span><\/a><\/p>\n<p><a href=\"http:\/\/www.zulu-nandi.de\/\" target=\"_blank\" rel=\"noopener\"><span style=\"color: #333333;\">Zulu-Nandi<\/span><\/a><\/p>\n<p><span style=\"color: #333333;\"><a href=\"http:\/\/www.maskacatahoulas.com\/\" target=\"_blank\" rel=\"noopener\"><span style=\"color: #333333;\">Maska Catahoulas<\/span><\/a><\/span><\/p>\n<p><span style=\"color: #333333;\"><span style=\"color: #333333;\">\u00a0<\/span><\/span><\/p>","protected":false},"excerpt":{"rendered":"<p>Catahoula-Gesundheit Merle Gen Test\u00a0 &#8211; Bei Fragen zum Test kontaktieren Sie uns gerne Audiometrie Test\u00a0 &#8211; Europ\u00e4ische Adressen von Kliniken und Tier\u00e4rzten, die H\u00f6rtests durchf\u00fchren. Wichtig vor allem\u00a0f\u00fcr Z\u00fcchter. OFA H\u00fcftbewertungssystem &#8211; HD\u00a0 &#8211; H\u00fcftdysplasiea &nbsp; EALC Mitglieder Stephanie Lang &hellip; <a href=\"https:\/\/www.ealc.info\/de\/links\/\">Weiterlesen <span class=\"meta-nav\">&rarr;<\/span><\/a><\/p>\n","protected":false},"author":1,"featured_media":0,"parent":0,"menu_order":90,"comment_status":"closed","ping_status":"closed","template":"","meta":[],"_links":{"self":[{"href":"https:\/\/www.ealc.info\/de\/wp-json\/wp\/v2\/pages\/964"}],"collection":[{"href":"https:\/\/www.ealc.info\/de\/wp-json\/wp\/v2\/pages"}],"about":[{"href":"https:\/\/www.ealc.info\/de\/wp-json\/wp\/v2\/types\/page"}],"author":[{"embeddable":true,"href":"https:\/\/www.ealc.info\/de\/wp-json\/wp\/v2\/users\/1"}],"replies":[{"embeddable":true,"href":"https:\/\/www.ealc.info\/de\/wp-json\/wp\/v2\/comments?post=964"}],"version-history":[{"count":86,"href":"https:\/\/www.ealc.info\/de\/wp-json\/wp\/v2\/pages\/964\/revisions"}],"predecessor-version":[{"id":4349,"href":"https:\/\/www.ealc.info\/de\/wp-json\/wp\/v2\/pages\/964\/revisions\/4349"}],"wp:attachment":[{"href":"https:\/\/www.ealc.info\/de\/wp-json\/wp\/v2\/media?parent=964"}],"curies":[{"name":"wp","href":"https:\/\/api.w.org\/{rel}","templated":true}]}}