{"id":2965,"date":"2018-03-05T19:34:39","date_gmt":"2018-03-05T19:34:39","guid":{"rendered":"http:\/\/www.ealc.info\/de\/?page_id=2965"},"modified":"2024-12-29T08:46:36","modified_gmt":"2024-12-29T08:46:36","slug":"zuechter-und-notfelle","status":"publish","type":"page","link":"https:\/\/www.ealc.info\/en\/breeder-within-the-ealc-2\/","title":{"rendered":"Breeder and Rescue"},"content":{"rendered":"<p>Of course there are also responsible <a href=\"https:\/\/www.ealc.info\/en\/breed\/\">Lousiana Catahoula Leopard Dog<\/a> breeders outside the EALC. But please be critical! Do not buy from &#8220;multipliers&#8221;. Ask the right questions!\u00a0 \u00a0 \u00a0 \u00a0 \u00a0 \u00a0 A few important tips can be found on this <a href=\"https:\/\/www.ealc.info\/de\/zuechtercheck\/\">breeder check<\/a>!<\/p>\n<p>For additions please contact us\u00a0 \u2013 <a href=\"mailto:catahoula@ealc.info\">catahoula@ealc.info<\/a><\/p>\n<p>Click her for<a href=\"https:\/\/www.ealc.info\/de\/deckrueden\/\"> Stud dogs within EALC<\/a><\/p>\n<hr \/>\n<h2><strong><span style=\"color: #333399;\">Breeder within the EALC:<\/span><\/strong><\/h2>\n<h3><strong><span style=\"color: #333399;\">Austria<\/span><\/strong><\/h3>\n<hr \/>\n<h3><strong><span style=\"color: #333399;\">Belgium<\/span><\/strong><\/h3>\n<p style=\"padding-left: 30px;\"><strong>Diversity\u00b4s Catahoulas <\/strong>(see also under Hungary)<\/p>\n<p style=\"padding-left: 30px;\">Breeder: Danielle van Praag<\/p>\n<p style=\"padding-left: 30px;\">NALC-registered Kennel<\/p>\n<p style=\"padding-left: 30px;\"><a href=\"https:\/\/www.facebook.com\/diversitysleopard\/\">Facebook<\/a><\/p>\n<p>\u00a0 \u00a0 \u00a0 \u00a0Website:\u00a0<a href=\"http:\/\/www.leoparddog.hu\/\" target=\"_blank\" rel=\"noopener noreferrer\">www.leoparddog.hu<\/a><\/p>\n<p style=\"padding-left: 30px;\">E-Mail: <a href=\"mailto:daniellevanpraag@hotmail.com\">daniellevanpraag@hotmail.com\u00a0<\/a>(Belgian, English)<\/p>\n<hr \/>\n<h3><strong><span style=\"color: #333399;\">Czech Republic<\/span><\/strong><\/h3>\n<p style=\"padding-left: 30px;\"><strong>Besavej Catahoulas<\/strong><\/p>\n<p style=\"padding-left: 30px;\">Breeder: Helena Synkova<\/p>\n<p style=\"padding-left: 30px;\">NALC registered kennel<\/p>\n<p style=\"padding-left: 30px;\"><a href=\"https:\/\/www.facebook.com\/Catahoula.Besavej.cz\/\">Facebook<\/a><\/p>\n<p style=\"padding-left: 30px;\">Website: <a href=\"https:\/\/besavej.webnode.cz\/\">https:\/\/besavej.webnode.cz\/<\/a><\/p>\n<p style=\"padding-left: 30px;\">E-Mail: <a href=\"mailto:hkoutkova@volny.cz\">hkoutkova@volny.cz<\/a> (Czech, English)<\/p>\n<hr \/>\n<h3><strong><span style=\"color: #333399;\">Germany<\/span><\/strong><\/h3>\n<p style=\"text-align: left; padding-left: 30px;\"><strong>Phoenix Rising Catahoulas<\/strong><\/p>\n<p style=\"text-align: left; padding-left: 30px;\">Breeder: Tina Profitt<\/p>\n<p style=\"text-align: left; padding-left: 30px;\">NALC registered kennel<\/p>\n<p style=\"text-align: left; padding-left: 30px;\"><a href=\"https:\/\/www.facebook.com\/PhoenixRisingCatahoulas\">Facebook<\/a><\/p>\n<p style=\"text-align: left; padding-left: 30px;\">Website:\u00a0<a href=\"https:\/\/phoenixrisingcatahoulas.de\">https:\/\/phoenixrisingcatahoulas.de<\/a><\/p>\n<p style=\"text-align: left; padding-left: 30px;\">E-Mail: catahoula@gmx.de (German, English, Czech, Afrikaans)<\/p>\n<p style=\"text-align: left; padding-left: 30px;\">Phone:\u00a0+49\u00a0 176 304 98 516 (German, English, Czech, Afrikaans)<\/p>\n<p>&nbsp;<\/p>\n<p style=\"padding-left: 30px;\"><strong>Wakan Tanka Catahoulas<\/strong><\/p>\n<p style=\"padding-left: 30px;\">Breeder: Dr. Frauke K\u00f6hler<\/p>\n<p style=\"padding-left: 30px;\">NALC-registered Kennel<\/p>\n<p style=\"padding-left: 30px;\"><a href=\"https:\/\/www.facebook.com\/Wakan-Tanka-Catahoulas-374320042973682\/\">Facebook<\/a><\/p>\n<p style=\"padding-left: 30px;\">E-Mail: \u00a0<span lang=\"EN-US\"><a href=\"mailto:frauke.koehler@gmx.de\"><span lang=\"DE\">frauke.koehler@gmx.de<\/span><\/a><\/span> (Deutsch, English)<\/p>\n<p>\u00a0 \u00a0 \u00a0 \u00a0Phone:\u00a0 +49 177-6634960 (Deutsch, English)<\/p>\n<p>&nbsp;<\/p>\n<p style=\"padding-left: 30px;\"><strong>Catahoulas aus dem Ulstertal<\/strong><\/p>\n<p style=\"padding-left: 30px;\">Breeder: Yvonne Molter<\/p>\n<p style=\"padding-left: 30px;\">NALC registered kennel<\/p>\n<p style=\"padding-left: 30px;\"><a href=\"https:\/\/www.facebook.com\/Yvomol\/\">Facebook<\/a><\/p>\n<p style=\"padding-left: 30px;\">E-Mail: <a href=\"mailto:yvonnemolter@me.com\">yvonnemolter@me.com<\/a> (German, English)<\/p>\n<p>&nbsp;<\/p>\n<p style=\"padding-left: 30px;\"><strong>Elchschaufel\u00b4s Catahoulas<\/strong><\/p>\n<p style=\"padding-left: 30px;\">Breeder: Gerlind Roericht<\/p>\n<p style=\"padding-left: 30px;\">NALC registered kennel<\/p>\n<p style=\"padding-left: 30px;\">E-Mail: <a href=\"mailto:elchschaufelgr@aol.com\">elchschaufelgr@aol.com<\/a> (German, English)<\/p>\n<p>\u00a0 \u00a0 \u00a0 \u00a0Tel. +49 35363 240<\/p>\n<hr \/>\n<h3><strong><span style=\"color: #000080;\">Latvia<\/span><\/strong><\/h3>\n<p style=\"padding-left: 40px;\"><strong>Sun Apalachee\u00b4s Catahoulas<\/strong><\/p>\n<p style=\"padding-left: 40px;\">Breeder: Marta Necka<\/p>\n<p style=\"padding-left: 40px;\">NALC-registered Kennel<\/p>\n<p style=\"padding-left: 40px;\"><a href=\"https:\/\/www.facebook.com\/apalacheecatahoulas\">Facebook<\/a><\/p>\n<p style=\"padding-left: 40px;\">E-Mail:<a href=\"mailto:necmarga@gmail.com\">\u00a0necmarga@gmail.com\u00a0<\/a>(Latvian, English)<\/p>\n<p style=\"padding-left: 40px;\">Phone: +371 29 87 8846 (only WhatsApp \u2013 Latvian, English)<\/p>\n<hr \/>\n<h3><strong><span style=\"color: #333399;\">Hungary<\/span><\/strong><\/h3>\n<p style=\"padding-left: 30px;\"><strong>Delight Catahoulas<\/strong><\/p>\n<p style=\"padding-left: 30px;\">Breeder: Petra P\u00e1sztor<\/p>\n<p style=\"padding-left: 30px;\">NALC-registered Kennel<\/p>\n<p style=\"padding-left: 30px;\"><a href=\"https:\/\/www.facebook.com\/delightleopard\/\">Facebook<\/a><\/p>\n<p>\u00a0 \u00a0 \u00a0 \u00a0 Website:\u00a0<a href=\"http:\/\/leopard.dog\/\">http:\/\/leopard.dog\/<\/a><\/p>\n<p style=\"padding-left: 30px;\">E-Mail:\u00a0<a href=\"mailto:pasztor.petra85@gmail.com\">pasztor.petra85@gmail.com<\/a>\u00a0(Hungarian, English)<\/p>\n<p>&nbsp;<\/p>\n<p style=\"padding-left: 30px;\"><strong>Diversity\u00b4s Catahoulas<\/strong><\/p>\n<p style=\"padding-left: 30px;\">Breeder:\u00a0Zs\u00f3fia T\u00f3bi\u00e1s<\/p>\n<p style=\"padding-left: 30px;\">NALC-registered Kennel<\/p>\n<p style=\"padding-left: 30px;\"><a href=\"https:\/\/www.facebook.com\/diversitysleopard\/\">Facebook<\/a><\/p>\n<p>\u00a0 \u00a0 \u00a0 \u00a0Website:\u00a0<a href=\"http:\/\/www.leoparddog.hu\/\" target=\"_blank\" rel=\"noopener noreferrer\">www.leoparddog.hu<\/a><\/p>\n<p style=\"padding-left: 30px;\">E-Mail: <a href=\"mailto:zsofi.tobias@gmail.com\">zsofi.tobias@gmail.com\u00a0<\/a>(Hungarian, English)<\/p>\n<hr \/>\n<h3><strong><span style=\"color: #333399;\">Netherlands<\/span><\/strong><\/h3>\n<h3 dir=\"auto\" style=\"padding-left: 40px;\"><strong>Clan Catahoulas<\/strong><\/h3>\n<h3 dir=\"auto\" style=\"padding-left: 40px;\">Breeder: Faye Meddeler<\/h3>\n<h3 dir=\"auto\" style=\"padding-left: 40px;\">NALC registered kennel<\/h3>\n<h3 dir=\"auto\" style=\"padding-left: 40px;\">Facebook &amp; Instagram : Clancatahoula<\/h3>\n<h3 dir=\"auto\" style=\"padding-left: 40px;\">Website:\u00a0<a href=\"http:\/\/www.clancatahoula.com\/\" target=\"_blank\" rel=\"noopener\">www.clancatahoula.com<\/a><\/h3>\n<h3 dir=\"auto\" style=\"padding-left: 40px;\">E-mail: <a class=\"mailto-link\" href=\"mailto:Clancatahoula@gmail.com\" target=\"_blank\" rel=\"noopener\">Clancatahoula@gmail.com<\/a><\/h3>\n<h3 dir=\"auto\" style=\"padding-left: 40px;\">(Dutch, English, German)<\/h3>\n<h3 dir=\"auto\" style=\"padding-left: 40px;\">Phone: +31624327278<\/h3>\n<p>&nbsp;<\/p>\n<p style=\"padding-left: 30px;\"><strong>Cold Track Catahoulas<\/strong><\/p>\n<p style=\"padding-left: 30px;\">Breeder: Johanna Holleman<\/p>\n<p style=\"padding-left: 30px;\">NALC registered kennel<\/p>\n<p style=\"padding-left: 30px;\"><a href=\"https:\/\/www.facebook.com\/coldtrackcatahoulas\/\">Facebook<\/a><\/p>\n<p style=\"padding-left: 30px;\">E-Mail: <a href=\"mailto:johannaholleman@hotmail.com\">johannaholleman@hotmail.com\u00a0<\/a>(Dutch, English)<\/p>\n<p>&nbsp;<\/p>\n<p style=\"padding-left: 30px;\"><strong>Dutch Dynasty Catahoulas<\/strong><\/p>\n<p style=\"padding-left: 30px;\">Breeder: Marlon Boogaard<\/p>\n<p style=\"padding-left: 30px;\">NALC registered kennel<\/p>\n<p style=\"padding-left: 30px;\"><a href=\"https:\/\/m.facebook.com\/people\/Dutch-Dynasty-Catahoulas\/100069550477903\/\">Facebook<\/a><\/p>\n<p>\u00a0 \u00a0 \u00a0 \u00a0 Instagram: <a href=\"https:\/\/www.instagram.com\/dutch_dynasty_catahoulas\/\">https:\/\/www.instagram.com\/dutch_dynasty_catahoulas\/<\/a><\/p>\n<p style=\"padding-left: 30px;\">E-Mail: <a href=\"mailto:info@dutchdynastycatahoula.nl\">info@dutchdynastycatahoula.nl\u00a0<\/a> (Dutch, English)<\/p>\n<p>\u00a0 \u00a0 \u00a0 \u00a0Website: <a class=\"xogfrqt x1slwz57 x1bvjpef\" href=\"http:\/\/www.dutchdynastycatahoula.nl\" target=\"_blank\" rel=\"nofollow noopener\" data-lynx-mode=\"hover\">www.dutchdynastycatahoula.nl<\/a><\/p>\n<p>Phone: +31658910115<\/p>\n<p>&nbsp;<\/p>\n<hr \/>\n<h3><strong><span style=\"color: #333399;\">Poland<\/span><\/strong><\/h3>\n<p style=\"padding-left: 30px;\"><strong>Dijdog Catahoulas<\/strong><\/p>\n<p style=\"padding-left: 30px;\">Breeder: Agnieszka Pieleszek<\/p>\n<p style=\"padding-left: 30px;\">NALC registered kennel<\/p>\n<p style=\"padding-left: 30px;\"><a href=\"https:\/\/www.facebook.com\/DijdogKennel\/\">Facebook<\/a><\/p>\n<p style=\"padding-left: 30px;\">E-Mail: <a href=\"mailto:aga.pieleszek@gmail.com\">aga.pieleszek@gmail.com<\/a> (Polish, English)<\/p>\n<p style=\"padding-left: 30px;\">Phone: +48 508 319 398<\/p>\n<hr \/>\n<h3><strong><span style=\"color: #333399;\">Rumania<\/span><\/strong><\/h3>\n<p style=\"padding-left: 30px;\"><strong>Count Dracula Kennel<\/strong><\/p>\n<p style=\"padding-left: 30px;\">Breeder: Szilard Gnandt<\/p>\n<p style=\"padding-left: 30px;\">NALC registered kennel<\/p>\n<p style=\"padding-left: 30px;\"><a href=\"https:\/\/www.facebook.com\/leoparddogromania\/\">Facebook<\/a><\/p>\n<p style=\"padding-left: 30px;\">E-Mail: gnandt.szilard@yahoo.com (Romanian, English, Hungarian)<\/p>\n<p style=\"padding-left: 30px;\">Phone:\u00a0+40 745 475 921 (Rumanian, Hungarian, English)<\/p>\n<hr \/>\n<h3><strong><span style=\"color: #333399;\">Slovakia<\/span><\/strong><\/h3>\n<p style=\"padding-left: 30px;\"><strong>Ayra Aranel\u00b4s Catahoulas<\/strong><\/p>\n<p style=\"padding-left: 30px;\">Breeder: Jarmila Englichova<\/p>\n<p style=\"padding-left: 30px;\">NALC registered kennel<\/p>\n<p style=\"padding-left: 30px;\"><a href=\"https:\/\/www.facebook.com\/profile.php?id=100006915316071\">Facebook<\/a><\/p>\n<p style=\"padding-left: 30px;\">Website: <a href=\"http:\/\/louisianskyleopardipes.sk\/\">http:\/\/louisianskyleopardipes.sk\/<\/a><\/p>\n<p style=\"padding-left: 30px;\">E-Mail: <a href=\"mailto:jarmila.englichova@gmail.com\">jarmila.englichova@gmail.com<\/a> (English, Slovak, Czech)<\/p>\n<hr \/>\n<h3><strong><span style=\"color: #333399;\">Slovenia<\/span><\/strong><\/h3>\n<p><strong>\u00a0 \u00a0 \u00a0 \u00a0DAM\u00b4s Catahoulas<\/strong><\/p>\n<p style=\"padding-left: 30px;\">Breeder:\u00a0Ur\u0161a Stare<\/p>\n<p style=\"padding-left: 30px;\">NALC registered kennel<\/p>\n<p style=\"padding-left: 30px;\"><a href=\"https:\/\/www.facebook.com\/catahoula.si\">Facebook<\/a><\/p>\n<p style=\"padding-left: 30px;\">Website: <a href=\"http:\/\/www.catahoula-slovenia.si\/index.php\/en\/\">http:\/\/www.catahoula-slovenia.si\/index.php\/en\/<\/a><\/p>\n<p style=\"padding-left: 30px;\">E-Mail: <a href=\"mailto:catahoula.si@gmail.com\">catahoula.si@gmail.com<\/a> (English also)<\/p>\n<p><\/p>","protected":false},"excerpt":{"rendered":"<p>Of course there are also responsible Lousiana Catahoula Leopard Dog breeders outside the EALC. But please be critical! Do not buy from &#8220;multipliers&#8221;. Ask the right questions!\u00a0 \u00a0 \u00a0 \u00a0 \u00a0 \u00a0 A few important tips can be found on &hellip; <a href=\"https:\/\/www.ealc.info\/en\/breeder-within-the-ealc-2\/\">Continue reading <span class=\"meta-nav\">&rarr;<\/span><\/a><\/p>\n","protected":false},"author":1,"featured_media":0,"parent":0,"menu_order":0,"comment_status":"closed","ping_status":"closed","template":"","meta":[],"_links":{"self":[{"href":"https:\/\/www.ealc.info\/en\/wp-json\/wp\/v2\/pages\/2965"}],"collection":[{"href":"https:\/\/www.ealc.info\/en\/wp-json\/wp\/v2\/pages"}],"about":[{"href":"https:\/\/www.ealc.info\/en\/wp-json\/wp\/v2\/types\/page"}],"author":[{"embeddable":true,"href":"https:\/\/www.ealc.info\/en\/wp-json\/wp\/v2\/users\/1"}],"replies":[{"embeddable":true,"href":"https:\/\/www.ealc.info\/en\/wp-json\/wp\/v2\/comments?post=2965"}],"version-history":[{"count":199,"href":"https:\/\/www.ealc.info\/en\/wp-json\/wp\/v2\/pages\/2965\/revisions"}],"predecessor-version":[{"id":4593,"href":"https:\/\/www.ealc.info\/en\/wp-json\/wp\/v2\/pages\/2965\/revisions\/4593"}],"wp:attachment":[{"href":"https:\/\/www.ealc.info\/en\/wp-json\/wp\/v2\/media?parent=2965"}],"curies":[{"name":"wp","href":"https:\/\/api.w.org\/{rel}","templated":true}]}}